{"id":1253,"date":"2020-10-11T12:22:13","date_gmt":"2020-10-11T12:22:13","guid":{"rendered":"https:\/\/rado-design.at\/?page_id=1253"},"modified":"2022-11-15T15:26:13","modified_gmt":"2022-11-15T15:26:13","slug":"ueber-mich","status":"publish","type":"page","link":"https:\/\/rado-design.at\/de_de\/ueber-mich\/","title":{"rendered":"\u00dcber mich"},"content":{"rendered":"<div class=\"wpb-content-wrapper\"><div class=\"vc_row wpb_row vc_row-fluid\"><div class=\"wpb_column vc_column_container vc_col-sm-4\"><div class=\"vc_column-inner\"><div class=\"wpb_wrapper\"><\/div><\/div><\/div><div class=\"wpb_column vc_column_container vc_col-sm-4\"><div class=\"vc_column-inner\"><div class=\"wpb_wrapper\"><h2 style=\"text-align: center;font-family:Abril Fatface;font-weight:400;font-style:normal\" class=\"vc_custom_heading default\">Zsanett Rado<\/h2><div class=\"vc_empty_space\"   style=\"height: 32px\"><span class=\"vc_empty_space_inner\"><\/span><\/div><\/div><\/div><\/div><div class=\"wpb_column vc_column_container vc_col-sm-4\"><div class=\"vc_column-inner\"><div class=\"wpb_wrapper\"><\/div><\/div><\/div><\/div><div class=\"vc_row wpb_row vc_row-fluid\"><div class=\"wpb_column vc_column_container vc_col-sm-6\"><div class=\"vc_column-inner\"><div class=\"wpb_wrapper\">\n\t<div  class=\"wpb_single_image wpb_content_element vc_align_left wpb_content_element\">\n\t\t\n\t\t<figure class=\"wpb_wrapper vc_figure\">\n\t\t\t<div class=\"vc_single_image-wrapper   vc_box_border_grey\"><img loading=\"lazy\" decoding=\"async\" width=\"768\" height=\"1024\" src=\"https:\/\/rado-design.at\/wp-content\/uploads\/2022\/11\/Zsanett_2455-768x1024.jpg\" class=\"vc_single_image-img attachment-large\" alt=\"Zsanett Rado\" title=\"Zsanett Rado\" srcset=\"https:\/\/rado-design.at\/wp-content\/uploads\/2022\/11\/Zsanett_2455-768x1024.jpg 768w, https:\/\/rado-design.at\/wp-content\/uploads\/2022\/11\/Zsanett_2455-225x300.jpg 225w, https:\/\/rado-design.at\/wp-content\/uploads\/2022\/11\/Zsanett_2455-1152x1536.jpg 1152w, https:\/\/rado-design.at\/wp-content\/uploads\/2022\/11\/Zsanett_2455-9x12.jpg 9w, https:\/\/rado-design.at\/wp-content\/uploads\/2022\/11\/Zsanett_2455-600x800.jpg 600w, https:\/\/rado-design.at\/wp-content\/uploads\/2022\/11\/Zsanett_2455.jpg 1200w\" sizes=\"auto, (max-width: 768px) 100vw, 768px\" \/><\/div>\n\t\t<\/figure>\n\t<\/div>\n<\/div><\/div><\/div><div class=\"wpb_column vc_column_container vc_col-sm-6\"><div class=\"vc_column-inner\"><div class=\"wpb_wrapper\">\n\t<div class=\"wpb_text_column wpb_content_element\" >\n\t\t<div class=\"wpb_wrapper\">\n\t\t\t<p>Ich heisse Zsanett Rado, bin die Gr\u00fcnderin, Inhaberin und Designerin\u00a0von Rado-Design. Ich begr\u00fc\u00dfe Dich herzlich in meiner \u201eblumigen Welt \u201c.<\/p>\n<p>Die Liebe zu Blumen begleitet mich schon mein ganzes Leben lang. Durch meinen erlernten Beruf als Glasmalerin achtete ich immer schon auf die feinen Details meiner Arbeiten.<\/p>\n<p>Seit 2016 designe und fertige ich Haarschmuck an, ob f\u00fcr eine Hochzeit, Erstkommunion, Ball, Abend Event oder einfach nur so. Die W\u00fcnsche der Frauen kennen keine Grenzen, aber ich erf\u00fclle diese sch\u00f6nen Herausforderungen mit voller Hingabe.<\/p>\n<p>Mein erster Perlen &#8211; Haarschmuck war eine Sonderanfertigung f\u00fcr eine extravagante russische Winter-Hochzeit. Seitdem ist diese besondere Handwerk nicht nur meine Berufung sondern auch meine Leidenschaft geworden.<\/p>\n<p>Meine Philosophie ist, etwas Au\u00dfergew\u00f6hnliches zu schaffen. Meine unverkennbare Handschrift l\u00e4sst meine, mit Aquarell oder Lack bemalten Blumen zu etwas Einzigartigem werden.<\/p>\n<p>Somit ist jedes von mir entworfene und angefertigte Headpiece ein Einzelst\u00fcck, ob Blumenhaarkranz, Haarreif oder eine kleine Haarnadel\u2026<\/p>\n<p>F\u00fcr meine Kollektionen verwende ich ausschlie\u00dflich handverlesene und hochwertige Materialien, wie\u00a0S\u00fc\u00dfwasserperlen, CRYSTALIZED ELEMENTS von Swarovski, Glaswachsperlen, facettierte Glasperlen.<\/p>\n<p>Ich freue mich auf jede einzelne gl\u00fcckliche Frau oder zuk\u00fcnftige Braut, die mich mit ihren Ideen inspiriert und mir die M\u00f6glichkeit gibt, ihre \u201eFantasien\u201c zu verwirklichen.<\/p>\n<p>Es erf\u00fcllt mich mit Freude, wenn mir meine Kundinnen das Vertrauen schenken, und meine Haarschmuck Kreationen ein Teil von ihren besonderen Momenten sein d\u00fcrfen.<\/p>\n<p>Blumige Gr\u00fc\u00dfe<\/p>\n<p>Eure Zsanett<\/p>\n\n\t\t<\/div>\n\t<\/div>\n<\/div><\/div><\/div><\/div><div class=\"vc_row wpb_row vc_row-fluid vc_custom_1539155630366\"><div class=\"wpb_column vc_column_container vc_col-sm-6\"><div class=\"vc_column-inner\"><div class=\"wpb_wrapper\"><div class=\"vc_row wpb_row vc_inner vc_row-fluid\"><div class=\"wpb_column vc_column_container vc_col-sm-12\"><div class=\"vc_column-inner\"><div class=\"wpb_wrapper\"><h2 style=\"text-align: left\" class=\"vc_custom_heading heading_style_6\">Kontaktiere mich<\/h2>\n\t<div class=\"wpb_text_column wpb_content_element\" >\n\t\t<div class=\"wpb_wrapper\">\n\t\t\t<p>Vereinbare mit mir einen Termin und ich berate Dich gerne!<br \/>\nIch freue mich auf Deine Anfrage!<\/p>\n\n\t\t<\/div>\n\t<\/div>\n<\/div><\/div><\/div><\/div><div class=\"vc_row wpb_row vc_inner vc_row-fluid\"><div class=\"wpb_column vc_column_container vc_col-sm-12\"><div class=\"vc_column-inner\"><div class=\"wpb_wrapper\">                        <div class=\"  \">\n                <div class=\"footer-contact-shortcode-wrap style_2 \">\n    <div class=\"footer-contact-content\">\n        <ul class=\"contact-information\">\n                                <li>\n                        <span class=\"contact-icon fas fa-map-marker-alt\"><\/span>\n                        <span class=\"contact-label\">Shop Adresse<\/span>\n                        <span class=\"contact-description\">Frauengasse 10, 2500 Baden bei Wien \/ Austria<\/span>\n                    <\/li>\n                                <li>\n                        <span class=\"contact-icon fas fa-phone-alt\"><\/span>\n                        <span class=\"contact-label\">Telefon<\/span>\n                        <span class=\"contact-description\">+43 660 47 46 165\n<\/span>\n                    <\/li>\n                                <li>\n                        <span class=\"contact-icon fas fa-envelope-open\"><\/span>\n                        <span class=\"contact-label\">Email<\/span>\n                        <span class=\"contact-description\">office@rado-design.at<\/span>\n                    <\/li>\n                    <\/ul>\n    <\/div>\n<\/div>            <\/div>\n                                            <div class=\" vc_custom_1603017255547  \">\n                <div class=\"footer-social-shortcode-wrap style_2 \">\n    <div class=\"footer-social-content\">\n        <ul class=\"social-list align-left\">\n                                                    <li>\n                        <a href=\"https:\/\/www.facebook.com\/Zsanett-Rado-Design-219802675477221\" target=\"_blank\"><i class=\"fab fa-facebook-square\"><\/i><\/a>\n                    <\/li>\n                                                                        <li>\n                        <a href=\"https:\/\/www.instagram.com\/rado_zsanett_design\/\" target=\"_blank\"><i class=\"fab fa-instagram\"><\/i><\/a>\n                    <\/li>\n                                        <\/ul>\n    <\/div>\n<\/div>            <\/div>\n                    <\/div><\/div><\/div><\/div><\/div><\/div><\/div><div class=\"wpb_column vc_column_container vc_col-sm-6\"><div class=\"vc_column-inner\"><div class=\"wpb_wrapper\"><div class=\"vc_row wpb_row vc_inner vc_row-fluid\"><div class=\"wpb_column vc_column_container vc_col-sm-12\"><div class=\"vc_column-inner\"><div class=\"wpb_wrapper\"><h2 style=\"text-align: left\" class=\"vc_custom_heading heading_style_6\">Schreib mir<\/h2>\n\t<div class=\"wpb_text_column wpb_content_element\" >\n\t\t<div class=\"wpb_wrapper\">\n\t\t\t<p>Wenn du Fragen hast, kannst du dich gerne an uns wenden. Wir werden dir so schnell wie m\u00f6glich antworten. Dankesch\u00f6n!<\/p>\n\n\t\t<\/div>\n\t<\/div>\n<\/div><\/div><\/div><\/div><div class=\"vc_row wpb_row vc_inner vc_row-fluid\"><div class=\"wpb_column vc_column_container vc_col-sm-12\"><div class=\"vc_column-inner\"><div class=\"wpb_wrapper\">\n<div class=\"wpcf7 no-js\" id=\"wpcf7-f246-o1\" lang=\"en-US\" dir=\"ltr\" data-wpcf7-id=\"246\">\n<div class=\"screen-reader-response\"><p role=\"status\" aria-live=\"polite\" aria-atomic=\"true\"><\/p> <ul><\/ul><\/div>\n<form action=\"\/de_de\/wp-json\/wp\/v2\/pages\/1253#wpcf7-f246-o1\" method=\"post\" class=\"wpcf7-form init\" aria-label=\"Contact form\" novalidate=\"novalidate\" data-status=\"init\">\n<fieldset class=\"hidden-fields-container\"><input type=\"hidden\" name=\"_wpcf7\" value=\"246\" \/><input type=\"hidden\" name=\"_wpcf7_version\" value=\"6.1.5\" \/><input type=\"hidden\" name=\"_wpcf7_locale\" value=\"en_US\" \/><input type=\"hidden\" name=\"_wpcf7_unit_tag\" value=\"wpcf7-f246-o1\" \/><input type=\"hidden\" name=\"_wpcf7_container_post\" value=\"0\" \/><input type=\"hidden\" name=\"_wpcf7_posted_data_hash\" value=\"\" \/>\n<\/fieldset>\n<div class=\"contact-form\">\n\t<div class=\"contact-name\">\n\t\t<div>\n\t\t\t<p><span class=\"wpcf7-form-control-wrap\" data-name=\"your-name\"><input size=\"40\" maxlength=\"400\" class=\"wpcf7-form-control wpcf7-text wpcf7-validates-as-required\" aria-required=\"true\" aria-invalid=\"false\" placeholder=\"Your name *\" value=\"\" type=\"text\" name=\"your-name\" \/><\/span>\n\t\t\t<\/p>\n\t\t<\/div>\n\t<\/div>\n\t<div class=\"contact-email\">\n\t\t<div>\n\t\t\t<p><span class=\"wpcf7-form-control-wrap\" data-name=\"your-email\"><input size=\"40\" maxlength=\"400\" class=\"wpcf7-form-control wpcf7-email wpcf7-validates-as-required wpcf7-text wpcf7-validates-as-email\" aria-required=\"true\" aria-invalid=\"false\" placeholder=\"Your email *\" value=\"\" type=\"email\" name=\"your-email\" \/><\/span>\n\t\t\t<\/p>\n\t\t<\/div>\n\t<\/div>\n\t<div class=\"contact-subject\">\n\t\t<div>\n\t\t\t<p><span class=\"wpcf7-form-control-wrap\" data-name=\"your-subject\"><input size=\"40\" maxlength=\"400\" class=\"wpcf7-form-control wpcf7-text\" aria-invalid=\"false\" placeholder=\"Subject\" value=\"\" type=\"text\" name=\"your-subject\" \/><\/span>\n\t\t\t<\/p>\n\t\t<\/div>\n\t<\/div>\n\t<div class=\"contact-message\">\n\t\t<div>\n\t\t\t<p><span class=\"wpcf7-form-control-wrap\" data-name=\"your-message\"><textarea cols=\"40\" rows=\"5\" maxlength=\"2000\" class=\"wpcf7-form-control wpcf7-textarea\" aria-invalid=\"false\" placeholder=\"Message\" name=\"your-message\"><\/textarea><\/span>\n\t\t\t<\/p>\n\t\t<\/div>\n\t<\/div>\n\t<div class=\"contact-submit\">\n\t\t<p><input class=\"wpcf7-form-control wpcf7-submit has-spinner\" type=\"submit\" value=\"Send Message\" \/>\n\t\t<\/p>\n\t<\/div>\n<\/div><div class=\"wpcf7-response-output\" aria-hidden=\"true\"><\/div>\n<\/form>\n<\/div>\n<\/div><\/div><\/div><\/div><\/div><\/div><\/div><\/div><div data-vc-full-width=\"true\" data-vc-full-width-init=\"false\" data-vc-stretch-content=\"true\" class=\"vc_row wpb_row vc_row-fluid vc_row-no-padding\"><div class=\"wpb_column vc_column_container vc_col-sm-12\"><div class=\"vc_column-inner\"><div class=\"wpb_wrapper\"><\/div><\/div><\/div><\/div><div class=\"vc_row-full-width vc_clearfix\"><\/div>\n<\/div>","protected":false},"excerpt":{"rendered":"Zsanett Rado Ich heisse Zsanett Rado, bin die Gr\u00fcnderin, Inhaberin und Designerin\u00a0von Rado-Design. Ich begr\u00fc\u00dfe Dich herzlich in meiner \u201eblumigen Welt \u201c. Die Liebe zu Blumen begleitet mich schon mein ganzes Leben lang. Durch meinen erlernten Beruf als Glasmalerin achtete ich immer schon auf die feinen Details meiner Arbeiten. Seit 2016 designe und fertige ich [...]","protected":false},"author":1,"featured_media":0,"parent":0,"menu_order":0,"comment_status":"closed","ping_status":"closed","template":"","meta":{"footnotes":""},"class_list":["post-1253","page","type-page","status-publish","hentry","clearfix"],"_links":{"self":[{"href":"https:\/\/rado-design.at\/de_de\/wp-json\/wp\/v2\/pages\/1253","targetHints":{"allow":["GET"]}}],"collection":[{"href":"https:\/\/rado-design.at\/de_de\/wp-json\/wp\/v2\/pages"}],"about":[{"href":"https:\/\/rado-design.at\/de_de\/wp-json\/wp\/v2\/types\/page"}],"author":[{"embeddable":true,"href":"https:\/\/rado-design.at\/de_de\/wp-json\/wp\/v2\/users\/1"}],"replies":[{"embeddable":true,"href":"https:\/\/rado-design.at\/de_de\/wp-json\/wp\/v2\/comments?post=1253"}],"version-history":[{"count":23,"href":"https:\/\/rado-design.at\/de_de\/wp-json\/wp\/v2\/pages\/1253\/revisions"}],"predecessor-version":[{"id":4977,"href":"https:\/\/rado-design.at\/de_de\/wp-json\/wp\/v2\/pages\/1253\/revisions\/4977"}],"wp:attachment":[{"href":"https:\/\/rado-design.at\/de_de\/wp-json\/wp\/v2\/media?parent=1253"}],"curies":[{"name":"wp","href":"https:\/\/api.w.org\/{rel}","templated":true}]}}