{"id":1369,"date":"2020-11-05T09:17:25","date_gmt":"2020-11-05T09:17:25","guid":{"rendered":"https:\/\/rado-design.at\/?page_id=1369"},"modified":"2020-11-11T16:27:35","modified_gmt":"2020-11-11T16:27:35","slug":"versand-und-zahlung","status":"publish","type":"page","link":"https:\/\/rado-design.at\/de_de\/versand-und-zahlung\/","title":{"rendered":"Versand und Zahlung"},"content":{"rendered":"<p>Es gelten folgende Bedingungen:<\/p>\n<p>&nbsp;<\/p>\n<h5>Versandbedingungen<\/h5>\n<p>Die Lieferung erfolgt im Inland (\u00d6sterreich) und in die nachstehenden L\u00e4nder.<br \/>\nVersandkosten: inklusive gesetzliche Mehrwertsteuer<br \/>\nDie Versandkosten werden dem Kunden w\u00e4hrend des Bestellvorgangs mitgeteilt.<\/p>\n<p>Lieferungen im Inland (\u00d6sterreich):<br \/>\nWir berechnen die Versandkosten pauschal mit Euro 6,90 pro Bestellung.<\/p>\n<h5>Lieferungen ins Ausland<\/h5>\n<p>Wir berechnen die Versandkosten ins Ausland pauschal wie folgt:<br \/>\nEU und Ausland: Euro 14,90<\/p>\n<p>Alle Sendungen innerhalb und ausserhalb \u00d6sterreichs werden mit der \u00d6sterreichischen Post zugestellt. Bitte beachten Sie, dass beim Versand in NICHT-EU- L\u00e4nder die etwaig anfallende Einfuhrumsatzsteuern und eventuelle Zollgeb\u00fchren vom Empf\u00e4nger zu tragen sind.<br \/>\nDiesbez\u00fcglich informieren Sie sich bei der zust\u00e4ndigen Zollbeh\u00f6rde.<\/p>\n<p>Die Lieferung erfolgt unter dem Vorbehalt der Verf\u00fcgbarkeit. Abweichungen bei Lieferzeiten m\u00f6glich, da die Bearbeitungszeit der Bestellung 1-3 Werktage liegt.<\/p>\n<h5>Lieferfristen<\/h5>\n<p>Soweit im jeweiligen Angebot keine andere Frist angegeben ist, erfolgt die Lieferung der Ware im Inland (\u00d6sterreich) innerhalb von 1-3 Tagen, bei Auslandslieferungen innerhalb von 5-7 Tagen nach Vertragsschluss (bei vereinbarter Vorauszahlung nach dem Zeitpunkt Ihrer Zahlungsanweisung).<br \/>\nBitte beachten Sie, dass an Sonn- und Feiertagen keine Zustellung erfolgt.<\/p>\n<h5>R\u00fccksendung<\/h5>\n<p>Wenn Sie von Ihrem R\u00fccktrittsrecht Gebrauch machen und die Ware an \u201eRADO-DESIGN\u201c zur\u00fccksenden m\u00f6chten, gelten folgende Bedingungen.<\/p>\n<p>Die Kosten f\u00fcr die R\u00fccksendung der Bestellung innerhalb sowie ausserhalb \u00d6sterreichs sind vom Kunden zu tragen.<br \/>\nEtwaig anfallende Zollkosten bei der Lieferung und R\u00fccksendung aus NICHT- EU- L\u00e4ndern werden nicht von \u201eRADO-DESIGN\u201c getragen.<\/p>\n<p>R\u00fccksendungen werden nur vollst\u00e4ndig in der Originalverpackung und mit Sicherheitsplombe ungetragen zur\u00fcckgenommen.<\/p>\n<h5>Umtausch<\/h5>\n<p>Die bei \u201eRADO DESIGN\u201c gekaufte Ware ist vom Umtausch ausgeschlossen.<\/p>\n<h5>Reklamation<\/h5>\n<p>Die von Ihnen bestellte Produkt ist mangelhaft? Das tut uns leid. Gerne pr\u00fcfen wir Ihre Reklamation. Bitte senden Sie uns eine E-Mail, wir bearbeiten es schnellstm\u00f6glich.<\/p>\n<h5>Transportsch\u00e4den<\/h5>\n<p>Sollten Sie Transportsch\u00e4den an der gelieferten Ware oder Verpackung bereits bei der Lieferung erkennen, so bitten wir Sie \u201eRADO-DESIGN\u201c schnellstm\u00f6glich zu informieren.<br \/>\nSie m\u00fcssen bereits bei der Annahme der Ware von dem Mitarbeiter des Transportunternehmens schriftlich best\u00e4tigen lassen. Die Vers\u00e4umung einer schriftlichen Best\u00e4tigung hat keinen Konsequenzen f\u00fcr Sie was die gesetzlichen Gew\u00e4hrleistungsrechte betrifft.<br \/>\nDurch die schriftliche Best\u00e4tigung des Frachtf\u00fchrers wird lediglich die Geltendmachung des Anspruchs von \u201eRADO-DESIGN\u201c gegen\u00fcber dem Frachtf\u00fchrer bzw. der Transportversicherung unterst\u00fctzt. Sollten Sie von der Besch\u00e4digung Fotografien anfertigen, bitten wir Sie diese Bilder an \u201eRADO-DESIGN\u201c per E-Mail zu \u00fcbersenden.<br \/>\nE-Mail: office@rado-design.at<\/p>\n<h5>Akzeptierte Zahlungsm\u00f6glichkeiten<\/h5>\n<p><b>Zahlung per Kreditkarte<\/b><\/p>\n<p>Bei Zahlung per Kreditkarte wird die Kreditkarte des Kunden beim Abschluss des Bestellvorgangs sofort belastet. Nach der R\u00fcckmeldung \u00fcber die Belastung der Kreditkarte an Zsanett Rado ( \u201eRADO-DESIGN\u201c) wird der Rechnungsbetrag von der Kreditkarte des Kunden abgebucht. Bei erfolgreicher Abbuchung wird die Ware versandt. Die Zahlung per Kreditkarte l\u00f6st keine zus\u00e4tzlichen Geb\u00fchren aus.<\/p>\n<p><b>Zahlung per PayPal<\/b><\/p>\n<p>PayPal ist ein Online-Zahlungsservice, mit dem Sie schnell und sicher f\u00fcr K\u00e4ufe bezahlen k\u00f6nnen. Paypal setzt auf den Zahlungsmethoden auf, die Sie von Ihrer Bank kennen. Der Kunde entscheidet bei jeder Transaktion, ob er per Bank\u00fcberweisung, per Bankeinzug, aus einem Guthaben auf seinem PayPal-Konto oder per Kreditkarte zahlen m\u00f6chte. Egal f\u00fcr welche Methode er sich entscheidet, es fallen keine zus\u00e4tzlichen Geb\u00fchren an.<\/p>\n<p><b>Zahlung per Vorauskasse<\/b><\/p>\n<p>W\u00e4hlen Sie im Bezahlschritt \u201eZahlungsart\u201c \u201eVorauskasse\u201c aus und schlie\u00dfen Sie die Bestellung ab.<br \/>\nBitte \u00fcberweisen Sie den Gesamtbetrag innerhalb von 5 Werktagen nach Ihrer Bestellung unter Angabe der Bestellnummer auf der unten genannte Bankkonto.<br \/>\nEtwaige \u00dcberweisungskosten sowie Bankspesen sind vom Kunden zu tragen. Wir versenden Ihre Bestellung, sobald die Zahlung auf unserem Konto eingegangen ist.<\/p>\n<h5>Unsere Bankverbindung<\/h5>\n<p>Zsanett Rado<br \/>\nRADO DESIGN<br \/>\nErste Bank Sparkasse AG<br \/>\nIBAN: AT09 2011 1286 4244 7413<br \/>\nBIC: GIBAATWWXXX<\/p>\n","protected":false},"excerpt":{"rendered":"<p>Es gelten folgende Bedingungen: &nbsp; Versandbedingungen Die Lieferung erfolgt im Inland (\u00d6sterreich) und in die nachstehenden L\u00e4nder. Versandkosten: inklusive gesetzliche Mehrwertsteuer Die Versandkosten werden dem Kunden w\u00e4hrend des Bestellvorgangs mitgeteilt. Lieferungen im Inland (\u00d6sterreich): Wir berechnen die Versandkosten pauschal mit Euro 6,90 pro Bestellung. Lieferungen ins Ausland Wir berechnen die Versandkosten ins Ausland pauschal wie [&hellip;]<\/p>\n","protected":false},"author":1,"featured_media":0,"parent":0,"menu_order":0,"comment_status":"closed","ping_status":"closed","template":"","meta":{"footnotes":""},"class_list":["post-1369","page","type-page","status-publish","hentry","clearfix"],"_links":{"self":[{"href":"https:\/\/rado-design.at\/de_de\/wp-json\/wp\/v2\/pages\/1369","targetHints":{"allow":["GET"]}}],"collection":[{"href":"https:\/\/rado-design.at\/de_de\/wp-json\/wp\/v2\/pages"}],"about":[{"href":"https:\/\/rado-design.at\/de_de\/wp-json\/wp\/v2\/types\/page"}],"author":[{"embeddable":true,"href":"https:\/\/rado-design.at\/de_de\/wp-json\/wp\/v2\/users\/1"}],"replies":[{"embeddable":true,"href":"https:\/\/rado-design.at\/de_de\/wp-json\/wp\/v2\/comments?post=1369"}],"version-history":[{"count":10,"href":"https:\/\/rado-design.at\/de_de\/wp-json\/wp\/v2\/pages\/1369\/revisions"}],"predecessor-version":[{"id":1413,"href":"https:\/\/rado-design.at\/de_de\/wp-json\/wp\/v2\/pages\/1369\/revisions\/1413"}],"wp:attachment":[{"href":"https:\/\/rado-design.at\/de_de\/wp-json\/wp\/v2\/media?parent=1369"}],"curies":[{"name":"wp","href":"https:\/\/api.w.org\/{rel}","templated":true}]}}