{"id":469,"date":"2018-10-04T07:51:31","date_gmt":"2018-10-04T07:51:31","guid":{"rendered":"https:\/\/demo.harutheme.com\/myha\/?page_id=469"},"modified":"2020-10-18T14:42:44","modified_gmt":"2020-10-18T14:42:44","slug":"produktpflege","status":"publish","type":"page","link":"https:\/\/rado-design.at\/de_de\/produktpflege\/","title":{"rendered":"Produktpflege"},"content":{"rendered":"<div class=\"wpb-content-wrapper\"><div class=\"vc_row wpb_row vc_row-fluid\"><div class=\"wpb_column vc_column_container vc_col-sm-12\"><div class=\"vc_column-inner\"><div class=\"wpb_wrapper\"><div class=\"vc_row wpb_row vc_inner vc_row-fluid\"><div class=\"wpb_column vc_column_container vc_col-sm-6\"><div class=\"vc_column-inner\"><div class=\"wpb_wrapper\">\n\t<div class=\"wpb_text_column wpb_content_element\" >\n\t\t<div class=\"wpb_wrapper\">\n\t\t\t<h2>&#8220;Damit Sch\u00f6nes sch\u00f6n bleibt&#8221;<\/h2>\n<p>&nbsp;<\/p>\n<p>Danke das Du Dich f\u00fcr eines meiner, mit viel Liebe handgefertigten St\u00fccke entschieden hast.<\/p>\n<p>Um lange Freude daran zu haben, solltest Du bitte einige Punkte beachten.\u00a0Damit die verwendeten S\u00fc\u00dfwasser und Glasperlen Ihren Glanz nicht verlieren, \u00a0BITTE kein Parf\u00fcme oder Haarspray direkt auf das Schmuckst\u00fcck spr\u00fchen.\u00a0Mit Kosmetikprodukten, Haargel, Make Up und dgl. BITTE auch sehr sorgsam und mit Bedacht umgehen, um Verf\u00e4rbungen am Headpiece zu vermeiden.<\/p>\n<p>Eine Reinigung oder Wiederherstellung ist leider nicht m\u00f6glich.<\/p>\n<p>Um Knicke oder Deformierungen am Schmuckdraht zu vermeiden, bewahre Dein Lieblingsst\u00fcck am besten in der Originalverpackung auf.<\/p>\n\n\t\t<\/div>\n\t<\/div>\n<\/div><\/div><\/div><div class=\"wpb_column vc_column_container vc_col-sm-6\"><div class=\"vc_column-inner\"><div class=\"wpb_wrapper\">\n\t<div  class=\"wpb_single_image wpb_content_element vc_align_right wpb_content_element\">\n\t\t\n\t\t<figure class=\"wpb_wrapper vc_figure\">\n\t\t\t<div class=\"vc_single_image-wrapper   vc_box_border_grey\"><img loading=\"lazy\" decoding=\"async\" width=\"470\" height=\"470\" src=\"https:\/\/rado-design.at\/wp-content\/uploads\/2020\/09\/IMG_9613.jpg\" class=\"vc_single_image-img attachment-large\" alt=\"Zsanett Rado Haarschmuck\" title=\"Zsanett Rado Haarschmuck\" srcset=\"https:\/\/rado-design.at\/wp-content\/uploads\/2020\/09\/IMG_9613.jpg 470w, https:\/\/rado-design.at\/wp-content\/uploads\/2020\/09\/IMG_9613-300x300.jpg 300w, https:\/\/rado-design.at\/wp-content\/uploads\/2020\/09\/IMG_9613-150x150.jpg 150w, https:\/\/rado-design.at\/wp-content\/uploads\/2020\/09\/IMG_9613-450x450.jpg 450w\" sizes=\"auto, (max-width: 470px) 100vw, 470px\" \/><\/div>\n\t\t<\/figure>\n\t<\/div>\n<\/div><\/div><\/div><\/div><\/div><\/div><\/div><\/div>\n<\/div>","protected":false},"excerpt":{"rendered":"\"Damit Sch\u00f6nes sch\u00f6n bleibt\" &nbsp; Danke das Du Dich f\u00fcr eines meiner, mit viel Liebe handgefertigten St\u00fccke entschieden hast. Um lange Freude daran zu haben, solltest Du bitte einige Punkte beachten.\u00a0Damit die verwendeten S\u00fc\u00dfwasser und Glasperlen Ihren Glanz nicht verlieren, \u00a0BITTE kein Parf\u00fcme oder Haarspray direkt auf das Schmuckst\u00fcck spr\u00fchen.\u00a0Mit Kosmetikprodukten, Haargel, Make Up und [...]","protected":false},"author":1,"featured_media":0,"parent":0,"menu_order":0,"comment_status":"closed","ping_status":"closed","template":"","meta":{"footnotes":""},"class_list":["post-469","page","type-page","status-publish","hentry","clearfix"],"_links":{"self":[{"href":"https:\/\/rado-design.at\/de_de\/wp-json\/wp\/v2\/pages\/469","targetHints":{"allow":["GET"]}}],"collection":[{"href":"https:\/\/rado-design.at\/de_de\/wp-json\/wp\/v2\/pages"}],"about":[{"href":"https:\/\/rado-design.at\/de_de\/wp-json\/wp\/v2\/types\/page"}],"author":[{"embeddable":true,"href":"https:\/\/rado-design.at\/de_de\/wp-json\/wp\/v2\/users\/1"}],"replies":[{"embeddable":true,"href":"https:\/\/rado-design.at\/de_de\/wp-json\/wp\/v2\/comments?post=469"}],"version-history":[{"count":5,"href":"https:\/\/rado-design.at\/de_de\/wp-json\/wp\/v2\/pages\/469\/revisions"}],"predecessor-version":[{"id":1360,"href":"https:\/\/rado-design.at\/de_de\/wp-json\/wp\/v2\/pages\/469\/revisions\/1360"}],"wp:attachment":[{"href":"https:\/\/rado-design.at\/de_de\/wp-json\/wp\/v2\/media?parent=469"}],"curies":[{"name":"wp","href":"https:\/\/api.w.org\/{rel}","templated":true}]}}