{"id":10116,"date":"2025-05-27T19:57:33","date_gmt":"2025-05-27T19:57:33","guid":{"rendered":"https:\/\/rado-design.at\/?post_type=product&#038;p=10116"},"modified":"2026-01-21T13:09:29","modified_gmt":"2026-01-21T13:09:29","slug":"haarteil-frida","status":"publish","type":"product","link":"https:\/\/rado-design.at\/de_de\/produkt\/haarteil-frida\/","title":{"rendered":"Haarteil &#8220;Frida&#8221; 2 Teilig"},"content":{"rendered":"","protected":false},"excerpt":{"rendered":"<p>Haarteil &#8220;Frida&#8221; ist Zweiteilig, besteht aus von mir in liebevoller Handarbeit bemalten Blumen und Bl\u00e4tter, die ich mit S\u00fc\u00dfwasserperlen und facettierten Glasperlen kombiniert habe. Als grosse Fan der 50er Jahre habe ich mich von dieser \u00c4ra inspirieren lassen. Die bunte &#8220;Frida&#8221; passt perfekt in jeder Frisur, befestigt wird es mit Bobby Pins.<\/p>\n<p>Gr\u00f6sse : 16 cm x 8 cm \/ 15 cm x 6,5 cm<\/p>\n<p>Farbe : Sonnengelb \/ Rot \/ Bordeaux \/ Weiss \/ Zartrosa \/ Eukalyptusgr\u00fcn \/ Mintgr\u00fcn \/ Zartgold<\/p>\n<p>Schmuckdraht- Farbe : Rosegold<\/p>\n<p>&nbsp;<\/p>\n","protected":false},"featured_media":10093,"comment_status":"open","ping_status":"closed","template":"","meta":[],"product_brand":[],"product_cat":[147,156],"product_tag":[],"class_list":{"0":"post-10116","1":"product","2":"type-product","3":"status-publish","4":"has-post-thumbnail","6":"product_cat-haarschmuck","7":"product_cat-vintage-style","8":"clearfix","10":"first","11":"instock","12":"taxable","13":"shipping-taxable","14":"purchasable","15":"product-type-simple"},"_links":{"self":[{"href":"https:\/\/rado-design.at\/de_de\/wp-json\/wp\/v2\/product\/10116","targetHints":{"allow":["GET"]}}],"collection":[{"href":"https:\/\/rado-design.at\/de_de\/wp-json\/wp\/v2\/product"}],"about":[{"href":"https:\/\/rado-design.at\/de_de\/wp-json\/wp\/v2\/types\/product"}],"replies":[{"embeddable":true,"href":"https:\/\/rado-design.at\/de_de\/wp-json\/wp\/v2\/comments?post=10116"}],"wp:featuredmedia":[{"embeddable":true,"href":"https:\/\/rado-design.at\/de_de\/wp-json\/wp\/v2\/media\/10093"}],"wp:attachment":[{"href":"https:\/\/rado-design.at\/de_de\/wp-json\/wp\/v2\/media?parent=10116"}],"wp:term":[{"taxonomy":"product_brand","embeddable":true,"href":"https:\/\/rado-design.at\/de_de\/wp-json\/wp\/v2\/product_brand?post=10116"},{"taxonomy":"product_cat","embeddable":true,"href":"https:\/\/rado-design.at\/de_de\/wp-json\/wp\/v2\/product_cat?post=10116"},{"taxonomy":"product_tag","embeddable":true,"href":"https:\/\/rado-design.at\/de_de\/wp-json\/wp\/v2\/product_tag?post=10116"}],"curies":[{"name":"wp","href":"https:\/\/api.w.org\/{rel}","templated":true}]}}