{"id":10266,"date":"2025-05-30T09:57:19","date_gmt":"2025-05-30T09:57:19","guid":{"rendered":"https:\/\/rado-design.at\/?post_type=product&#038;p=10266"},"modified":"2025-05-30T09:57:20","modified_gmt":"2025-05-30T09:57:20","slug":"ohrstecker-hibiskus-orange","status":"publish","type":"product","link":"https:\/\/rado-design.at\/de_de\/produkt\/ohrstecker-hibiskus-orange\/","title":{"rendered":"Ohrstecker &#8220;Hibiskus&#8221;-Orange"},"content":{"rendered":"","protected":false},"excerpt":{"rendered":"<p>Aloha!<\/p>\n<p>Ohrstecker &#8220;Hibiskus&#8221; besteht aus von mir in liebevoller Handarbeit bemalten Blumen und Bl\u00e4ttern, die ich mit facettierten Glasperlen und Swarovski Kristallen kombiniert habe.<\/p>\n<p>Die Bl\u00fcte binde ich aus f\u00fcnf verschiedenen kleinen Blumen, somit entsteht eine gro\u00dfe Hibiskus Bl\u00fcte. Urspr\u00fcnglich stammt der Hibiskus aus S\u00fcdostasien, aber auch auf Hawaii ist es die offizielle Staatsblume und wird als die &#8220;unverg\u00e4ngliche Blume&#8221; bezeichnet.<\/p>\n<p>Der Verschluss ist aus vergoldeten Edelstahl (Nickelfrei).<\/p>\n<p>Gr\u00f6sse : 3 cm \/ 3,7 cm inkl.Blatt<\/p>\n<p>Farbe : Orange \/ Gelb \u00a0\/ Rot \/ Hellgr\u00fcn<\/p>\n","protected":false},"featured_media":10183,"comment_status":"open","ping_status":"closed","template":"","meta":[],"product_brand":[],"product_cat":[145,156],"product_tag":[],"class_list":{"0":"post-10266","1":"product","2":"type-product","3":"status-publish","4":"has-post-thumbnail","6":"product_cat-ohrschmuck-floral","7":"product_cat-vintage-style","8":"clearfix","10":"first","11":"instock","12":"taxable","13":"shipping-taxable","14":"purchasable","15":"product-type-simple"},"_links":{"self":[{"href":"https:\/\/rado-design.at\/de_de\/wp-json\/wp\/v2\/product\/10266","targetHints":{"allow":["GET"]}}],"collection":[{"href":"https:\/\/rado-design.at\/de_de\/wp-json\/wp\/v2\/product"}],"about":[{"href":"https:\/\/rado-design.at\/de_de\/wp-json\/wp\/v2\/types\/product"}],"replies":[{"embeddable":true,"href":"https:\/\/rado-design.at\/de_de\/wp-json\/wp\/v2\/comments?post=10266"}],"wp:featuredmedia":[{"embeddable":true,"href":"https:\/\/rado-design.at\/de_de\/wp-json\/wp\/v2\/media\/10183"}],"wp:attachment":[{"href":"https:\/\/rado-design.at\/de_de\/wp-json\/wp\/v2\/media?parent=10266"}],"wp:term":[{"taxonomy":"product_brand","embeddable":true,"href":"https:\/\/rado-design.at\/de_de\/wp-json\/wp\/v2\/product_brand?post=10266"},{"taxonomy":"product_cat","embeddable":true,"href":"https:\/\/rado-design.at\/de_de\/wp-json\/wp\/v2\/product_cat?post=10266"},{"taxonomy":"product_tag","embeddable":true,"href":"https:\/\/rado-design.at\/de_de\/wp-json\/wp\/v2\/product_tag?post=10266"}],"curies":[{"name":"wp","href":"https:\/\/api.w.org\/{rel}","templated":true}]}}