{"id":10334,"date":"2025-05-30T16:08:59","date_gmt":"2025-05-30T16:08:59","guid":{"rendered":"https:\/\/rado-design.at\/?post_type=product&#038;p=10334"},"modified":"2026-01-24T22:36:26","modified_gmt":"2026-01-24T22:36:26","slug":"haarnadel-audrey-perlmuttweiss","status":"publish","type":"product","link":"https:\/\/rado-design.at\/de_de\/produkt\/haarnadel-audrey-perlmuttweiss\/","title":{"rendered":"Haarnadel &#8220;Audrey&#8221;-Perlmuttweiss"},"content":{"rendered":"","protected":false},"excerpt":{"rendered":"<p>Haarnadel &#8220;Audrey&#8221; besteht aus von mir in liebevoller Handarbeit bemalten Blumen und Blumenbl\u00fcten, die ich mit facettierten Glasperlen und Glaswachsperlen kombiniert habe. &#8220;Audrey&#8221; ist Ideal f\u00fcr Hochsteckfrisuren, aber auch f\u00fcr Halboffenen Frisuren gut geeignet.<\/p>\n<p>Gesamtl\u00e4nge : 8 cm<\/p>\n<p>Breite : ca 3,5 cm<\/p>\n<p>Farbe : Perlmutt \/ Weiss \/ Draht &amp; Nadel Silberfarbig<\/p>\n","protected":false},"featured_media":10415,"comment_status":"open","ping_status":"closed","template":"","meta":[],"product_brand":[],"product_cat":[141,147,156],"product_tag":[],"class_list":{"0":"post-10334","1":"product","2":"type-product","3":"status-publish","4":"has-post-thumbnail","6":"product_cat-braut-schmuck","7":"product_cat-haarschmuck","8":"product_cat-vintage-style","9":"clearfix","11":"first","12":"instock","13":"taxable","14":"shipping-taxable","15":"purchasable","16":"product-type-simple"},"_links":{"self":[{"href":"https:\/\/rado-design.at\/de_de\/wp-json\/wp\/v2\/product\/10334","targetHints":{"allow":["GET"]}}],"collection":[{"href":"https:\/\/rado-design.at\/de_de\/wp-json\/wp\/v2\/product"}],"about":[{"href":"https:\/\/rado-design.at\/de_de\/wp-json\/wp\/v2\/types\/product"}],"replies":[{"embeddable":true,"href":"https:\/\/rado-design.at\/de_de\/wp-json\/wp\/v2\/comments?post=10334"}],"wp:featuredmedia":[{"embeddable":true,"href":"https:\/\/rado-design.at\/de_de\/wp-json\/wp\/v2\/media\/10415"}],"wp:attachment":[{"href":"https:\/\/rado-design.at\/de_de\/wp-json\/wp\/v2\/media?parent=10334"}],"wp:term":[{"taxonomy":"product_brand","embeddable":true,"href":"https:\/\/rado-design.at\/de_de\/wp-json\/wp\/v2\/product_brand?post=10334"},{"taxonomy":"product_cat","embeddable":true,"href":"https:\/\/rado-design.at\/de_de\/wp-json\/wp\/v2\/product_cat?post=10334"},{"taxonomy":"product_tag","embeddable":true,"href":"https:\/\/rado-design.at\/de_de\/wp-json\/wp\/v2\/product_tag?post=10334"}],"curies":[{"name":"wp","href":"https:\/\/api.w.org\/{rel}","templated":true}]}}