{"id":10891,"date":"2025-09-10T09:43:13","date_gmt":"2025-09-10T09:43:13","guid":{"rendered":"https:\/\/rado-design.at\/?post_type=product&#038;p=10891"},"modified":"2026-01-21T09:55:16","modified_gmt":"2026-01-21T09:55:16","slug":"haarreif-chloe-violett","status":"publish","type":"product","link":"https:\/\/rado-design.at\/de_de\/produkt\/haarreif-chloe-violett\/","title":{"rendered":"Haarreif &#8220;Chloe&#8221;- Violett"},"content":{"rendered":"","protected":false},"excerpt":{"rendered":"<p>Haarreif &#8220;Chloe&#8221; besteht aus von mir mit liebevoll handbemalten Blumen und Bl\u00e4tter, die ich mit S\u00fcsswasserperlen und facettierten Glasperlen kombiniert habe. Der &#8220;Chloe&#8221; Haarreif besteht aus gl\u00e4nzendem Seidensatin in Verlauf Form. Der Florale Teil wurde von mir handgen\u00e4ht.<\/p>\n<p>Farben : Lila \/ Violett \/ Altgold \/ Gr\u00fcn<\/p>\n","protected":false},"featured_media":10833,"comment_status":"open","ping_status":"closed","template":"","meta":[],"product_brand":[],"product_cat":[147,156],"product_tag":[],"class_list":{"0":"post-10891","1":"product","2":"type-product","3":"status-publish","4":"has-post-thumbnail","6":"product_cat-haarschmuck","7":"product_cat-vintage-style","8":"clearfix","10":"first","11":"instock","12":"taxable","13":"shipping-taxable","14":"purchasable","15":"product-type-simple"},"_links":{"self":[{"href":"https:\/\/rado-design.at\/de_de\/wp-json\/wp\/v2\/product\/10891","targetHints":{"allow":["GET"]}}],"collection":[{"href":"https:\/\/rado-design.at\/de_de\/wp-json\/wp\/v2\/product"}],"about":[{"href":"https:\/\/rado-design.at\/de_de\/wp-json\/wp\/v2\/types\/product"}],"replies":[{"embeddable":true,"href":"https:\/\/rado-design.at\/de_de\/wp-json\/wp\/v2\/comments?post=10891"}],"wp:featuredmedia":[{"embeddable":true,"href":"https:\/\/rado-design.at\/de_de\/wp-json\/wp\/v2\/media\/10833"}],"wp:attachment":[{"href":"https:\/\/rado-design.at\/de_de\/wp-json\/wp\/v2\/media?parent=10891"}],"wp:term":[{"taxonomy":"product_brand","embeddable":true,"href":"https:\/\/rado-design.at\/de_de\/wp-json\/wp\/v2\/product_brand?post=10891"},{"taxonomy":"product_cat","embeddable":true,"href":"https:\/\/rado-design.at\/de_de\/wp-json\/wp\/v2\/product_cat?post=10891"},{"taxonomy":"product_tag","embeddable":true,"href":"https:\/\/rado-design.at\/de_de\/wp-json\/wp\/v2\/product_tag?post=10891"}],"curies":[{"name":"wp","href":"https:\/\/api.w.org\/{rel}","templated":true}]}}