{"id":11770,"date":"2026-01-16T15:43:58","date_gmt":"2026-01-16T15:43:58","guid":{"rendered":"https:\/\/rado-design.at\/?post_type=product&#038;p=11770"},"modified":"2026-01-16T15:43:58","modified_gmt":"2026-01-16T15:43:58","slug":"ohrhaenger-michelle","status":"publish","type":"product","link":"https:\/\/rado-design.at\/de_de\/produkt\/ohrhaenger-michelle\/","title":{"rendered":"Ohrh\u00e4nger &#8220;Michelle&#8221;"},"content":{"rendered":"","protected":false},"excerpt":{"rendered":"<p>Ohrh\u00e4nger &#8220;Michelle&#8221; besteht aus von mir in liebevoller Handarbeit bemalten Blumen, die ich mit S\u00fcsswasser Perlen und Resin kombiniert habe, somit sind sie federleicht. Der Verschluss ist aus Vergoldetem Edelstahl und Perlmutt.<\/p>\n<p>Gesamtl\u00e4nge inkl. Verschluss : 8,5 cm<\/p>\n","protected":false},"featured_media":11446,"comment_status":"open","ping_status":"closed","template":"","meta":[],"product_brand":[],"product_cat":[141,145],"product_tag":[],"class_list":{"0":"post-11770","1":"product","2":"type-product","3":"status-publish","4":"has-post-thumbnail","6":"product_cat-braut-schmuck","7":"product_cat-ohrschmuck-floral","8":"clearfix","10":"first","11":"instock","12":"taxable","13":"shipping-taxable","14":"purchasable","15":"product-type-simple"},"_links":{"self":[{"href":"https:\/\/rado-design.at\/de_de\/wp-json\/wp\/v2\/product\/11770","targetHints":{"allow":["GET"]}}],"collection":[{"href":"https:\/\/rado-design.at\/de_de\/wp-json\/wp\/v2\/product"}],"about":[{"href":"https:\/\/rado-design.at\/de_de\/wp-json\/wp\/v2\/types\/product"}],"replies":[{"embeddable":true,"href":"https:\/\/rado-design.at\/de_de\/wp-json\/wp\/v2\/comments?post=11770"}],"wp:featuredmedia":[{"embeddable":true,"href":"https:\/\/rado-design.at\/de_de\/wp-json\/wp\/v2\/media\/11446"}],"wp:attachment":[{"href":"https:\/\/rado-design.at\/de_de\/wp-json\/wp\/v2\/media?parent=11770"}],"wp:term":[{"taxonomy":"product_brand","embeddable":true,"href":"https:\/\/rado-design.at\/de_de\/wp-json\/wp\/v2\/product_brand?post=11770"},{"taxonomy":"product_cat","embeddable":true,"href":"https:\/\/rado-design.at\/de_de\/wp-json\/wp\/v2\/product_cat?post=11770"},{"taxonomy":"product_tag","embeddable":true,"href":"https:\/\/rado-design.at\/de_de\/wp-json\/wp\/v2\/product_tag?post=11770"}],"curies":[{"name":"wp","href":"https:\/\/api.w.org\/{rel}","templated":true}]}}