{"id":11787,"date":"2026-01-16T15:53:55","date_gmt":"2026-01-16T15:53:55","guid":{"rendered":"https:\/\/rado-design.at\/?post_type=product&#038;p=11787"},"modified":"2026-01-16T15:53:55","modified_gmt":"2026-01-16T15:53:55","slug":"ohrhaenger-selina","status":"publish","type":"product","link":"https:\/\/rado-design.at\/de_de\/produkt\/ohrhaenger-selina\/","title":{"rendered":"Ohrh\u00e4nger &#8220;Selina&#8221;"},"content":{"rendered":"","protected":false},"excerpt":{"rendered":"<p>Ohrh\u00e4nger &#8220;Selina&#8221; geh\u00f6rt zu meiner neue Kollektion &#8220;Marietta&#8221;. Die federleichte, handgekn\u00fcpfte Ohrringe werden von mir in meinem Store in Baden gefertigt aus facettierten Glasperlen und japanischen Miyuki Perlen. &#8220;Selina&#8221; ist ein stilvoller Blickfang, ob zur Hochzeit, zum besonderen Anlass oder im Alltag. Der hochwertige Verschluss ist aus medizinischem Edelstahl.<\/p>\n<p>Farben : Ivory \/ Perlmutt \/ Silber<\/p>\n<p>Gesamtl\u00e4nge : 6,8 cm<\/p>\n<p>Gr\u00f6sse : 1,3 cm x 1 cm (Steckerteil) 2,1 cm x 2,5 cm (Mittelteil) 3,9 cm x 4 cm (Kreis)<\/p>\n","protected":false},"featured_media":11630,"comment_status":"open","ping_status":"closed","template":"","meta":[],"product_brand":[],"product_cat":[141,157],"product_tag":[],"class_list":{"0":"post-11787","1":"product","2":"type-product","3":"status-publish","4":"has-post-thumbnail","6":"product_cat-braut-schmuck","7":"product_cat-ohrhaenger-handgeknuepft","8":"clearfix","10":"first","11":"instock","12":"taxable","13":"shipping-taxable","14":"purchasable","15":"product-type-simple"},"_links":{"self":[{"href":"https:\/\/rado-design.at\/de_de\/wp-json\/wp\/v2\/product\/11787","targetHints":{"allow":["GET"]}}],"collection":[{"href":"https:\/\/rado-design.at\/de_de\/wp-json\/wp\/v2\/product"}],"about":[{"href":"https:\/\/rado-design.at\/de_de\/wp-json\/wp\/v2\/types\/product"}],"replies":[{"embeddable":true,"href":"https:\/\/rado-design.at\/de_de\/wp-json\/wp\/v2\/comments?post=11787"}],"wp:featuredmedia":[{"embeddable":true,"href":"https:\/\/rado-design.at\/de_de\/wp-json\/wp\/v2\/media\/11630"}],"wp:attachment":[{"href":"https:\/\/rado-design.at\/de_de\/wp-json\/wp\/v2\/media?parent=11787"}],"wp:term":[{"taxonomy":"product_brand","embeddable":true,"href":"https:\/\/rado-design.at\/de_de\/wp-json\/wp\/v2\/product_brand?post=11787"},{"taxonomy":"product_cat","embeddable":true,"href":"https:\/\/rado-design.at\/de_de\/wp-json\/wp\/v2\/product_cat?post=11787"},{"taxonomy":"product_tag","embeddable":true,"href":"https:\/\/rado-design.at\/de_de\/wp-json\/wp\/v2\/product_tag?post=11787"}],"curies":[{"name":"wp","href":"https:\/\/api.w.org\/{rel}","templated":true}]}}