{"id":12001,"date":"2026-01-20T16:26:38","date_gmt":"2026-01-20T16:26:38","guid":{"rendered":"https:\/\/rado-design.at\/?post_type=product&#038;p=12001"},"modified":"2026-01-20T16:31:54","modified_gmt":"2026-01-20T16:31:54","slug":"haarkranz-adela-2","status":"publish","type":"product","link":"https:\/\/rado-design.at\/de_de\/produkt\/haarkranz-adela-2\/","title":{"rendered":"Haarkranz &#8220;Adele&#8221;"},"content":{"rendered":"","protected":false},"excerpt":{"rendered":"<p>&#8220;Adele&#8221; ist etwas ganz besonderes f\u00fcr mich. Als grosse Fan der 50er Jahre habe ich mich von dieser \u00c4ra inspirieren lassen. &#8220;Adele&#8221; besteht aus von mir in liebevoller Handarbeit bemalten Bl\u00fcten aus zwei verschiedenen \u00a0Gr\u00f6ssen. Kombiniert habe ich mit echten S\u00fcsswasser Perlen und japanischen Miyuki Perlen. &#8220;Adele&#8221; schmiegt sich wunderbar an, befestigt wird ganz easy mit Bobbypins. &#8220;Adele&#8221; ist variabel einsetzbar, egal ob vorne, seitlich oder r\u00fcckseitig, passt sowohl zum offenem Haar aber auch zu Hochsteckfrisuren. Perfekt auch in Kombination mit oder ohne Schleier.<\/p>\n<p>Farbe: Ivory \/ Weiss \/ Perlmutt \/ Rosegold (Draht)<\/p>\n<p>L\u00e4nge : 42,5 cm<\/p>\n","protected":false},"featured_media":10514,"comment_status":"open","ping_status":"closed","template":"","meta":[],"product_brand":[],"product_cat":[141,147,156],"product_tag":[],"class_list":{"0":"post-12001","1":"product","2":"type-product","3":"status-publish","4":"has-post-thumbnail","6":"product_cat-braut-schmuck","7":"product_cat-haarschmuck","8":"product_cat-vintage-style","9":"clearfix","11":"first","12":"instock","13":"taxable","14":"shipping-taxable","15":"purchasable","16":"product-type-simple"},"_links":{"self":[{"href":"https:\/\/rado-design.at\/de_de\/wp-json\/wp\/v2\/product\/12001","targetHints":{"allow":["GET"]}}],"collection":[{"href":"https:\/\/rado-design.at\/de_de\/wp-json\/wp\/v2\/product"}],"about":[{"href":"https:\/\/rado-design.at\/de_de\/wp-json\/wp\/v2\/types\/product"}],"replies":[{"embeddable":true,"href":"https:\/\/rado-design.at\/de_de\/wp-json\/wp\/v2\/comments?post=12001"}],"wp:featuredmedia":[{"embeddable":true,"href":"https:\/\/rado-design.at\/de_de\/wp-json\/wp\/v2\/media\/10514"}],"wp:attachment":[{"href":"https:\/\/rado-design.at\/de_de\/wp-json\/wp\/v2\/media?parent=12001"}],"wp:term":[{"taxonomy":"product_brand","embeddable":true,"href":"https:\/\/rado-design.at\/de_de\/wp-json\/wp\/v2\/product_brand?post=12001"},{"taxonomy":"product_cat","embeddable":true,"href":"https:\/\/rado-design.at\/de_de\/wp-json\/wp\/v2\/product_cat?post=12001"},{"taxonomy":"product_tag","embeddable":true,"href":"https:\/\/rado-design.at\/de_de\/wp-json\/wp\/v2\/product_tag?post=12001"}],"curies":[{"name":"wp","href":"https:\/\/api.w.org\/{rel}","templated":true}]}}