{"id":12013,"date":"2026-01-21T11:54:19","date_gmt":"2026-01-21T11:54:19","guid":{"rendered":"https:\/\/rado-design.at\/?post_type=product&#038;p=12013"},"modified":"2026-01-30T16:56:00","modified_gmt":"2026-01-30T16:56:00","slug":"haarreif-malika","status":"publish","type":"product","link":"https:\/\/rado-design.at\/de_de\/produkt\/haarreif-malika\/","title":{"rendered":"Haarreif &#8220;Malika&#8221;"},"content":{"rendered":"<blockquote><p>&nbsp;<\/p><\/blockquote>\n","protected":false},"excerpt":{"rendered":"<p>&#8220;Malika&#8221; die bunte Wiesn-Madl&#8230;<\/p>\n<p>Jede einzelne Rosenbl\u00fcte wurde von mir mit viel Liebe zum Detail handbemalt, kombiniert habe ich &#8220;Malika&#8221; mit facettierten Blau-f\u00e4rbigen Glasperlen. Die Innenseite ist mit einer Borte fixiert, damit es beim tragen m\u00f6glichst bequem ist.<\/p>\n<p>Auf den Seiden-Haarreif sind die Bl\u00fcten dreireihig gebunden, somit ist \u201cMalika\u201d etwas auff\u00e4lliger und \u00fcppiger im Design.<\/p>\n<p>Handgefertigt in meinem Store in Baden bei Wien, einer Stadt mit gro\u00dfer Historie und Tradition, in der diese Originale mit Hingabe und Liebe zum Detail entworfen und hergestellt werden.<\/p>\n<p>Farben : Rot \/ Jeansblau ( Glasperlen ) \/ Zartlila \/ Himmelblau \/ Zartgelb \/ Schwarz ( Innenborte)<\/p>\n<p>Ohrstecker nicht in Lieferung enthalten.<\/p>\n<p>&nbsp;<\/p>\n","protected":false},"featured_media":11945,"comment_status":"open","ping_status":"closed","template":"","meta":[],"product_brand":[],"product_cat":[147,153,156],"product_tag":[],"class_list":{"0":"post-12013","1":"product","2":"type-product","3":"status-publish","4":"has-post-thumbnail","6":"product_cat-haarschmuck","7":"product_cat-rosenblueten","8":"product_cat-vintage-style","9":"clearfix","11":"first","12":"instock","13":"taxable","14":"shipping-taxable","15":"purchasable","16":"product-type-simple"},"_links":{"self":[{"href":"https:\/\/rado-design.at\/de_de\/wp-json\/wp\/v2\/product\/12013","targetHints":{"allow":["GET"]}}],"collection":[{"href":"https:\/\/rado-design.at\/de_de\/wp-json\/wp\/v2\/product"}],"about":[{"href":"https:\/\/rado-design.at\/de_de\/wp-json\/wp\/v2\/types\/product"}],"replies":[{"embeddable":true,"href":"https:\/\/rado-design.at\/de_de\/wp-json\/wp\/v2\/comments?post=12013"}],"wp:featuredmedia":[{"embeddable":true,"href":"https:\/\/rado-design.at\/de_de\/wp-json\/wp\/v2\/media\/11945"}],"wp:attachment":[{"href":"https:\/\/rado-design.at\/de_de\/wp-json\/wp\/v2\/media?parent=12013"}],"wp:term":[{"taxonomy":"product_brand","embeddable":true,"href":"https:\/\/rado-design.at\/de_de\/wp-json\/wp\/v2\/product_brand?post=12013"},{"taxonomy":"product_cat","embeddable":true,"href":"https:\/\/rado-design.at\/de_de\/wp-json\/wp\/v2\/product_cat?post=12013"},{"taxonomy":"product_tag","embeddable":true,"href":"https:\/\/rado-design.at\/de_de\/wp-json\/wp\/v2\/product_tag?post=12013"}],"curies":[{"name":"wp","href":"https:\/\/api.w.org\/{rel}","templated":true}]}}