{"id":12014,"date":"2026-01-21T13:28:23","date_gmt":"2026-01-21T13:28:23","guid":{"rendered":"https:\/\/rado-design.at\/?post_type=product&#038;p=12014"},"modified":"2026-01-21T13:28:23","modified_gmt":"2026-01-21T13:28:23","slug":"haarreif-zsazsa-braun-magenta","status":"publish","type":"product","link":"https:\/\/rado-design.at\/de_de\/produkt\/haarreif-zsazsa-braun-magenta\/","title":{"rendered":"Haarreif \u201eZsazsa\u201c Braun-Magenta"},"content":{"rendered":"","protected":false},"excerpt":{"rendered":"<p>Die Blumen und die Rose f\u00e4rbigen Bl\u00e4tter wurden von mir handbemalt und sorgf\u00e4ltig auf den feinen Stoff-Haarreif gen\u00e4ht. Die Bl\u00fcten sind seitlich angeordnet, erg\u00e4nzt hab ich mit Edelsteinen, Miyuki Perlen und facettierten Glasperlen. Dank des federleichten Design liegt der Reif sanft auf dem Kopf und dr\u00fcckt nicht, sodass er den ganzen Tag \u00fcber bequem und angenehm zu tragen ist.<\/p>\n<p>Ideal f\u00fcr Alle die das besondere suchen , nicht nur zur Anl\u00e4ssen sondern auch im Alltag.<\/p>\n<p>Farben : Schokobraun (Haarreif ) \/ Dunkelrot ( Granate ) \/ Rosegold \u00a0\/ Beige \/Magenta \/ Zartrosa \/ Braun \/ Zartgold \/ Rosegold ( Draht )<\/p>\n<p>Breite : 3,5-4 cm<\/p>\n<p>( Ohrstecker nicht in Lieferung enthalten )<\/p>\n","protected":false},"featured_media":11941,"comment_status":"open","ping_status":"closed","template":"","meta":[],"product_brand":[],"product_cat":[147,156],"product_tag":[],"class_list":{"0":"post-12014","1":"product","2":"type-product","3":"status-publish","4":"has-post-thumbnail","6":"product_cat-haarschmuck","7":"product_cat-vintage-style","8":"clearfix","10":"first","11":"instock","12":"taxable","13":"shipping-taxable","14":"purchasable","15":"product-type-simple"},"_links":{"self":[{"href":"https:\/\/rado-design.at\/de_de\/wp-json\/wp\/v2\/product\/12014","targetHints":{"allow":["GET"]}}],"collection":[{"href":"https:\/\/rado-design.at\/de_de\/wp-json\/wp\/v2\/product"}],"about":[{"href":"https:\/\/rado-design.at\/de_de\/wp-json\/wp\/v2\/types\/product"}],"replies":[{"embeddable":true,"href":"https:\/\/rado-design.at\/de_de\/wp-json\/wp\/v2\/comments?post=12014"}],"wp:featuredmedia":[{"embeddable":true,"href":"https:\/\/rado-design.at\/de_de\/wp-json\/wp\/v2\/media\/11941"}],"wp:attachment":[{"href":"https:\/\/rado-design.at\/de_de\/wp-json\/wp\/v2\/media?parent=12014"}],"wp:term":[{"taxonomy":"product_brand","embeddable":true,"href":"https:\/\/rado-design.at\/de_de\/wp-json\/wp\/v2\/product_brand?post=12014"},{"taxonomy":"product_cat","embeddable":true,"href":"https:\/\/rado-design.at\/de_de\/wp-json\/wp\/v2\/product_cat?post=12014"},{"taxonomy":"product_tag","embeddable":true,"href":"https:\/\/rado-design.at\/de_de\/wp-json\/wp\/v2\/product_tag?post=12014"}],"curies":[{"name":"wp","href":"https:\/\/api.w.org\/{rel}","templated":true}]}}