{"id":12172,"date":"2026-01-22T12:52:09","date_gmt":"2026-01-22T12:52:09","guid":{"rendered":"https:\/\/rado-design.at\/?post_type=product&#038;p=12172"},"modified":"2026-01-27T13:56:34","modified_gmt":"2026-01-27T13:56:34","slug":"ohrhaenger-lara","status":"publish","type":"product","link":"https:\/\/rado-design.at\/de_de\/produkt\/ohrhaenger-lara\/","title":{"rendered":"Ohrh\u00e4nger &#8220;Lara&#8221; 2 in 1"},"content":{"rendered":"","protected":false},"excerpt":{"rendered":"<p>2 in 1 Statement Ohrschmuck<\/p>\n<p>&#8220;Lara&#8221; besteht aus von mir in liebevoller Handarbeit bemalten Blumen und Bl\u00fcten-Bl\u00e4tter, die ich mit S\u00fcsswasser Perlen kombiniert habe. Der untere Teil des Ohrrings l\u00e4sst sich abnehmen, sodass du die Ohrstecker auch separat tragen kannst. So entstehen zwei Looks in einem, ein klassischer Ohrstecker und ein eleganter 2 in 1 Ohrring. Der Verschluss ist aus nickelfreiem Edelstahl. &#8220;Lara&#8221; ist ein absoluter Hingucker!<\/p>\n<p>Farbe : Ivory \/ Silber \/ Perlmutt<\/p>\n<p>Gesamtl\u00e4nge : \u00a0ca 7,5 cm<\/p>\n","protected":false},"featured_media":12125,"comment_status":"open","ping_status":"closed","template":"","meta":[],"product_brand":[],"product_cat":[141,145],"product_tag":[],"class_list":{"0":"post-12172","1":"product","2":"type-product","3":"status-publish","4":"has-post-thumbnail","6":"product_cat-braut-schmuck","7":"product_cat-ohrschmuck-floral","8":"clearfix","10":"first","11":"instock","12":"taxable","13":"shipping-taxable","14":"purchasable","15":"product-type-simple"},"_links":{"self":[{"href":"https:\/\/rado-design.at\/de_de\/wp-json\/wp\/v2\/product\/12172","targetHints":{"allow":["GET"]}}],"collection":[{"href":"https:\/\/rado-design.at\/de_de\/wp-json\/wp\/v2\/product"}],"about":[{"href":"https:\/\/rado-design.at\/de_de\/wp-json\/wp\/v2\/types\/product"}],"replies":[{"embeddable":true,"href":"https:\/\/rado-design.at\/de_de\/wp-json\/wp\/v2\/comments?post=12172"}],"wp:featuredmedia":[{"embeddable":true,"href":"https:\/\/rado-design.at\/de_de\/wp-json\/wp\/v2\/media\/12125"}],"wp:attachment":[{"href":"https:\/\/rado-design.at\/de_de\/wp-json\/wp\/v2\/media?parent=12172"}],"wp:term":[{"taxonomy":"product_brand","embeddable":true,"href":"https:\/\/rado-design.at\/de_de\/wp-json\/wp\/v2\/product_brand?post=12172"},{"taxonomy":"product_cat","embeddable":true,"href":"https:\/\/rado-design.at\/de_de\/wp-json\/wp\/v2\/product_cat?post=12172"},{"taxonomy":"product_tag","embeddable":true,"href":"https:\/\/rado-design.at\/de_de\/wp-json\/wp\/v2\/product_tag?post=12172"}],"curies":[{"name":"wp","href":"https:\/\/api.w.org\/{rel}","templated":true}]}}