{"id":12173,"date":"2026-01-22T13:06:11","date_gmt":"2026-01-22T13:06:11","guid":{"rendered":"https:\/\/rado-design.at\/?post_type=product&#038;p=12173"},"modified":"2026-01-27T11:15:10","modified_gmt":"2026-01-27T11:15:10","slug":"ohrhaenger-anita-2-in-1","status":"publish","type":"product","link":"https:\/\/rado-design.at\/de_de\/produkt\/ohrhaenger-anita-2-in-1\/","title":{"rendered":"Ohrh\u00e4nger &#8220;Anita&#8221; 2 in 1"},"content":{"rendered":"","protected":false},"excerpt":{"rendered":"<p>2 in 1 Ohrschmuck<\/p>\n<p>&#8220;Anita&#8221; besteht aus von mir in liebevoller Handarbeit bemalten Blumen, die ich mit S\u00fcsswasser Perlen und Miyuki Perlen kombiniert habe. &#8220;Anita&#8221; Habe ich mit einem Tropfenanh\u00e4nger aus Kunstharz veredelt. Der untere Teil des Ohrrings l\u00e4sst sich abnehmen, sodass du die Ohrstecker auch separat tragen kannst. So entstehen zwei Looks in einem, ein klassischer Ohrstecker und ein eleganter 2 in 1 Ohrring. Der Verschluss ist aus nickelfreiem vergoldetem Edelstahl.<\/p>\n<p>Farbe : Ivory \/ Gelbgold \/ Perlmutt \/ Weiss<\/p>\n<p>Gesamtl\u00e4nge : ca 7,5 cm<\/p>\n","protected":false},"featured_media":12119,"comment_status":"open","ping_status":"closed","template":"","meta":[],"product_brand":[],"product_cat":[141,145],"product_tag":[],"class_list":{"0":"post-12173","1":"product","2":"type-product","3":"status-publish","4":"has-post-thumbnail","6":"product_cat-braut-schmuck","7":"product_cat-ohrschmuck-floral","8":"clearfix","10":"first","11":"instock","12":"taxable","13":"shipping-taxable","14":"purchasable","15":"product-type-simple"},"_links":{"self":[{"href":"https:\/\/rado-design.at\/de_de\/wp-json\/wp\/v2\/product\/12173","targetHints":{"allow":["GET"]}}],"collection":[{"href":"https:\/\/rado-design.at\/de_de\/wp-json\/wp\/v2\/product"}],"about":[{"href":"https:\/\/rado-design.at\/de_de\/wp-json\/wp\/v2\/types\/product"}],"replies":[{"embeddable":true,"href":"https:\/\/rado-design.at\/de_de\/wp-json\/wp\/v2\/comments?post=12173"}],"wp:featuredmedia":[{"embeddable":true,"href":"https:\/\/rado-design.at\/de_de\/wp-json\/wp\/v2\/media\/12119"}],"wp:attachment":[{"href":"https:\/\/rado-design.at\/de_de\/wp-json\/wp\/v2\/media?parent=12173"}],"wp:term":[{"taxonomy":"product_brand","embeddable":true,"href":"https:\/\/rado-design.at\/de_de\/wp-json\/wp\/v2\/product_brand?post=12173"},{"taxonomy":"product_cat","embeddable":true,"href":"https:\/\/rado-design.at\/de_de\/wp-json\/wp\/v2\/product_cat?post=12173"},{"taxonomy":"product_tag","embeddable":true,"href":"https:\/\/rado-design.at\/de_de\/wp-json\/wp\/v2\/product_tag?post=12173"}],"curies":[{"name":"wp","href":"https:\/\/api.w.org\/{rel}","templated":true}]}}