{"id":12174,"date":"2026-01-22T13:29:03","date_gmt":"2026-01-22T13:29:03","guid":{"rendered":"https:\/\/rado-design.at\/?post_type=product&#038;p=12174"},"modified":"2026-01-27T12:15:23","modified_gmt":"2026-01-27T12:15:23","slug":"ohrhaenger-campanula-2-in-1","status":"publish","type":"product","link":"https:\/\/rado-design.at\/de_de\/produkt\/ohrhaenger-campanula-2-in-1\/","title":{"rendered":"Ohrh\u00e4nger &#8220;Campanula&#8221; 2 in 1"},"content":{"rendered":"","protected":false},"excerpt":{"rendered":"<p>2 in 1 Ohrschmuck<\/p>\n<p>&#8220;Campanula&#8221; besteht aus von mir in liebevoller Handarbeit bemalten Glockenf\u00f6rmige Blumen, die ich mit S\u00fcsswasser Perlen und Glasst\u00e4ben kombiniert habe. &#8220;Campanula&#8221; ist mal was anderes, mit einem raffiniertem Design. Der untere Teil des Ohrrings l\u00e4sst sich abnehmen, sodass du die Ohrstecker auch separat tragen kannst. So entstehen zwei Looks in einem, ein klassischer Ohrstecker und ein eleganter 2 in 1 Ohrring. Der Verschluss ist aus nickelfreiem Edelstahl.<\/p>\n<p>Farbe : Ivory \/ Silber \/ Perlmutt \/ Weiss<\/p>\n<p>Gesamtl\u00e4nge : 9,5 cm<\/p>\n","protected":false},"featured_media":11982,"comment_status":"open","ping_status":"closed","template":"","meta":[],"product_brand":[],"product_cat":[141,145],"product_tag":[],"class_list":{"0":"post-12174","1":"product","2":"type-product","3":"status-publish","4":"has-post-thumbnail","6":"product_cat-braut-schmuck","7":"product_cat-ohrschmuck-floral","8":"clearfix","10":"first","11":"instock","12":"taxable","13":"shipping-taxable","14":"purchasable","15":"product-type-simple"},"_links":{"self":[{"href":"https:\/\/rado-design.at\/de_de\/wp-json\/wp\/v2\/product\/12174","targetHints":{"allow":["GET"]}}],"collection":[{"href":"https:\/\/rado-design.at\/de_de\/wp-json\/wp\/v2\/product"}],"about":[{"href":"https:\/\/rado-design.at\/de_de\/wp-json\/wp\/v2\/types\/product"}],"replies":[{"embeddable":true,"href":"https:\/\/rado-design.at\/de_de\/wp-json\/wp\/v2\/comments?post=12174"}],"wp:featuredmedia":[{"embeddable":true,"href":"https:\/\/rado-design.at\/de_de\/wp-json\/wp\/v2\/media\/11982"}],"wp:attachment":[{"href":"https:\/\/rado-design.at\/de_de\/wp-json\/wp\/v2\/media?parent=12174"}],"wp:term":[{"taxonomy":"product_brand","embeddable":true,"href":"https:\/\/rado-design.at\/de_de\/wp-json\/wp\/v2\/product_brand?post=12174"},{"taxonomy":"product_cat","embeddable":true,"href":"https:\/\/rado-design.at\/de_de\/wp-json\/wp\/v2\/product_cat?post=12174"},{"taxonomy":"product_tag","embeddable":true,"href":"https:\/\/rado-design.at\/de_de\/wp-json\/wp\/v2\/product_tag?post=12174"}],"curies":[{"name":"wp","href":"https:\/\/api.w.org\/{rel}","templated":true}]}}