{"id":12177,"date":"2026-01-24T10:21:13","date_gmt":"2026-01-24T10:21:13","guid":{"rendered":"https:\/\/rado-design.at\/?post_type=product&#038;p=12177"},"modified":"2026-01-24T10:21:13","modified_gmt":"2026-01-24T10:21:13","slug":"ohrhaenger-laura-2-in-1","status":"publish","type":"product","link":"https:\/\/rado-design.at\/de_de\/produkt\/ohrhaenger-laura-2-in-1\/","title":{"rendered":"Ohrh\u00e4nger &#8220;Laura&#8221; 2 in 1"},"content":{"rendered":"","protected":false},"excerpt":{"rendered":"<p>2 in 1 Ohrschmuck<\/p>\n<p>&#8220;Laura&#8221; besteht aus von mir in liebevoller Handarbeit bemalten Blumen, die ich mit S\u00fcsswasser Perlen kombiniert habe. Der untere Teil des Ohrrings l\u00e4sst sich abnehmen, sodass du die Bl\u00fcmchen Ohstecker auch separat tragen kannst. So entstehen zwei Looks in einem. Der Verschluss ist aus nickelfreiem Edelstahl.<\/p>\n<p>Farben : Ivory \/ Perlmutt \/ Silber ( Draht )<\/p>\n<p>Ohrh\u00e4nger &#8220;Laura&#8221; passt perfekt mit Haarteil &#8220;Laura&#8221; zusammen \ud83d\ude09<\/p>\n","protected":false},"featured_media":12211,"comment_status":"open","ping_status":"closed","template":"","meta":[],"product_brand":[],"product_cat":[141,145],"product_tag":[],"class_list":{"0":"post-12177","1":"product","2":"type-product","3":"status-publish","4":"has-post-thumbnail","6":"product_cat-braut-schmuck","7":"product_cat-ohrschmuck-floral","8":"clearfix","10":"first","11":"instock","12":"taxable","13":"shipping-taxable","14":"purchasable","15":"product-type-simple"},"_links":{"self":[{"href":"https:\/\/rado-design.at\/de_de\/wp-json\/wp\/v2\/product\/12177","targetHints":{"allow":["GET"]}}],"collection":[{"href":"https:\/\/rado-design.at\/de_de\/wp-json\/wp\/v2\/product"}],"about":[{"href":"https:\/\/rado-design.at\/de_de\/wp-json\/wp\/v2\/types\/product"}],"replies":[{"embeddable":true,"href":"https:\/\/rado-design.at\/de_de\/wp-json\/wp\/v2\/comments?post=12177"}],"wp:featuredmedia":[{"embeddable":true,"href":"https:\/\/rado-design.at\/de_de\/wp-json\/wp\/v2\/media\/12211"}],"wp:attachment":[{"href":"https:\/\/rado-design.at\/de_de\/wp-json\/wp\/v2\/media?parent=12177"}],"wp:term":[{"taxonomy":"product_brand","embeddable":true,"href":"https:\/\/rado-design.at\/de_de\/wp-json\/wp\/v2\/product_brand?post=12177"},{"taxonomy":"product_cat","embeddable":true,"href":"https:\/\/rado-design.at\/de_de\/wp-json\/wp\/v2\/product_cat?post=12177"},{"taxonomy":"product_tag","embeddable":true,"href":"https:\/\/rado-design.at\/de_de\/wp-json\/wp\/v2\/product_tag?post=12177"}],"curies":[{"name":"wp","href":"https:\/\/api.w.org\/{rel}","templated":true}]}}