{"id":12190,"date":"2026-01-22T16:08:58","date_gmt":"2026-01-22T16:08:58","guid":{"rendered":"https:\/\/rado-design.at\/?post_type=product&#038;p=12190"},"modified":"2026-01-22T16:08:58","modified_gmt":"2026-01-22T16:08:58","slug":"ohrhaenger-dorly","status":"publish","type":"product","link":"https:\/\/rado-design.at\/de_de\/produkt\/ohrhaenger-dorly\/","title":{"rendered":"Ohrh\u00e4nger &#8220;Dorly&#8221;"},"content":{"rendered":"","protected":false},"excerpt":{"rendered":"<p>&#8220;Dorly&#8221; besteht aus von mir in liebevoller Handarbeit bemalten Blumen, die ich mit S\u00fcsswasser Perlen und Miyuki Perlen kombiniert habe. &#8220;Dorly&#8221; habe ich mit einem Tropfenanh\u00e4nger aus Kunstharz veredelt. Der Blumen &#8211; Verschluss ist ebenfalls handbemalt, mit kleinen Bl\u00fcmchen aus Miyuki Perlen und \u00a0 aus nickelfreiem Edelstahl.<\/p>\n<p>Farbe : Ivory \u00a0\/ Perlmutt \/ Weiss \/ Silber ( Draht )<\/p>\n","protected":false},"featured_media":12152,"comment_status":"open","ping_status":"closed","template":"","meta":[],"product_brand":[],"product_cat":[141,145],"product_tag":[],"class_list":{"0":"post-12190","1":"product","2":"type-product","3":"status-publish","4":"has-post-thumbnail","6":"product_cat-braut-schmuck","7":"product_cat-ohrschmuck-floral","8":"clearfix","10":"first","11":"instock","12":"taxable","13":"shipping-taxable","14":"purchasable","15":"product-type-simple"},"_links":{"self":[{"href":"https:\/\/rado-design.at\/de_de\/wp-json\/wp\/v2\/product\/12190","targetHints":{"allow":["GET"]}}],"collection":[{"href":"https:\/\/rado-design.at\/de_de\/wp-json\/wp\/v2\/product"}],"about":[{"href":"https:\/\/rado-design.at\/de_de\/wp-json\/wp\/v2\/types\/product"}],"replies":[{"embeddable":true,"href":"https:\/\/rado-design.at\/de_de\/wp-json\/wp\/v2\/comments?post=12190"}],"wp:featuredmedia":[{"embeddable":true,"href":"https:\/\/rado-design.at\/de_de\/wp-json\/wp\/v2\/media\/12152"}],"wp:attachment":[{"href":"https:\/\/rado-design.at\/de_de\/wp-json\/wp\/v2\/media?parent=12190"}],"wp:term":[{"taxonomy":"product_brand","embeddable":true,"href":"https:\/\/rado-design.at\/de_de\/wp-json\/wp\/v2\/product_brand?post=12190"},{"taxonomy":"product_cat","embeddable":true,"href":"https:\/\/rado-design.at\/de_de\/wp-json\/wp\/v2\/product_cat?post=12190"},{"taxonomy":"product_tag","embeddable":true,"href":"https:\/\/rado-design.at\/de_de\/wp-json\/wp\/v2\/product_tag?post=12190"}],"curies":[{"name":"wp","href":"https:\/\/api.w.org\/{rel}","templated":true}]}}