{"id":12455,"date":"2026-01-28T15:18:11","date_gmt":"2026-01-28T15:18:11","guid":{"rendered":"https:\/\/rado-design.at\/?post_type=product&#038;p=12455"},"modified":"2026-01-28T15:18:11","modified_gmt":"2026-01-28T15:18:11","slug":"ohrstecker-bally-weiss","status":"publish","type":"product","link":"https:\/\/rado-design.at\/de_de\/produkt\/ohrstecker-bally-weiss\/","title":{"rendered":"Ohrstecker &#8220;Bally&#8221;- Weiss"},"content":{"rendered":"","protected":false},"excerpt":{"rendered":"<p>Ohrh\u00e4nger &#8220;Bally&#8221; besteht aus von mir in liebevoller Handarbeit bemalten Blumen, facettierten Glasperlen und aus Resin-Tropfen.<\/p>\n<p>F\u00fcr die &#8220;Bally&#8221; Serie haben mich die sch\u00f6nen Wandelr\u00f6schen und deren Form inspiriert, die ich auf einer Monaco Reise entdeckt habe.<\/p>\n<p>Der Stecker ist aus vergoldeten medizinischen Edelstahl.<\/p>\n<p>Farbe: Weiss \/ Gr\u00fcn \/ Orange \/ Gold<\/p>\n<p>Gr\u00f6sse : ca 3 cm<\/p>\n","protected":false},"featured_media":10573,"comment_status":"open","ping_status":"closed","template":"","meta":[],"product_brand":[],"product_cat":[141,145,156],"product_tag":[],"class_list":{"0":"post-12455","1":"product","2":"type-product","3":"status-publish","4":"has-post-thumbnail","6":"product_cat-braut-schmuck","7":"product_cat-ohrschmuck-floral","8":"product_cat-vintage-style","9":"clearfix","11":"first","12":"instock","13":"taxable","14":"shipping-taxable","15":"purchasable","16":"product-type-simple"},"_links":{"self":[{"href":"https:\/\/rado-design.at\/de_de\/wp-json\/wp\/v2\/product\/12455","targetHints":{"allow":["GET"]}}],"collection":[{"href":"https:\/\/rado-design.at\/de_de\/wp-json\/wp\/v2\/product"}],"about":[{"href":"https:\/\/rado-design.at\/de_de\/wp-json\/wp\/v2\/types\/product"}],"replies":[{"embeddable":true,"href":"https:\/\/rado-design.at\/de_de\/wp-json\/wp\/v2\/comments?post=12455"}],"wp:featuredmedia":[{"embeddable":true,"href":"https:\/\/rado-design.at\/de_de\/wp-json\/wp\/v2\/media\/10573"}],"wp:attachment":[{"href":"https:\/\/rado-design.at\/de_de\/wp-json\/wp\/v2\/media?parent=12455"}],"wp:term":[{"taxonomy":"product_brand","embeddable":true,"href":"https:\/\/rado-design.at\/de_de\/wp-json\/wp\/v2\/product_brand?post=12455"},{"taxonomy":"product_cat","embeddable":true,"href":"https:\/\/rado-design.at\/de_de\/wp-json\/wp\/v2\/product_cat?post=12455"},{"taxonomy":"product_tag","embeddable":true,"href":"https:\/\/rado-design.at\/de_de\/wp-json\/wp\/v2\/product_tag?post=12455"}],"curies":[{"name":"wp","href":"https:\/\/api.w.org\/{rel}","templated":true}]}}