{"id":12460,"date":"2026-01-30T13:10:31","date_gmt":"2026-01-30T13:10:31","guid":{"rendered":"https:\/\/rado-design.at\/?post_type=product&#038;p=12460"},"modified":"2026-01-30T13:10:31","modified_gmt":"2026-01-30T13:10:31","slug":"ohrstecker-michelle","status":"publish","type":"product","link":"https:\/\/rado-design.at\/de_de\/produkt\/ohrstecker-michelle\/","title":{"rendered":"Ohrstecker &#8220;Michelle&#8221;"},"content":{"rendered":"","protected":false},"excerpt":{"rendered":"<p>Ohrstecker &#8220;Michelle&#8221; besteht aus von mir in liebevoller Handarbeit bemalten Blumen, facettierten Glasperlen und aus Glasst\u00e4ben.<\/p>\n<p>&#8220;Michelle&#8221; geh\u00f6rt zur Serie &#8220;Bally&#8221; Serie mich die sch\u00f6nen Wandelr\u00f6schen und deren Form inspiriert, die ich auf einer Monaco Reise entdeckt habe.<\/p>\n<p>Der Stecker ist aus vergoldetem medizinischen Edelstahl.<\/p>\n<p>Farbe: Rosegold \/ Magenta \u00a0\/ Rosa \/ Silber (Glasst\u00e4be) \/ Gelbgold ( Verschluss)<\/p>\n<p>Gesamtl\u00e4nge ca 4 cm<\/p>\n","protected":false},"featured_media":12337,"comment_status":"open","ping_status":"closed","template":"","meta":[],"product_brand":[],"product_cat":[145,156],"product_tag":[],"class_list":{"0":"post-12460","1":"product","2":"type-product","3":"status-publish","4":"has-post-thumbnail","6":"product_cat-ohrschmuck-floral","7":"product_cat-vintage-style","8":"clearfix","10":"first","11":"instock","12":"taxable","13":"shipping-taxable","14":"purchasable","15":"product-type-simple"},"_links":{"self":[{"href":"https:\/\/rado-design.at\/de_de\/wp-json\/wp\/v2\/product\/12460","targetHints":{"allow":["GET"]}}],"collection":[{"href":"https:\/\/rado-design.at\/de_de\/wp-json\/wp\/v2\/product"}],"about":[{"href":"https:\/\/rado-design.at\/de_de\/wp-json\/wp\/v2\/types\/product"}],"replies":[{"embeddable":true,"href":"https:\/\/rado-design.at\/de_de\/wp-json\/wp\/v2\/comments?post=12460"}],"wp:featuredmedia":[{"embeddable":true,"href":"https:\/\/rado-design.at\/de_de\/wp-json\/wp\/v2\/media\/12337"}],"wp:attachment":[{"href":"https:\/\/rado-design.at\/de_de\/wp-json\/wp\/v2\/media?parent=12460"}],"wp:term":[{"taxonomy":"product_brand","embeddable":true,"href":"https:\/\/rado-design.at\/de_de\/wp-json\/wp\/v2\/product_brand?post=12460"},{"taxonomy":"product_cat","embeddable":true,"href":"https:\/\/rado-design.at\/de_de\/wp-json\/wp\/v2\/product_cat?post=12460"},{"taxonomy":"product_tag","embeddable":true,"href":"https:\/\/rado-design.at\/de_de\/wp-json\/wp\/v2\/product_tag?post=12460"}],"curies":[{"name":"wp","href":"https:\/\/api.w.org\/{rel}","templated":true}]}}