{"id":12469,"date":"2026-01-30T16:52:32","date_gmt":"2026-01-30T16:52:32","guid":{"rendered":"https:\/\/rado-design.at\/?post_type=product&#038;p=12469"},"modified":"2026-01-30T16:52:32","modified_gmt":"2026-01-30T16:52:32","slug":"ohrhaenger-mariposa-pastellgelb","status":"publish","type":"product","link":"https:\/\/rado-design.at\/de_de\/produkt\/ohrhaenger-mariposa-pastellgelb\/","title":{"rendered":"Ohrh\u00e4nger &#8220;Mariposa&#8221; Pastellgelb"},"content":{"rendered":"","protected":false},"excerpt":{"rendered":"<p>Ohrring Serie &#8220;Mariposa&#8221;<\/p>\n<p>Die Ohrring Serie &#8220;Mariposa&#8221; steht f\u00fcr Leichtigkeit, Romantik, und besondere Details. Jedes Paar wird aus hochwertigen Elementen, wie Kunstharz, Cabochon, handbemalten Blumen, edlen S\u00fcsswasser Perlen sowie zarten Stoff Schmetterlingen von mir per Hand gefertigt.<\/p>\n<p>Durch die liebevolle Kombination dieser Materialien entsteht ein romantischer Look, der sofort ins Auge f\u00e4llt. Die Ohrringe sind echte Hingucker und setzen ein stillvolles Statement im Alltag &#8211; gleichzeitig sind sie auch eine besondere Wahl f\u00fcr Br\u00e4ute die das Au\u00dfergew\u00f6hnliche lieben.<\/p>\n<p>Der Verschluss ist aus vergoldetem medizineschen Edelstahl ( nickelfrei ).<\/p>\n<p>Farben :Pastellgelb \/ Weiss \/ Gold<\/p>\n","protected":false},"featured_media":9701,"comment_status":"open","ping_status":"closed","template":"","meta":[],"product_brand":[],"product_cat":[155],"product_tag":[],"class_list":{"0":"post-12469","1":"product","2":"type-product","3":"status-publish","4":"has-post-thumbnail","6":"product_cat-schmetterlinge","7":"clearfix","9":"first","10":"instock","11":"taxable","12":"shipping-taxable","13":"purchasable","14":"product-type-simple"},"_links":{"self":[{"href":"https:\/\/rado-design.at\/de_de\/wp-json\/wp\/v2\/product\/12469","targetHints":{"allow":["GET"]}}],"collection":[{"href":"https:\/\/rado-design.at\/de_de\/wp-json\/wp\/v2\/product"}],"about":[{"href":"https:\/\/rado-design.at\/de_de\/wp-json\/wp\/v2\/types\/product"}],"replies":[{"embeddable":true,"href":"https:\/\/rado-design.at\/de_de\/wp-json\/wp\/v2\/comments?post=12469"}],"wp:featuredmedia":[{"embeddable":true,"href":"https:\/\/rado-design.at\/de_de\/wp-json\/wp\/v2\/media\/9701"}],"wp:attachment":[{"href":"https:\/\/rado-design.at\/de_de\/wp-json\/wp\/v2\/media?parent=12469"}],"wp:term":[{"taxonomy":"product_brand","embeddable":true,"href":"https:\/\/rado-design.at\/de_de\/wp-json\/wp\/v2\/product_brand?post=12469"},{"taxonomy":"product_cat","embeddable":true,"href":"https:\/\/rado-design.at\/de_de\/wp-json\/wp\/v2\/product_cat?post=12469"},{"taxonomy":"product_tag","embeddable":true,"href":"https:\/\/rado-design.at\/de_de\/wp-json\/wp\/v2\/product_tag?post=12469"}],"curies":[{"name":"wp","href":"https:\/\/api.w.org\/{rel}","templated":true}]}}