{"id":12634,"date":"2026-02-07T12:46:17","date_gmt":"2026-02-07T12:46:17","guid":{"rendered":"https:\/\/rado-design.at\/?post_type=product&#038;p=12634"},"modified":"2026-02-07T12:52:22","modified_gmt":"2026-02-07T12:52:22","slug":"ohrhaenger-fleur-klee-drops-rose","status":"publish","type":"product","link":"https:\/\/rado-design.at\/de_de\/produkt\/ohrhaenger-fleur-klee-drops-rose\/","title":{"rendered":"Ohrh\u00e4nger &#8220;Fleur-Klee&#8221; Drops Rose"},"content":{"rendered":"","protected":false},"excerpt":{"rendered":"<p>Die Ohrh\u00e4nger &#8220;Fleur-Klee&#8221; besteht aus facettierten Glasperlen und feinen japanischen Miyuki-Perlen, veredelt mit Tropfen-Anh\u00e4nger aus Kunstharz. Ihren Namen hat &#8220;Fleur-Klee&#8221; aufgrund ihrer Blumen &amp; Klee-f\u00f6rmigen Form erhalten. &#8220;Fleur-Klee&#8221; wurde von mir mit viel Liebe zum Detail handgekn\u00fcpft. Der Verschluss ist aus nickelfreiem vergoldetem medizinischem Edelstahl.<\/p>\n<p>Farben : Rosegold \/ Glitter-Rosegold ( Verschluss )<\/p>\n<p>Gr\u00f6sse : 6,5 cm Gesamtl\u00e4nge \/ 2,5 cm Breite<\/p>\n","protected":false},"featured_media":12617,"comment_status":"open","ping_status":"closed","template":"","meta":[],"product_brand":[],"product_cat":[157],"product_tag":[],"class_list":{"0":"post-12634","1":"product","2":"type-product","3":"status-publish","4":"has-post-thumbnail","6":"product_cat-ohrhaenger-handgeknuepft","7":"clearfix","9":"first","10":"instock","11":"taxable","12":"shipping-taxable","13":"purchasable","14":"product-type-simple"},"_links":{"self":[{"href":"https:\/\/rado-design.at\/de_de\/wp-json\/wp\/v2\/product\/12634","targetHints":{"allow":["GET"]}}],"collection":[{"href":"https:\/\/rado-design.at\/de_de\/wp-json\/wp\/v2\/product"}],"about":[{"href":"https:\/\/rado-design.at\/de_de\/wp-json\/wp\/v2\/types\/product"}],"replies":[{"embeddable":true,"href":"https:\/\/rado-design.at\/de_de\/wp-json\/wp\/v2\/comments?post=12634"}],"wp:featuredmedia":[{"embeddable":true,"href":"https:\/\/rado-design.at\/de_de\/wp-json\/wp\/v2\/media\/12617"}],"wp:attachment":[{"href":"https:\/\/rado-design.at\/de_de\/wp-json\/wp\/v2\/media?parent=12634"}],"wp:term":[{"taxonomy":"product_brand","embeddable":true,"href":"https:\/\/rado-design.at\/de_de\/wp-json\/wp\/v2\/product_brand?post=12634"},{"taxonomy":"product_cat","embeddable":true,"href":"https:\/\/rado-design.at\/de_de\/wp-json\/wp\/v2\/product_cat?post=12634"},{"taxonomy":"product_tag","embeddable":true,"href":"https:\/\/rado-design.at\/de_de\/wp-json\/wp\/v2\/product_tag?post=12634"}],"curies":[{"name":"wp","href":"https:\/\/api.w.org\/{rel}","templated":true}]}}