{"id":1679,"date":"2021-11-19T12:45:15","date_gmt":"2021-11-19T12:45:15","guid":{"rendered":"https:\/\/rado-design.at\/?post_type=product&#038;p=1679"},"modified":"2023-11-11T09:05:12","modified_gmt":"2023-11-11T09:05:12","slug":"collier-sweetheart-collien","status":"publish","type":"product","link":"https:\/\/rado-design.at\/de_de\/produkt\/collier-sweetheart-collien\/","title":{"rendered":"Collier &#8220;Sweetheart&#8221; Collien"},"content":{"rendered":"","protected":false},"excerpt":{"rendered":"<p>Meine &#8220;Sweetheart&#8221; Collier Kollektion fertige ich ausschlie\u00dflich aus Swarovski Kristallen. Die Bl\u00fcten und Bl\u00e4tter wurden von mir in liebevoller Handarbeit bemalt. Das Collier ist l\u00e4ngenverstellbar, der Verschluss ist aus nickelfreiem vergoldetem Metall. Das besondere daran ist das man sie auch als Haarschmuck tragen kann.<\/p>\n<p>Farbe : Ros\u00e9gold \/ Kristall<\/p>\n","protected":false},"featured_media":1662,"comment_status":"open","ping_status":"closed","template":"","meta":[],"product_brand":[],"product_cat":[137],"product_tag":[],"class_list":{"0":"post-1679","1":"product","2":"type-product","3":"status-publish","4":"has-post-thumbnail","6":"product_cat-collier","7":"clearfix","9":"first","10":"instock","11":"taxable","12":"shipping-taxable","13":"purchasable","14":"product-type-simple"},"_links":{"self":[{"href":"https:\/\/rado-design.at\/de_de\/wp-json\/wp\/v2\/product\/1679","targetHints":{"allow":["GET"]}}],"collection":[{"href":"https:\/\/rado-design.at\/de_de\/wp-json\/wp\/v2\/product"}],"about":[{"href":"https:\/\/rado-design.at\/de_de\/wp-json\/wp\/v2\/types\/product"}],"replies":[{"embeddable":true,"href":"https:\/\/rado-design.at\/de_de\/wp-json\/wp\/v2\/comments?post=1679"}],"wp:featuredmedia":[{"embeddable":true,"href":"https:\/\/rado-design.at\/de_de\/wp-json\/wp\/v2\/media\/1662"}],"wp:attachment":[{"href":"https:\/\/rado-design.at\/de_de\/wp-json\/wp\/v2\/media?parent=1679"}],"wp:term":[{"taxonomy":"product_brand","embeddable":true,"href":"https:\/\/rado-design.at\/de_de\/wp-json\/wp\/v2\/product_brand?post=1679"},{"taxonomy":"product_cat","embeddable":true,"href":"https:\/\/rado-design.at\/de_de\/wp-json\/wp\/v2\/product_cat?post=1679"},{"taxonomy":"product_tag","embeddable":true,"href":"https:\/\/rado-design.at\/de_de\/wp-json\/wp\/v2\/product_tag?post=1679"}],"curies":[{"name":"wp","href":"https:\/\/api.w.org\/{rel}","templated":true}]}}