{"id":1912,"date":"2021-11-21T15:05:33","date_gmt":"2021-11-21T15:05:33","guid":{"rendered":"https:\/\/rado-design.at\/?post_type=product&#038;p=1912"},"modified":"2023-11-11T09:11:59","modified_gmt":"2023-11-11T09:11:59","slug":"haarkranz-happiness","status":"publish","type":"product","link":"https:\/\/rado-design.at\/de_de\/produkt\/haarkranz-happiness\/","title":{"rendered":"Haarkranz &#8220;Jasmina&#8221;"},"content":{"rendered":"","protected":false},"excerpt":{"rendered":"<p>Die Serie fertige ich aus verschiedenen Elementen, wie (zum Beispiel) Glaswachsperlen, facettierte Glasperlen und die von mir mit viel Liebe handbemalten Blumen und Bl\u00e4tter. &#8220;Jasmina&#8221; ist mehrreihig &#8220;gebunden&#8221;, somit ist sie etwas auff\u00e4lliger im Design. Das besondere an der Kollektion ist die Vielfalt an Tragem\u00f6glichkeiten, zum Beispiel als Collier. Die biegsamen Haarteile sind das Highlight in jeder Frisur. Sie verleihen der Tr\u00e4gerin Eleganz an ihrem besonderen Tag.<\/p>\n<p>Farbe: Ivory \/ Rose \/ Eucalyptus- Gr\u00fcn<\/p>\n","protected":false},"featured_media":1895,"comment_status":"open","ping_status":"closed","template":"","meta":[],"product_brand":[],"product_cat":[141,147],"product_tag":[],"class_list":{"0":"post-1912","1":"product","2":"type-product","3":"status-publish","4":"has-post-thumbnail","6":"product_cat-braut-schmuck","7":"product_cat-haarschmuck","8":"clearfix","10":"first","11":"instock","12":"taxable","13":"shipping-taxable","14":"purchasable","15":"product-type-simple"},"_links":{"self":[{"href":"https:\/\/rado-design.at\/de_de\/wp-json\/wp\/v2\/product\/1912","targetHints":{"allow":["GET"]}}],"collection":[{"href":"https:\/\/rado-design.at\/de_de\/wp-json\/wp\/v2\/product"}],"about":[{"href":"https:\/\/rado-design.at\/de_de\/wp-json\/wp\/v2\/types\/product"}],"replies":[{"embeddable":true,"href":"https:\/\/rado-design.at\/de_de\/wp-json\/wp\/v2\/comments?post=1912"}],"wp:featuredmedia":[{"embeddable":true,"href":"https:\/\/rado-design.at\/de_de\/wp-json\/wp\/v2\/media\/1895"}],"wp:attachment":[{"href":"https:\/\/rado-design.at\/de_de\/wp-json\/wp\/v2\/media?parent=1912"}],"wp:term":[{"taxonomy":"product_brand","embeddable":true,"href":"https:\/\/rado-design.at\/de_de\/wp-json\/wp\/v2\/product_brand?post=1912"},{"taxonomy":"product_cat","embeddable":true,"href":"https:\/\/rado-design.at\/de_de\/wp-json\/wp\/v2\/product_cat?post=1912"},{"taxonomy":"product_tag","embeddable":true,"href":"https:\/\/rado-design.at\/de_de\/wp-json\/wp\/v2\/product_tag?post=1912"}],"curies":[{"name":"wp","href":"https:\/\/api.w.org\/{rel}","templated":true}]}}