{"id":2858,"date":"2022-03-08T12:00:28","date_gmt":"2022-03-08T12:00:28","guid":{"rendered":"https:\/\/rado-design.at\/?post_type=product&#038;p=2858"},"modified":"2026-01-21T11:13:47","modified_gmt":"2026-01-21T11:13:47","slug":"haarkranz-happiness-violetta-amethyst","status":"publish","type":"product","link":"https:\/\/rado-design.at\/de_de\/produkt\/haarkranz-happiness-violetta-amethyst\/","title":{"rendered":"Haarkranz &#8220;Violetta Amethyst&#8221;"},"content":{"rendered":"","protected":false},"excerpt":{"rendered":"<p>Die Serie fertige ich aus verschiedenen Elementen, wie (zum Beispiel) Glaswachsperlen, facettierte Glasperlen und die von mir mit viel Liebe handbemalten Blumen und Bl\u00e4tter. &#8220;Violetta&#8221;habe ich mit Edelsteinen \/ Amethyst veredelt. &#8220;Violetta&#8221; ist mehrreihig &#8220;gebunden&#8221;, somit ist sie etwas auff\u00e4lliger im Design. Das besondere an der Kollektion ist die Vielfalt an Tragem\u00f6glichkeiten, zum Beispiel als Collier oder als G\u00fcrtel. Die biegsamen Haarteile sind das Highlight in jeder Frisur.<\/p>\n<p>Farbe: Ivory \/ Ros\u00e9gold \u00a0\/ Violett<\/p>\n","protected":false},"featured_media":2821,"comment_status":"open","ping_status":"closed","template":"","meta":[],"product_brand":[],"product_cat":[147],"product_tag":[],"class_list":{"0":"post-2858","1":"product","2":"type-product","3":"status-publish","4":"has-post-thumbnail","6":"product_cat-haarschmuck","7":"clearfix","9":"first","10":"instock","11":"taxable","12":"shipping-taxable","13":"purchasable","14":"product-type-simple"},"_links":{"self":[{"href":"https:\/\/rado-design.at\/de_de\/wp-json\/wp\/v2\/product\/2858","targetHints":{"allow":["GET"]}}],"collection":[{"href":"https:\/\/rado-design.at\/de_de\/wp-json\/wp\/v2\/product"}],"about":[{"href":"https:\/\/rado-design.at\/de_de\/wp-json\/wp\/v2\/types\/product"}],"replies":[{"embeddable":true,"href":"https:\/\/rado-design.at\/de_de\/wp-json\/wp\/v2\/comments?post=2858"}],"wp:featuredmedia":[{"embeddable":true,"href":"https:\/\/rado-design.at\/de_de\/wp-json\/wp\/v2\/media\/2821"}],"wp:attachment":[{"href":"https:\/\/rado-design.at\/de_de\/wp-json\/wp\/v2\/media?parent=2858"}],"wp:term":[{"taxonomy":"product_brand","embeddable":true,"href":"https:\/\/rado-design.at\/de_de\/wp-json\/wp\/v2\/product_brand?post=2858"},{"taxonomy":"product_cat","embeddable":true,"href":"https:\/\/rado-design.at\/de_de\/wp-json\/wp\/v2\/product_cat?post=2858"},{"taxonomy":"product_tag","embeddable":true,"href":"https:\/\/rado-design.at\/de_de\/wp-json\/wp\/v2\/product_tag?post=2858"}],"curies":[{"name":"wp","href":"https:\/\/api.w.org\/{rel}","templated":true}]}}