{"id":2871,"date":"2022-03-08T16:50:32","date_gmt":"2022-03-08T16:50:32","guid":{"rendered":"https:\/\/rado-design.at\/?post_type=product&#038;p=2871"},"modified":"2026-01-21T10:54:11","modified_gmt":"2026-01-21T10:54:11","slug":"haarkamm-heidy","status":"publish","type":"product","link":"https:\/\/rado-design.at\/de_de\/produkt\/haarkamm-heidy\/","title":{"rendered":"Haarkamm &#8220;Heidy&#8221;"},"content":{"rendered":"","protected":false},"excerpt":{"rendered":"<p>Haarkamm &#8220;Heidy&#8221; besteht aus von mir in liebevoller Handarbeit bemalten Blumen, Bl\u00e4tter und aus facettierten Glasperlen. Die femininen Haarteile, wie &#8220;Heidy&#8221; k\u00f6nnen vielf\u00e4ltig in jede Frisur nach Belieben mit oder ohne Schleier, seitlich oder in Kombination mit dem passenden Haarkranz eingearbeitet werden.<\/p>\n","protected":false},"featured_media":2790,"comment_status":"open","ping_status":"closed","template":"","meta":[],"product_brand":[],"product_cat":[147,156],"product_tag":[],"class_list":{"0":"post-2871","1":"product","2":"type-product","3":"status-publish","4":"has-post-thumbnail","6":"product_cat-haarschmuck","7":"product_cat-vintage-style","8":"clearfix","10":"first","11":"instock","12":"taxable","13":"shipping-taxable","14":"purchasable","15":"product-type-simple"},"_links":{"self":[{"href":"https:\/\/rado-design.at\/de_de\/wp-json\/wp\/v2\/product\/2871","targetHints":{"allow":["GET"]}}],"collection":[{"href":"https:\/\/rado-design.at\/de_de\/wp-json\/wp\/v2\/product"}],"about":[{"href":"https:\/\/rado-design.at\/de_de\/wp-json\/wp\/v2\/types\/product"}],"replies":[{"embeddable":true,"href":"https:\/\/rado-design.at\/de_de\/wp-json\/wp\/v2\/comments?post=2871"}],"wp:featuredmedia":[{"embeddable":true,"href":"https:\/\/rado-design.at\/de_de\/wp-json\/wp\/v2\/media\/2790"}],"wp:attachment":[{"href":"https:\/\/rado-design.at\/de_de\/wp-json\/wp\/v2\/media?parent=2871"}],"wp:term":[{"taxonomy":"product_brand","embeddable":true,"href":"https:\/\/rado-design.at\/de_de\/wp-json\/wp\/v2\/product_brand?post=2871"},{"taxonomy":"product_cat","embeddable":true,"href":"https:\/\/rado-design.at\/de_de\/wp-json\/wp\/v2\/product_cat?post=2871"},{"taxonomy":"product_tag","embeddable":true,"href":"https:\/\/rado-design.at\/de_de\/wp-json\/wp\/v2\/product_tag?post=2871"}],"curies":[{"name":"wp","href":"https:\/\/api.w.org\/{rel}","templated":true}]}}