{"id":4825,"date":"2022-10-18T11:16:39","date_gmt":"2022-10-18T11:16:39","guid":{"rendered":"https:\/\/rado-design.at\/?post_type=product&#038;p=4825"},"modified":"2023-02-14T14:07:55","modified_gmt":"2023-02-14T14:07:55","slug":"haarkamm-anastasia","status":"publish","type":"product","link":"https:\/\/rado-design.at\/de_de\/produkt\/haarkamm-anastasia\/","title":{"rendered":"Haarkamm &#8220;Anastasia&#8221;"},"content":{"rendered":"","protected":false},"excerpt":{"rendered":"<p>Haarkamm &#8220;Anastasia&#8221; besteht aus von mir in liebevoller Handarbeit bemalten Blumen und Bl\u00e4tter, die ich mit Glaswachsperlen kombiniert habe. Die femininen Haarteile, wie &#8220;Anastasia&#8221; k\u00f6nnen vielf\u00e4ltig in jede Frisur nach Belieben mit oder ohne Schleier, seitlich oder in Kombination mit dem passenden Haarkranz eingearbeitet werden.<\/p>\n","protected":false},"featured_media":4753,"comment_status":"open","ping_status":"closed","template":"","meta":[],"product_brand":[],"product_cat":[141,147],"product_tag":[],"class_list":{"0":"post-4825","1":"product","2":"type-product","3":"status-publish","4":"has-post-thumbnail","6":"product_cat-braut-schmuck","7":"product_cat-haarschmuck","8":"clearfix","10":"first","11":"instock","12":"taxable","13":"shipping-taxable","14":"purchasable","15":"product-type-simple"},"_links":{"self":[{"href":"https:\/\/rado-design.at\/de_de\/wp-json\/wp\/v2\/product\/4825","targetHints":{"allow":["GET"]}}],"collection":[{"href":"https:\/\/rado-design.at\/de_de\/wp-json\/wp\/v2\/product"}],"about":[{"href":"https:\/\/rado-design.at\/de_de\/wp-json\/wp\/v2\/types\/product"}],"replies":[{"embeddable":true,"href":"https:\/\/rado-design.at\/de_de\/wp-json\/wp\/v2\/comments?post=4825"}],"wp:featuredmedia":[{"embeddable":true,"href":"https:\/\/rado-design.at\/de_de\/wp-json\/wp\/v2\/media\/4753"}],"wp:attachment":[{"href":"https:\/\/rado-design.at\/de_de\/wp-json\/wp\/v2\/media?parent=4825"}],"wp:term":[{"taxonomy":"product_brand","embeddable":true,"href":"https:\/\/rado-design.at\/de_de\/wp-json\/wp\/v2\/product_brand?post=4825"},{"taxonomy":"product_cat","embeddable":true,"href":"https:\/\/rado-design.at\/de_de\/wp-json\/wp\/v2\/product_cat?post=4825"},{"taxonomy":"product_tag","embeddable":true,"href":"https:\/\/rado-design.at\/de_de\/wp-json\/wp\/v2\/product_tag?post=4825"}],"curies":[{"name":"wp","href":"https:\/\/api.w.org\/{rel}","templated":true}]}}