{"id":6171,"date":"2023-06-07T09:06:58","date_gmt":"2023-06-07T09:06:58","guid":{"rendered":"https:\/\/rado-design.at\/?post_type=product&#038;p=6171"},"modified":"2025-12-09T15:14:46","modified_gmt":"2025-12-09T15:14:46","slug":"ohrhaenger-katharina","status":"publish","type":"product","link":"https:\/\/rado-design.at\/de_de\/produkt\/ohrhaenger-katharina\/","title":{"rendered":"Ohrh\u00e4nger &#8220;Tamara&#8221;"},"content":{"rendered":"","protected":false},"excerpt":{"rendered":"<p>&#8220;Tamara&#8221; besteht aus von mir in liebevoller Handarbeit bemalten Glocken f\u00f6rmigen Blumen, die ich mit S\u00fcsswasserperlen und Glasst\u00e4be kombiniert habe. Der Verschluss ist aus Edelstahl. Gesamtl\u00e4nge inkl. Verschluss ca 7,8 cm.<\/p>\n<p>Farbe: Ivory \/ Perlmutt \/ Gold<\/p>\n","protected":false},"featured_media":6897,"comment_status":"open","ping_status":"closed","template":"","meta":[],"product_brand":[],"product_cat":[141,145],"product_tag":[],"class_list":{"0":"post-6171","1":"product","2":"type-product","3":"status-publish","4":"has-post-thumbnail","6":"product_cat-braut-schmuck","7":"product_cat-ohrschmuck-floral","8":"clearfix","10":"first","11":"instock","12":"taxable","13":"shipping-taxable","14":"purchasable","15":"product-type-simple"},"_links":{"self":[{"href":"https:\/\/rado-design.at\/de_de\/wp-json\/wp\/v2\/product\/6171","targetHints":{"allow":["GET"]}}],"collection":[{"href":"https:\/\/rado-design.at\/de_de\/wp-json\/wp\/v2\/product"}],"about":[{"href":"https:\/\/rado-design.at\/de_de\/wp-json\/wp\/v2\/types\/product"}],"replies":[{"embeddable":true,"href":"https:\/\/rado-design.at\/de_de\/wp-json\/wp\/v2\/comments?post=6171"}],"wp:featuredmedia":[{"embeddable":true,"href":"https:\/\/rado-design.at\/de_de\/wp-json\/wp\/v2\/media\/6897"}],"wp:attachment":[{"href":"https:\/\/rado-design.at\/de_de\/wp-json\/wp\/v2\/media?parent=6171"}],"wp:term":[{"taxonomy":"product_brand","embeddable":true,"href":"https:\/\/rado-design.at\/de_de\/wp-json\/wp\/v2\/product_brand?post=6171"},{"taxonomy":"product_cat","embeddable":true,"href":"https:\/\/rado-design.at\/de_de\/wp-json\/wp\/v2\/product_cat?post=6171"},{"taxonomy":"product_tag","embeddable":true,"href":"https:\/\/rado-design.at\/de_de\/wp-json\/wp\/v2\/product_tag?post=6171"}],"curies":[{"name":"wp","href":"https:\/\/api.w.org\/{rel}","templated":true}]}}