{"id":6414,"date":"2023-06-21T14:11:15","date_gmt":"2023-06-21T14:11:15","guid":{"rendered":"https:\/\/rado-design.at\/?post_type=product&#038;p=6414"},"modified":"2024-06-06T13:25:00","modified_gmt":"2024-06-06T13:25:00","slug":"haarteil-alena","status":"publish","type":"product","link":"https:\/\/rado-design.at\/de_de\/produkt\/haarteil-alena\/","title":{"rendered":"Haarteil &#8220;Alena&#8221;"},"content":{"rendered":"","protected":false},"excerpt":{"rendered":"<p>Haarteil &#8220;Alena&#8221; besteht aus von mir mit viel Liebe handbemalten Blumen und Bl\u00e4tter, die ich mit S\u00fcsswasserperlen und Preziosa Glasperlen kombiniert habe. Das besondere an &#8220;Alena&#8221; ist die Vielfalt an Tragem\u00f6glichkeiten. Die biegsame Teile sind das Highlight in jeder Frisur.<\/p>\n<p>L\u00e4nge: 19 cm \/ Breite: 4,5 cm<\/p>\n<p>Farbe: Ivory \/ Perlmutt\/ Salbeigr\u00fcn \u00a0\/ Weiss<\/p>\n","protected":false},"featured_media":6359,"comment_status":"open","ping_status":"closed","template":"","meta":[],"product_brand":[],"product_cat":[141,147],"product_tag":[],"class_list":{"0":"post-6414","1":"product","2":"type-product","3":"status-publish","4":"has-post-thumbnail","6":"product_cat-braut-schmuck","7":"product_cat-haarschmuck","8":"clearfix","10":"first","11":"instock","12":"taxable","13":"shipping-taxable","14":"purchasable","15":"product-type-simple"},"_links":{"self":[{"href":"https:\/\/rado-design.at\/de_de\/wp-json\/wp\/v2\/product\/6414","targetHints":{"allow":["GET"]}}],"collection":[{"href":"https:\/\/rado-design.at\/de_de\/wp-json\/wp\/v2\/product"}],"about":[{"href":"https:\/\/rado-design.at\/de_de\/wp-json\/wp\/v2\/types\/product"}],"replies":[{"embeddable":true,"href":"https:\/\/rado-design.at\/de_de\/wp-json\/wp\/v2\/comments?post=6414"}],"wp:featuredmedia":[{"embeddable":true,"href":"https:\/\/rado-design.at\/de_de\/wp-json\/wp\/v2\/media\/6359"}],"wp:attachment":[{"href":"https:\/\/rado-design.at\/de_de\/wp-json\/wp\/v2\/media?parent=6414"}],"wp:term":[{"taxonomy":"product_brand","embeddable":true,"href":"https:\/\/rado-design.at\/de_de\/wp-json\/wp\/v2\/product_brand?post=6414"},{"taxonomy":"product_cat","embeddable":true,"href":"https:\/\/rado-design.at\/de_de\/wp-json\/wp\/v2\/product_cat?post=6414"},{"taxonomy":"product_tag","embeddable":true,"href":"https:\/\/rado-design.at\/de_de\/wp-json\/wp\/v2\/product_tag?post=6414"}],"curies":[{"name":"wp","href":"https:\/\/api.w.org\/{rel}","templated":true}]}}