{"id":9187,"date":"2025-02-19T20:17:56","date_gmt":"2025-02-19T20:17:56","guid":{"rendered":"https:\/\/rado-design.at\/?post_type=product&#038;p=9187"},"modified":"2026-01-28T16:02:47","modified_gmt":"2026-01-28T16:02:47","slug":"ohrstecker-bally-violett","status":"publish","type":"product","link":"https:\/\/rado-design.at\/de_de\/produkt\/ohrstecker-bally-violett\/","title":{"rendered":"Ohrstecker &#8220;Bally&#8221;-Violett"},"content":{"rendered":"","protected":false},"excerpt":{"rendered":"<p>Ohrstecker &#8220;Bally&#8221; in Violett besteht aus von mir in liebevoller Handarbeit bemalten Blumen und facettierten Glasperlen.<\/p>\n<p>F\u00fcr die &#8220;Bally&#8221; Serie haben mich die sch\u00f6nen Wandelr\u00f6schen und deren Form inspiriert, die ich auf einer Monaco Reise entdeckt habe.<\/p>\n<p>Der Stecker ist aus vergoldeten medizinischen Edelstahl.<\/p>\n<p>Gr\u00f6sse : 2,5 cm<\/p>\n<p>Farbe : Dunkelviolett \/ Hellviolett<\/p>\n","protected":false},"featured_media":9166,"comment_status":"open","ping_status":"closed","template":"","meta":[],"product_brand":[],"product_cat":[145,156],"product_tag":[],"class_list":{"0":"post-9187","1":"product","2":"type-product","3":"status-publish","4":"has-post-thumbnail","6":"product_cat-ohrschmuck-floral","7":"product_cat-vintage-style","8":"clearfix","10":"first","11":"instock","12":"taxable","13":"shipping-taxable","14":"purchasable","15":"product-type-simple"},"_links":{"self":[{"href":"https:\/\/rado-design.at\/de_de\/wp-json\/wp\/v2\/product\/9187","targetHints":{"allow":["GET"]}}],"collection":[{"href":"https:\/\/rado-design.at\/de_de\/wp-json\/wp\/v2\/product"}],"about":[{"href":"https:\/\/rado-design.at\/de_de\/wp-json\/wp\/v2\/types\/product"}],"replies":[{"embeddable":true,"href":"https:\/\/rado-design.at\/de_de\/wp-json\/wp\/v2\/comments?post=9187"}],"wp:featuredmedia":[{"embeddable":true,"href":"https:\/\/rado-design.at\/de_de\/wp-json\/wp\/v2\/media\/9166"}],"wp:attachment":[{"href":"https:\/\/rado-design.at\/de_de\/wp-json\/wp\/v2\/media?parent=9187"}],"wp:term":[{"taxonomy":"product_brand","embeddable":true,"href":"https:\/\/rado-design.at\/de_de\/wp-json\/wp\/v2\/product_brand?post=9187"},{"taxonomy":"product_cat","embeddable":true,"href":"https:\/\/rado-design.at\/de_de\/wp-json\/wp\/v2\/product_cat?post=9187"},{"taxonomy":"product_tag","embeddable":true,"href":"https:\/\/rado-design.at\/de_de\/wp-json\/wp\/v2\/product_tag?post=9187"}],"curies":[{"name":"wp","href":"https:\/\/api.w.org\/{rel}","templated":true}]}}