{"id":9195,"date":"2025-02-20T09:58:38","date_gmt":"2025-02-20T09:58:38","guid":{"rendered":"https:\/\/rado-design.at\/?post_type=product&#038;p=9195"},"modified":"2026-01-28T15:28:23","modified_gmt":"2026-01-28T15:28:23","slug":"ring-bally-pink","status":"publish","type":"product","link":"https:\/\/rado-design.at\/de_de\/produkt\/ring-bally-pink\/","title":{"rendered":"Ring &#8220;Bally&#8221;-XL-Pink"},"content":{"rendered":"","protected":false},"excerpt":{"rendered":"<p>Der Ring &#8220;Bally-Pink&#8221; besteht aus mir in liebevoller Handarbeit bemalten Blumen und Bl\u00e4tter, die ich mit facettierten Glasperlen und Miyuki Perlen kombiniert habe. Der Ring ist verstellbar und besteht aus vergoldetem medizinischem Edelstahl.<\/p>\n<p>Gr\u00f6sse : aussen inkl. Bl\u00e4tter gemessen : ca 4 cm , Bl\u00fcte innen 2,5 cm<\/p>\n<p>Farben : Hellrosa \/ Pink \/ Gelbgold \/ Hellgr\u00fcn<\/p>\n","protected":false},"featured_media":9167,"comment_status":"open","ping_status":"closed","template":"","meta":[],"product_brand":[],"product_cat":[154,156],"product_tag":[],"class_list":{"0":"post-9195","1":"product","2":"type-product","3":"status-publish","4":"has-post-thumbnail","6":"product_cat-ring","7":"product_cat-vintage-style","8":"clearfix","10":"first","11":"instock","12":"taxable","13":"shipping-taxable","14":"purchasable","15":"product-type-simple"},"_links":{"self":[{"href":"https:\/\/rado-design.at\/de_de\/wp-json\/wp\/v2\/product\/9195","targetHints":{"allow":["GET"]}}],"collection":[{"href":"https:\/\/rado-design.at\/de_de\/wp-json\/wp\/v2\/product"}],"about":[{"href":"https:\/\/rado-design.at\/de_de\/wp-json\/wp\/v2\/types\/product"}],"replies":[{"embeddable":true,"href":"https:\/\/rado-design.at\/de_de\/wp-json\/wp\/v2\/comments?post=9195"}],"wp:featuredmedia":[{"embeddable":true,"href":"https:\/\/rado-design.at\/de_de\/wp-json\/wp\/v2\/media\/9167"}],"wp:attachment":[{"href":"https:\/\/rado-design.at\/de_de\/wp-json\/wp\/v2\/media?parent=9195"}],"wp:term":[{"taxonomy":"product_brand","embeddable":true,"href":"https:\/\/rado-design.at\/de_de\/wp-json\/wp\/v2\/product_brand?post=9195"},{"taxonomy":"product_cat","embeddable":true,"href":"https:\/\/rado-design.at\/de_de\/wp-json\/wp\/v2\/product_cat?post=9195"},{"taxonomy":"product_tag","embeddable":true,"href":"https:\/\/rado-design.at\/de_de\/wp-json\/wp\/v2\/product_tag?post=9195"}],"curies":[{"name":"wp","href":"https:\/\/api.w.org\/{rel}","templated":true}]}}