{"id":9295,"date":"2025-02-19T21:39:20","date_gmt":"2025-02-19T21:39:20","guid":{"rendered":"https:\/\/rado-design.at\/?post_type=product&#038;p=9295"},"modified":"2025-06-22T04:52:14","modified_gmt":"2025-06-22T04:52:14","slug":"haarteil-hibiskus-weiss","status":"publish","type":"product","link":"https:\/\/rado-design.at\/de_de\/produkt\/haarteil-hibiskus-weiss\/","title":{"rendered":"Haarteil &#8220;Hibiskus-Weiss&#8221;"},"content":{"rendered":"","protected":false},"excerpt":{"rendered":"<p>Aloha!<\/p>\n<p>Haarteil &#8220;Hibiskus-Wei\u00df&#8221; besteht aus von mir in liebevoller Handarbeit bemalten Blumen und Bl\u00e4ttern, die ich mit facettierten Glasperlen kombiniert habe.<\/p>\n<p>Die Bl\u00fcte binde ich aus f\u00fcnf verschiedenen kleinen Blumen, somit entsteht eine gro\u00dfe Hibiskus Bl\u00fcte. Urspr\u00fcnglich stammt der Hibiskus aus S\u00fcdostasien, aber auch auf Hawaii ist es die offizielle Staatsblume und wird als die &#8220;unverg\u00e4ngliche Blume&#8221; bezeichnet.<\/p>\n<p>Haarteil &#8220;Hibiskus&#8221; passt perfekt zu einer Strandhochzeit im exotischen Stil, aber ist auch als Alltags Haarschmuck gut geeignet. Befestigt wird die Blume mit Bobby Pins.<\/p>\n<p>Gesamtl\u00e4nge : \u00a0ca 10 cm<\/p>\n<p>Farbe : Weiss \/ Rot \/ Eucalyptus-Gr\u00fcn \u00a0\/ Hellgr\u00fcn<\/p>\n","protected":false},"featured_media":9222,"comment_status":"open","ping_status":"closed","template":"","meta":[],"product_brand":[],"product_cat":[141,147,156],"product_tag":[],"class_list":{"0":"post-9295","1":"product","2":"type-product","3":"status-publish","4":"has-post-thumbnail","6":"product_cat-braut-schmuck","7":"product_cat-haarschmuck","8":"product_cat-vintage-style","9":"clearfix","11":"first","12":"instock","13":"taxable","14":"shipping-taxable","15":"purchasable","16":"product-type-simple"},"_links":{"self":[{"href":"https:\/\/rado-design.at\/de_de\/wp-json\/wp\/v2\/product\/9295","targetHints":{"allow":["GET"]}}],"collection":[{"href":"https:\/\/rado-design.at\/de_de\/wp-json\/wp\/v2\/product"}],"about":[{"href":"https:\/\/rado-design.at\/de_de\/wp-json\/wp\/v2\/types\/product"}],"replies":[{"embeddable":true,"href":"https:\/\/rado-design.at\/de_de\/wp-json\/wp\/v2\/comments?post=9295"}],"wp:featuredmedia":[{"embeddable":true,"href":"https:\/\/rado-design.at\/de_de\/wp-json\/wp\/v2\/media\/9222"}],"wp:attachment":[{"href":"https:\/\/rado-design.at\/de_de\/wp-json\/wp\/v2\/media?parent=9295"}],"wp:term":[{"taxonomy":"product_brand","embeddable":true,"href":"https:\/\/rado-design.at\/de_de\/wp-json\/wp\/v2\/product_brand?post=9295"},{"taxonomy":"product_cat","embeddable":true,"href":"https:\/\/rado-design.at\/de_de\/wp-json\/wp\/v2\/product_cat?post=9295"},{"taxonomy":"product_tag","embeddable":true,"href":"https:\/\/rado-design.at\/de_de\/wp-json\/wp\/v2\/product_tag?post=9295"}],"curies":[{"name":"wp","href":"https:\/\/api.w.org\/{rel}","templated":true}]}}