{"id":1194,"date":"2020-09-26T15:19:29","date_gmt":"2020-09-26T15:19:29","guid":{"rendered":"https:\/\/rado-design.at\/?page_id=1194"},"modified":"2024-10-24T15:57:34","modified_gmt":"2024-10-24T15:57:34","slug":"kollektionen","status":"publish","type":"page","link":"https:\/\/rado-design.at\/en\/kollektionen\/","title":{"rendered":"Collections"},"content":{"rendered":"<div class=\"wpb-content-wrapper\"><div data-vc-parallax=\"1.5\" data-vc-parallax-o-fade=\"on\" class=\"vc_row wpb_row vc_row-fluid vc_row-has-fill vc_general vc_parallax vc_parallax-content-moving-fade js-vc_parallax-o-fade wpb_animate_when_almost_visible haru-css-animation wpb_fadeIn\"><div class=\"wpb_column vc_column_container vc_col-sm-12\"><div class=\"vc_column-inner\"><div class=\"wpb_wrapper\"><h2 style=\"text-align: center;font-family:Abril Fatface;font-weight:400;font-style:normal\" class=\"vc_custom_heading default\">Hairvine<\/h2><div class=\"vc_empty_space\"   style=\"height: 32px\"><span class=\"vc_empty_space_inner\"><\/span><\/div>                        <div class=\"\">\n                <div class=\"banner-shortcode-wrap style_1\">\n    <div class=\"banner-content-wrap\">\n                                    <img decoding=\"async\" src=\"https:\/\/rado-design.at\/wp-content\/uploads\/2022\/10\/IMG_0535-scaled.jpeg\" alt=\"Hairvine\">\n                        <div class=\"banner-content-inner\">\n                <div class=\"banner-content\">\n                                            <h6 class=\"banner-title\">Hairvine<\/h6>\n                                                        <\/div>\n            <\/div>\n            <\/div>\n<\/div>            <\/div>\n                    <\/div><\/div><\/div><\/div><div class=\"vc_row wpb_row vc_row-fluid\"><div class=\"wpb_column vc_column_container vc_col-sm-2\"><div class=\"vc_column-inner\"><div class=\"wpb_wrapper\"><\/div><\/div><\/div><div class=\"wpb_column vc_column_container vc_col-sm-8\"><div class=\"vc_column-inner\"><div class=\"wpb_wrapper\">\n\t<div class=\"wpb_text_column wpb_content_element\" >\n\t\t<div class=\"wpb_wrapper\">\n\t\t\t<p style=\"text-align: center;\">Die \u201eHairvine\u201c Kollektion ist dezent, edel, verspielt, romantisch und ein echter Hingucker zugleich. Die Serie fertige ich aus Acryl Blumen und auch in Kombination mit Acryl Bl\u00e4tter, die von mir mit Lack bemalt werden.<br \/>\n\u201eHairvine\u201c umfasst verschiedene Haarschmuck-St\u00fccke, die mit S\u00fc\u00dfwasserperlen, Glaswachsperlen oder aber auch mit facettierten Glasperlen veredelt werden.<br \/>\nDas besondere an der \u201eHairvine\u201c Kollektion ist die Vielfalt an Trage-M\u00f6glichkeiten.<br \/>\nThe flexible hairpieces are the highlight in every hairstyle, which with or without a veil goes with every wedding look.<\/p>\n\n\t\t<\/div>\n\t<\/div>\n<\/div><\/div><\/div><div class=\"wpb_column vc_column_container vc_col-sm-2\"><div class=\"vc_column-inner\"><div class=\"wpb_wrapper\"><\/div><\/div><\/div><\/div><div data-vc-parallax=\"1.5\" data-vc-parallax-o-fade=\"on\" class=\"vc_row wpb_row vc_row-fluid vc_row-has-fill vc_general vc_parallax vc_parallax-content-moving-fade js-vc_parallax-o-fade\"><div class=\"wpb_column vc_column_container vc_col-sm-12\"><div class=\"vc_column-inner\"><div class=\"wpb_wrapper\"><h2 style=\"text-align: center;font-family:Abril Fatface;font-weight:400;font-style:normal\" class=\"vc_custom_heading default\">Rosenbl\u00fcten<\/h2><div class=\"vc_empty_space\"   style=\"height: 32px\"><span class=\"vc_empty_space_inner\"><\/span><\/div>                        <div class=\"\">\n                <div class=\"banner-shortcode-wrap style_1\">\n    <div class=\"banner-content-wrap\">\n                                    <img decoding=\"async\" src=\"https:\/\/rado-design.at\/wp-content\/uploads\/2022\/03\/IMG_8978-scaled.jpeg\" alt=\"Rosenbl\u00fcten\">\n                        <div class=\"banner-content-inner\">\n                <div class=\"banner-content\">\n                                            <h6 class=\"banner-title\">Rosenbl\u00fcten<\/h6>\n                                                        <\/div>\n            <\/div>\n            <\/div>\n<\/div>            <\/div>\n                    <\/div><\/div><\/div><\/div><div class=\"vc_row wpb_row vc_row-fluid\"><div class=\"wpb_column vc_column_container vc_col-sm-2\"><div class=\"vc_column-inner\"><div class=\"wpb_wrapper\"><\/div><\/div><\/div><div class=\"wpb_column vc_column_container vc_col-sm-8\"><div class=\"vc_column-inner\"><div class=\"wpb_wrapper\">\n\t<div class=\"wpb_text_column wpb_content_element\" >\n\t\t<div class=\"wpb_wrapper\">\n\t\t\t<p style=\"text-align: center;\">As the name suggests, the \u201cRosi\u201d collection is based on rose petals.<br \/>\nThe fine flowers made of paper were hand-painted by me with great attention to detail with watercolor paints.<br \/>\nBy coloring with a brush, you can achieve wonderful effects that make the flowers appear real.<br \/>\nThis collection is very popular and is perfect for a romantic traditional wedding.<br \/>\nI make pieces for the bride, bridesmaids, for first communion or to match the costume.<\/p>\n\n\t\t<\/div>\n\t<\/div>\n<\/div><\/div><\/div><div class=\"wpb_column vc_column_container vc_col-sm-2\"><div class=\"vc_column-inner\"><div class=\"wpb_wrapper\"><\/div><\/div><\/div><\/div><div class=\"vc_row wpb_row vc_row-fluid\"><div class=\"wpb_column vc_column_container vc_col-sm-12\"><div class=\"vc_column-inner\"><div class=\"wpb_wrapper\">\n\t<div class=\"wpb_text_column wpb_content_element\" >\n\t\t<div class=\"wpb_wrapper\">\n\t\t\t<p style=\"text-align: center;\">Du hast Deine eigene Idee f\u00fcr einen bevorstehenden Event und m\u00f6chtest Deinen individuelles Schmuckst\u00fcck anfertigen lassen?<\/p>\n<p style=\"text-align: center;\">Vereinbare einen Termin und ich berate Dich gerne bei Zsanett Rado Design<\/p>\n<p style=\"text-align: center;\">Frauengasse 10, 2500 Baden bei Wien .\u00a0\u00d6ffnungszeiten: Dienstag &#8211; Freitag \u00a09:30 &#8211; 13: 00 \/ 14:00 &#8211; 18:00 \/ Samstag 9:30 &#8211; 13:00<\/p>\n<p style=\"text-align: center;\">Terminvereinbarungen bitte per Mail unter office@rado-design.at<span class=\"Apple-converted-space\">\u00a0<\/span><\/p>\n\n\t\t<\/div>\n\t<\/div>\n<\/div><\/div><\/div><\/div>\n<\/div>","protected":false},"excerpt":{"rendered":"Hairvine Hairvine Die \u201eHairvine\u201c Kollektion ist dezent, edel, verspielt, romantisch und ein echter Hingucker zugleich. Die Serie fertige ich aus Acryl Blumen und auch in Kombination mit Acryl Bl\u00e4tter, die von mir mit Lack bemalt werden. \u201eHairvine\u201c umfasst verschiedene Haarschmuck-St\u00fccke, die mit S\u00fc\u00dfwasserperlen, Glaswachsperlen oder aber auch mit facettierten Glasperlen veredelt werden. Das besondere an [...]","protected":false},"author":1,"featured_media":0,"parent":0,"menu_order":0,"comment_status":"closed","ping_status":"closed","template":"","meta":{"footnotes":""},"class_list":["post-1194","page","type-page","status-publish","hentry","clearfix"],"_links":{"self":[{"href":"https:\/\/rado-design.at\/en\/wp-json\/wp\/v2\/pages\/1194","targetHints":{"allow":["GET"]}}],"collection":[{"href":"https:\/\/rado-design.at\/en\/wp-json\/wp\/v2\/pages"}],"about":[{"href":"https:\/\/rado-design.at\/en\/wp-json\/wp\/v2\/types\/page"}],"author":[{"embeddable":true,"href":"https:\/\/rado-design.at\/en\/wp-json\/wp\/v2\/users\/1"}],"replies":[{"embeddable":true,"href":"https:\/\/rado-design.at\/en\/wp-json\/wp\/v2\/comments?post=1194"}],"version-history":[{"count":37,"href":"https:\/\/rado-design.at\/en\/wp-json\/wp\/v2\/pages\/1194\/revisions"}],"predecessor-version":[{"id":8403,"href":"https:\/\/rado-design.at\/en\/wp-json\/wp\/v2\/pages\/1194\/revisions\/8403"}],"wp:attachment":[{"href":"https:\/\/rado-design.at\/en\/wp-json\/wp\/v2\/media?parent=1194"}],"curies":[{"name":"wp","href":"https:\/\/api.w.org\/{rel}","templated":true}]}}