{"id":1369,"date":"2020-11-05T09:17:25","date_gmt":"2020-11-05T09:17:25","guid":{"rendered":"https:\/\/rado-design.at\/?page_id=1369"},"modified":"2020-11-11T16:27:35","modified_gmt":"2020-11-11T16:27:35","slug":"versand-und-zahlung","status":"publish","type":"page","link":"https:\/\/rado-design.at\/en\/versand-und-zahlung\/","title":{"rendered":"Shipping and Payment"},"content":{"rendered":"<p>The following conditions apply:<\/p>\n<p>&nbsp;<\/p>\n<h5>Shipping conditions<\/h5>\n<p>Delivery is made domestically (Austria) and in the following countries.<br \/>\nShipping costs including statutory value added tax.<br \/>\nThe shipping costs will be communicated to the customer during the ordering process.<\/p>\n<p>Domestic deliveries ( Austria):<br \/>\nWe charge the shipping costs at a flat rate Euro 6,90 per order.<\/p>\n<h5>Deliveries abroad<\/h5>\n<p>Wir berechnen die Versandkosten ins Ausland pauschal wie folgt:<br \/>\nEU and foreign countries: Euro 14,90<\/p>\n<p>All shipments inside and outside Austria will be delivered by Austrian mail.\nPlease note that when shipping to non-EU countries, any import VAT and any customs duties are to be borne by recipients.<br \/>\nIn this regard, please contact the competent customs authority.<\/p>\n<p>The delivery is subject to availability. Deviations in delivery times are possible, as the order processing time is 1-3 working days.<\/p>\n<h5>Delivery times<\/h5>\n<p>If no other deadline is specified in the respective offer, the goods are delivered domestically within 1-3 days, in the case of foreign deliveries within 5-7 days after conclusion of the contract (if advance payment has been agreed, after the time of your payment instruction).<br \/>\nPlease note that no deliveries will be made on Sundays and public holidays.<\/p>\n<h5>Return<\/h5>\n<p>If you make use of your right of withdrawal and want to return the goods to \u201eRADO-DESIGN\u201c, the following conditions apply.<\/p>\n<p>The costs for returning the order within and outside Austria are to be borne by the customer.<br \/>\nAny customs costs incurred for delivery and return from non-EU countries will not be borne by \u201eRADO-DESIGN\u201c.<\/p>\n<p>Returns will only be taken back completely, unworn, in the original packaging and with a security seal.<\/p>\n<h5>Exchange<\/h5>\n<p>The goods purchased from \u201eRADO-DESIGN\u201c cannot be exchanged.<\/p>\n<h5>Complaint about your delivery<\/h5>\n<p>Is the product you ordered defective? We are sorry. We would be happy to check your complaint. Please send us an email, we will process it as soon as possible.<\/p>\n<h5>Transport damage<\/h5>\n<p>If you notice any transport damage to the delivered goods or the packaging upon delivery, we ask you to inform \u201eRADO-DESIGN\u201c as soon as possible.<br \/>\nYou must have the transport company\u2019s employee confirm in writing when accepting the goods.\nFailure to provide written confirmation has no consequences for you in terms of statutory warranty rights.<br \/>\nThe written confirmation of the carrier only supports the assertion of \u201eRADO-DESIGN\u201c claim against the carrier or the transport insurance. If you should take photos of the damage, please send them to \u201eRADO-DESIGN\u201c by E-mail.<br \/>\nE-Mail: office@rado-design.at<\/p>\n<h5>Accepted payment options<\/h5>\n<p><b>Payment with credit card<\/b><\/p>\n<p>When paying by credit card, the customers credit card is charged immediately when the order process is completed. After reporting back to Zsanett Rado (\u201eRADO-DESIGN\u201c) that the credit card has been charged, the invoice amount will be debited from the customers credit card. If the debit is successful, the goods will be sent. Payment by credit card does not incur any additional charges<\/p>\n<p><b>Payment with PayPal<\/b><\/p>\n<p>PayPal is an online payment service with wich you can pay for purchases quickly and securely. PayPal relies on the payment methods that you know from your bank. With every transaction, the customer decides whether he wants to pay by bank transfer, direct debit, from a credit on his PayPal account or by credit card. No matter wich method he chooses, there are no additional fees.<\/p>\n<p><b>Payment in advance<\/b><\/p>\n<p>Select prepayment in the payment step and complete the order.<br \/>\nPlease transfer the total amount within 5 working days after placing your order, stating the order number, to the bank account mentioned below.<br \/>\nAny transfer costs and bank charges are to be borne by the customer. We will ship your order as soon as the payment has been received on our account.<\/p>\n<h5>Our Bank Details<\/h5>\n<p>Zsanett Rado<br \/>\nRADO DESIGN<br \/>\nErste Bank Sparkasse AG<br \/>\nIBAN: AT09 2011 1286 4244 7413<br \/>\nBIC : GIBAATWWXXX<\/p>","protected":false},"excerpt":{"rendered":"<p>Es gelten folgende Bedingungen: &nbsp; Versandbedingungen Die Lieferung erfolgt im Inland (\u00d6sterreich) und in die nachstehenden L\u00e4nder. Versandkosten: inklusive gesetzliche Mehrwertsteuer Die Versandkosten werden dem Kunden w\u00e4hrend des Bestellvorgangs mitgeteilt. Lieferungen im Inland (\u00d6sterreich): Wir berechnen die Versandkosten pauschal mit Euro 6,90 pro Bestellung. Lieferungen ins Ausland Wir berechnen die Versandkosten ins Ausland pauschal wie [&hellip;]<\/p>\n","protected":false},"author":1,"featured_media":0,"parent":0,"menu_order":0,"comment_status":"closed","ping_status":"closed","template":"","meta":{"footnotes":""},"class_list":["post-1369","page","type-page","status-publish","hentry","clearfix"],"_links":{"self":[{"href":"https:\/\/rado-design.at\/en\/wp-json\/wp\/v2\/pages\/1369","targetHints":{"allow":["GET"]}}],"collection":[{"href":"https:\/\/rado-design.at\/en\/wp-json\/wp\/v2\/pages"}],"about":[{"href":"https:\/\/rado-design.at\/en\/wp-json\/wp\/v2\/types\/page"}],"author":[{"embeddable":true,"href":"https:\/\/rado-design.at\/en\/wp-json\/wp\/v2\/users\/1"}],"replies":[{"embeddable":true,"href":"https:\/\/rado-design.at\/en\/wp-json\/wp\/v2\/comments?post=1369"}],"version-history":[{"count":10,"href":"https:\/\/rado-design.at\/en\/wp-json\/wp\/v2\/pages\/1369\/revisions"}],"predecessor-version":[{"id":1413,"href":"https:\/\/rado-design.at\/en\/wp-json\/wp\/v2\/pages\/1369\/revisions\/1413"}],"wp:attachment":[{"href":"https:\/\/rado-design.at\/en\/wp-json\/wp\/v2\/media?parent=1369"}],"curies":[{"name":"wp","href":"https:\/\/api.w.org\/{rel}","templated":true}]}}