{"id":41,"date":"2018-08-27T08:21:39","date_gmt":"2018-08-27T08:21:39","guid":{"rendered":"https:\/\/demo.harutheme.com\/myha\/?page_id=41"},"modified":"2026-03-26T19:47:03","modified_gmt":"2026-03-26T19:47:03","slug":"home","status":"publish","type":"page","link":"https:\/\/rado-design.at\/en\/","title":{"rendered":"Home"},"content":{"rendered":"<div class=\"wpb-content-wrapper\"><div data-vc-full-width=\"true\" data-vc-full-width-init=\"false\" class=\"vc_row wpb_row vc_row-fluid slideshow-home-3\"><div class=\"wpb_column vc_column_container vc_col-sm-12\"><div class=\"vc_column-inner\"><div class=\"wpb_wrapper\"><div class=\"vc_row wpb_row vc_inner vc_row-fluid\"><div class=\"wpb_column vc_column_container vc_col-sm-12\"><div class=\"vc_column-inner\"><div class=\"wpb_wrapper\">\n\t\t\t\t<p class=\"rs-p-wp-fix\"><\/p>\n\t\t\t\t<sr7-module data-alias=\"notgeneric-1\" data-id=\"4\" id=\"SR7_4_1\" data-version=\"6.7.51\">\n\t\t\t\t\t<sr7-adjuster><\/sr7-adjuster>\n\t\t\t\t\t<sr7-content>\n\t\t\t\t\t\t<sr7-slide id=\"SR7_4_1-5\" data-key=\"5\">\n\t\t\t\t\t\t\t<sr7-bg id=\"SR7_4_1-5-slidebg\" class=\"sr7-layer\"><noscript><img decoding=\"async\" src=\"https:\/\/rado-design.at\/wp-content\/uploads\/2022\/11\/Rado_Design_Haarschmuck_4577.jpg\" alt=\"\" title=\"Rado_Design_Haarschmuck_4577\"><\/noscript><\/sr7-bg>\n\t\t\t\t\t\t\t<sr7-txt id=\"SR7_4_1-5-1\" class=\"sr7-layer\">Haarschmuck<\/sr7-txt>\n\t\t\t\t\t\t\t<sr7-txt id=\"SR7_4_1-5-4\" class=\"sr7-layer\">FLORAL I HANDBEMALT I EINZIGARTIG<\/sr7-txt>\n\t\t\t\t\t\t\t<a id=\"SR7_4_1-5-7\" class=\"sr7-layer\" href=\"https:\/\/rado-design.at\/shop\/\" target=\"_self\">SHOP<\/a>\n\t\t\t\t\t\t\t<sr7-txt id=\"SR7_4_1-5-9\" class=\"sr7-layer\">\t\t\t\t\t\t\t\n\t\t\t\t\t\t\t<span>\n\t\t\t\t\t\t\t<\/span>\t\t\t\t\t\t\t\n\t\t\t\t\t\t<\/sr7-txt>\n\t\t\t\t\t\t<\/sr7-slide>\n\t\t\t\t\t\t<sr7-slide id=\"SR7_4_1-10\" data-key=\"10\">\n\t\t\t\t\t\t\t<sr7-bg id=\"SR7_4_1-10-slidebg\" class=\"sr7-layer\"><noscript><img decoding=\"async\" src=\"https:\/\/rado-design.at\/wp-content\/uploads\/2023\/06\/Silder_IMG_5775.jpg\" alt=\"\" title=\"Silder_IMG_5775\"><\/noscript><\/sr7-bg>\n\t\t\t\t\t\t\t<sr7-txt id=\"SR7_4_1-10-1\" class=\"sr7-layer\">Ohrschmuck<\/sr7-txt>\n\t\t\t\t\t\t\t<sr7-txt id=\"SR7_4_1-10-4\" class=\"sr7-layer\">ZEITLOS I HOCHWERTIG I CHIC<\/sr7-txt>\n\t\t\t\t\t\t\t<a id=\"SR7_4_1-10-7\" class=\"sr7-layer\" href=\"https:\/\/rado-design.at\/shop\/\" target=\"_self\">SHOP<\/a>\n\t\t\t\t\t\t\t<sr7-txt id=\"SR7_4_1-10-9\" class=\"sr7-layer\">\t\t\t\t\t\t\t\n\t\t\t\t\t\t\t<span>\n\t\t\t\t\t\t\t<\/span>\t\t\t\t\t\t\t\n\t\t\t\t\t\t<\/sr7-txt>\n\t\t\t\t\t\t<\/sr7-slide>\n\t\t\t\t\t\t<sr7-slide id=\"SR7_4_1-11\" data-key=\"11\">\n\t\t\t\t\t\t\t<sr7-bg id=\"SR7_4_1-11-slidebg\" class=\"sr7-layer\"><noscript><img decoding=\"async\" src=\"https:\/\/rado-design.at\/wp-content\/uploads\/2023\/06\/Slider_IMG_3565.jpg\" alt=\"\" title=\"Slider_IMG_3565\"><\/noscript><\/sr7-bg>\n\t\t\t\t\t\t\t<sr7-txt id=\"SR7_4_1-11-1\" class=\"sr7-layer\">Store Baden bei Wien<\/sr7-txt>\n\t\t\t\t\t\t\t<sr7-txt id=\"SR7_4_1-11-4\" class=\"sr7-layer\">ACCESSOIRES ALLER ART<\/sr7-txt>\n\t\t\t\t\t\t\t<a id=\"SR7_4_1-11-7\" class=\"sr7-layer\" href=\"https:\/\/rado-design.at\/shop\/\" target=\"_self\">SHOP<\/a>\n\t\t\t\t\t\t\t<sr7-txt id=\"SR7_4_1-11-9\" class=\"sr7-layer\">\t\t\t\t\t\t\t\n\t\t\t\t\t\t\t<span>\n\t\t\t\t\t\t\t<\/span>\t\t\t\t\t\t\t\n\t\t\t\t\t\t<\/sr7-txt>\n\t\t\t\t\t\t<\/sr7-slide>\n\t\t\t\t\t\t<sr7-slide id=\"SR7_4_1-14\" data-key=\"14\">\n\t\t\t\t\t\t<\/sr7-slide>\n\t\t\t\t\t<\/sr7-content>\n\t\t\t\t<\/sr7-module>\n\t\t\t\t<script>\n\t\t\t\t\twindow.SR7 ??={};SR7.PMH ??={}; SR7.PMH[\"SR7_4_1\"] = {cn:100,state:false,fn: function() { if (window._tpt!==undefined && window._tpt.prepareModuleHeight !== undefined) {  _tpt.prepareModuleHeight({id:\"SR7_4_1\",el:[868,768,960,720],type:'standard',shdw:'0',gh:[868,768,960,720],gw:[1240,1024,778,480],vpt:['-200px'],size:{fullWidth:true, fullHeight:false},mh:'0',onh:0,onw:0,bg:{color:'transparent'},plType:'-1',plColor:'#FFFFFF'});   SR7.PMH[\"SR7_4_1\"].state=true;} else if(SR7.PMH[\"SR7_4_1\"].cn-->0)\tsetTimeout( SR7.PMH[\"SR7_4_1\"].fn,19);}};SR7.PMH[\"SR7_4_1\" ].fn();\n\t\t\t\t<\/script>\n<\/div><\/div><\/div><\/div><\/div><\/div><\/div><\/div><div class=\"vc_row-full-width vc_clearfix\"><\/div><div data-vc-full-width=\"true\" data-vc-full-width-init=\"false\" class=\"vc_row wpb_row vc_row-fluid vc_custom_1600260425452 vc_row-has-fill\"><div class=\"wpb_column vc_column_container vc_col-sm-12\"><div class=\"vc_column-inner\"><div class=\"wpb_wrapper\"><div class=\"vc_row wpb_row vc_inner vc_row-fluid\"><div class=\"wpb_column vc_column_container vc_col-sm-7\"><div class=\"vc_column-inner\"><div class=\"wpb_wrapper\">\n\t<div  class=\"wpb_single_image wpb_content_element vc_align_left wpb_content_element  hidden-xs\">\n\t\t\n\t\t<figure class=\"wpb_wrapper vc_figure\">\n\t\t\t<div class=\"vc_single_image-wrapper   vc_box_border_grey\"><img loading=\"lazy\" decoding=\"async\" width=\"513\" height=\"410\" src=\"https:\/\/rado-design.at\/wp-content\/uploads\/2020\/09\/Zsanett_Rado_Flower_1-2.jpg\" class=\"vc_single_image-img attachment-full\" alt=\"\" title=\"Zsanett_Rado_Flower_1\" srcset=\"https:\/\/rado-design.at\/wp-content\/uploads\/2020\/09\/Zsanett_Rado_Flower_1-2.jpg 513w, https:\/\/rado-design.at\/wp-content\/uploads\/2020\/09\/Zsanett_Rado_Flower_1-2-450x360.jpg 450w, https:\/\/rado-design.at\/wp-content\/uploads\/2020\/09\/Zsanett_Rado_Flower_1-2-300x240.jpg 300w\" sizes=\"auto, (max-width: 513px) 100vw, 513px\" \/><\/div>\n\t\t<\/figure>\n\t<\/div>\n<\/div><\/div><\/div><div class=\"wpb_column vc_column_container vc_col-sm-5\"><div class=\"vc_column-inner\"><div class=\"wpb_wrapper\">                        <div class=\"  \">\n                <div class=\"banner-shortcode-wrap style_10 \">\n    <div class=\"banner-content-wrap\">\n                    <a href=\"#\" target=\"_self\">\n                                    <img decoding=\"async\" src=\"https:\/\/rado-design.at\/wp-content\/uploads\/2020\/09\/Zsanett_Rado_Flower_2.jpg\" alt=\"\">\n                        <div class=\"banner-content-inner\">\n                <div class=\"banner-content\">\n                                    <\/div>\n            <\/div>\n                    <\/a>\n            <\/div>\n<\/div>            <\/div>\n                    <\/div><\/div><\/div><\/div><div class=\"vc_row wpb_row vc_inner vc_row-fluid\"><div class=\"wpb_column vc_column_container vc_col-sm-3\"><div class=\"vc_column-inner\"><div class=\"wpb_wrapper\"><\/div><\/div><\/div><div class=\"about-us-3 wpb_column vc_column_container vc_col-sm-6\"><div class=\"vc_column-inner\"><div class=\"wpb_wrapper\"><h2 style=\"text-align: left;font-family:Abril Fatface;font-weight:400;font-style:normal\" class=\"vc_custom_heading heading_style_1\"><span>Willkommen<\/span><span class=\"sub-heading\">- in Zsanett\u00b4s blumiger Welt -<\/span><\/h2>\n\t<div class=\"wpb_text_column wpb_content_element\" >\n\t\t<div class=\"wpb_wrapper\">\n\t\t\t<p style=\"text-align: center;\">Zsanett Rado ist die Gr\u00fcnderin und Designerin von Rado-Design. Als ausgebildete Glasmalerin lag ihr Fokus immer auf den feinen Details dieses besonderen Handwerks.<\/p>\n<p style=\"text-align: center;\">Haarschmuckdesign ist seit 2016 ihre Leidenschaft und Berufung.<\/p>\n<p style=\"text-align: center;\">Ihre Philosophie ist es, in jedem St\u00fcck etwas Au\u00dfergew\u00f6hnliches zu schaffen, das sich von der Masse abheben.<\/p>\n\n\t\t<\/div>\n\t<\/div>\n<\/div><\/div><\/div><div class=\"wpb_column vc_column_container vc_col-sm-3\"><div class=\"vc_column-inner\"><div class=\"wpb_wrapper\"><\/div><\/div><\/div><\/div><div class=\"vc_row wpb_row vc_inner vc_row-fluid\"><div class=\"wpb_column vc_column_container vc_col-sm-4\"><div class=\"vc_column-inner\"><div class=\"wpb_wrapper\">            \n            <div class=\" \">\n                    <div class=\"icon-box-shortcode-wrap style_3 first-black\">\n        <div class=\"icon-box-container\">\n            <div class=\"icon-content\">\n                <h5 class=\"icon-title\">\n                                            <a href=\"https:\/\/rado-design.at\/de_de\/produkt-kategorie\/blumenhaarkranz\/\" title=\"\u00dcber mich\" target=\"_self\">\n                                        Haarschmuck                                            <\/a>\n                                    <\/h5>\n                <p class=\"icon-description\">Meine Haarschmuck-Kollektion umfasst ein vielf\u00e4ltiges Sortiment an Schmuckst\u00fccken f\u00fcr Deinen gro\u00dfen Tag oder einfach so.<\/p>\n            <\/div>\n        <\/div>\n    <\/div>\n            <\/div>\n            \n        <\/div><\/div><\/div><div class=\"wpb_column vc_column_container vc_col-sm-4\"><div class=\"vc_column-inner\"><div class=\"wpb_wrapper\">            \n            <div class=\" \">\n                    <div class=\"icon-box-shortcode-wrap style_3 first-black\">\n        <div class=\"icon-box-container\">\n            <div class=\"icon-content\">\n                <h5 class=\"icon-title\">\n                                            <a href=\"https:\/\/rado-design.at\/de_de\/produkt-kategorie\/ohrschmuck-floral\/\" title=\"Ohrschmuck\" target=\"_self\">\n                                        Ohrschmuck                                            <\/a>\n                                    <\/h5>\n                <p class=\"icon-description\">Rado Design steht f\u00fcr hochwertige, leistbare und individuelle Schmuckst\u00fccke aus hochwertigen Materialien.<\/p>\n            <\/div>\n        <\/div>\n    <\/div>\n            <\/div>\n            \n        <\/div><\/div><\/div><div class=\"wpb_column vc_column_container vc_col-sm-4\"><div class=\"vc_column-inner\"><div class=\"wpb_wrapper\">            \n            <div class=\" \">\n                    <div class=\"icon-box-shortcode-wrap style_3 first-black\">\n        <div class=\"icon-box-container\">\n            <div class=\"icon-content\">\n                <h5 class=\"icon-title\">\n                                            <a href=\"https:\/\/rado-design.at\/de_de\/ueber-mich\/\" title=\"Kollektionen\" target=\"_self\">\n                                        \u00dcber mich                                            <\/a>\n                                    <\/h5>\n                <p class=\"icon-description\">Ich heisse Zsanett Rado, bin die Gr\u00fcnderin, Inhaberin und Designerin von Rado-Design. Ich begr\u00fc\u00dfe Dich herzlich in meiner \u201eblumigen Welt \u201c.<\/p>\n            <\/div>\n        <\/div>\n    <\/div>\n            <\/div>\n            \n        <\/div><\/div><\/div><\/div><\/div><\/div><\/div><\/div><div class=\"vc_row-full-width vc_clearfix\"><\/div><div data-vc-full-width=\"true\" data-vc-full-width-init=\"false\" data-vc-stretch-content=\"true\" class=\"vc_row wpb_row vc_row-fluid vc_custom_1538364031133 vc_row-no-padding\"><div class=\"wpb_column vc_column_container vc_col-sm-12\"><div class=\"vc_column-inner\"><div class=\"wpb_wrapper\"><div class=\"vc_row wpb_row vc_inner vc_row-fluid\"><div class=\"wpb_column vc_column_container vc_col-sm-12\"><div class=\"vc_column-inner\"><div class=\"wpb_wrapper\">                        <div class=\"  \">\n                <div class=\"banner-creative-shortcode-wrap masonry \" \n    data-padding=\"10\"\n    data-columns=\"4\">\n    <div class=\"banner-content-wrap banner-list\">\n        \n        <div class=\"banner-item big_squared style_4 image-col-4 padding-10\">\n            <div class=\"banner-item-wrap\">\n                                    <img decoding=\"async\" src=\"https:\/\/rado-design.at\/wp-content\/uploads\/2022\/10\/IMG_0076-scaled.jpeg\" alt=\"\">\n                                <div class=\"banner-content-inner\">\n                    <div class=\"banner-content\">\n                                                                                    <h6 class=\"banner-title\">\n                                                                            <a href=\"https:\/\/rado-design.at\/shop\/\" target=\"_self\">\n                                                                        Hairvine                                                                            <\/a>\n                                                                    <\/h6>\n                                                    \n                        \n                        \n                        \n                                                                                    <a href=\"https:\/\/rado-design.at\/shop\/\" class=\"banner-button\" target=\"_self\">\n                                    Shop                                    <i class=\"zmdi zmdi-arrow-right\"><\/i>\n                                <\/a>\n                                                    \n                    <\/div>\n                <\/div>\n            <\/div>\n        <\/div>\n\n        \n        <div class=\"banner-item big_squared style_4 image-col-4 padding-10\">\n            <div class=\"banner-item-wrap\">\n                                    <img decoding=\"async\" src=\"https:\/\/rado-design.at\/wp-content\/uploads\/2022\/03\/IMG_9110-scaled.jpeg\" alt=\"\">\n                                <div class=\"banner-content-inner\">\n                    <div class=\"banner-content\">\n                                                                                    <h6 class=\"banner-title\">\n                                                                            <a href=\"https:\/\/rado-design.at\/shop\/\" target=\"_self\">\n                                                                        Rosenbl\u00fcten                                                                            <\/a>\n                                                                    <\/h6>\n                                                    \n                        \n                        \n                        \n                                                                                    <a href=\"https:\/\/rado-design.at\/shop\/\" class=\"banner-button\" target=\"_self\">\n                                    Shop                                    <i class=\"zmdi zmdi-arrow-right\"><\/i>\n                                <\/a>\n                                                    \n                    <\/div>\n                <\/div>\n            <\/div>\n        <\/div>\n\n            <\/div>\n<\/div>            <\/div>\n                    <\/div><\/div><\/div><\/div><\/div><\/div><\/div><\/div><div class=\"vc_row-full-width vc_clearfix\"><\/div><div class=\"vc_row wpb_row vc_row-fluid\"><div class=\"wpb_column vc_column_container vc_col-sm-12\"><div class=\"vc_column-inner\"><div class=\"wpb_wrapper\">\n\t<div class=\"wpb_text_column wpb_content_element\" >\n\t\t<div class=\"wpb_wrapper\">\n\t\t\t<h1 style=\"text-align: center;\"><a href=\"https:\/\/www.instagram.com\/rado_zsanett_design\/\" target=\"_blank\" rel=\"noopener noreferrer\">Folge mir auf Instagram<\/a><\/h1>\n\n\t\t<\/div>\n\t<\/div>\n<\/div><\/div><\/div><\/div><div data-vc-full-width=\"true\" data-vc-full-width-init=\"false\" data-vc-stretch-content=\"true\" class=\"vc_row wpb_row vc_row-fluid\"><div class=\"wpb_column vc_column_container vc_col-sm-12\"><div class=\"vc_column-inner\"><div class=\"wpb_wrapper\">\n\t<div class=\"wpb_raw_code wpb_raw_html wpb_content_element\" >\n\t\t<div class=\"wpb_wrapper\">\n\t\t\t\t\t\t\t<div id=\"wpmi-69e2f062f068e\" class=\"wp-my-instagram wpmi\" data-args=\"{&quot;template&quot;:false,&quot;username&quot;:&quot;rado_zsanett_design&quot;,&quot;hashtag&quot;:&quot;&quot;,&quot;limit&quot;:&quot;12&quot;,&quot;size&quot;:&quot;large&quot;,&quot;layout&quot;:&quot;6&quot;,&quot;target&quot;:&quot;_blank&quot;,&quot;link&quot;:&quot;&quot;,&quot;popular&quot;:false}\" data-cached=\"false\">\n\t\t\t\t\t<ul class=\"wpmi-list wpmi-layout-6\">\n\t\t\t\t\t\t\t\t\t\t\t<\/ul>\n\t\t\t\t\t\t\t\t\t<\/div>\n\t\t\t\t\n\t\t<\/div>\n\t<\/div>\n<\/div><\/div><\/div><\/div><div class=\"vc_row-full-width vc_clearfix\"><\/div>\n<\/div>","protected":false},"excerpt":{"rendered":"Haarschmuck FLORAL I HANDBEMALT I EINZIGARTIG SHOP Ohrschmuck ZEITLOS I HOCHWERTIG I CHIC SHOP Store Baden bei Wien ACCESSOIRES ALLER ART SHOP Willkommen- in Zsanett\u00b4s blumiger Welt - Zsanett Rado ist die Gr\u00fcnderin und Designerin von Rado-Design. Als ausgebildete Glasmalerin lag ihr Fokus immer auf den feinen Details dieses besonderen Handwerks. Haarschmuckdesign ist seit 2016 [...]","protected":false},"author":1,"featured_media":0,"parent":0,"menu_order":0,"comment_status":"closed","ping_status":"closed","template":"","meta":{"footnotes":""},"class_list":["post-41","page","type-page","status-publish","hentry","clearfix"],"_links":{"self":[{"href":"https:\/\/rado-design.at\/en\/wp-json\/wp\/v2\/pages\/41","targetHints":{"allow":["GET"]}}],"collection":[{"href":"https:\/\/rado-design.at\/en\/wp-json\/wp\/v2\/pages"}],"about":[{"href":"https:\/\/rado-design.at\/en\/wp-json\/wp\/v2\/types\/page"}],"author":[{"embeddable":true,"href":"https:\/\/rado-design.at\/en\/wp-json\/wp\/v2\/users\/1"}],"replies":[{"embeddable":true,"href":"https:\/\/rado-design.at\/en\/wp-json\/wp\/v2\/comments?post=41"}],"version-history":[{"count":42,"href":"https:\/\/rado-design.at\/en\/wp-json\/wp\/v2\/pages\/41\/revisions"}],"predecessor-version":[{"id":12718,"href":"https:\/\/rado-design.at\/en\/wp-json\/wp\/v2\/pages\/41\/revisions\/12718"}],"wp:attachment":[{"href":"https:\/\/rado-design.at\/en\/wp-json\/wp\/v2\/media?parent=41"}],"curies":[{"name":"wp","href":"https:\/\/api.w.org\/{rel}","templated":true}]}}