{"id":10269,"date":"2025-05-30T10:29:04","date_gmt":"2025-05-30T10:29:04","guid":{"rendered":"https:\/\/rado-design.at\/?post_type=product&#038;p=10269"},"modified":"2026-01-22T14:30:59","modified_gmt":"2026-01-22T14:30:59","slug":"ohrstecker-ballylea-gelb","status":"publish","type":"product","link":"https:\/\/rado-design.at\/en\/product\/ohrstecker-ballylea-gelb\/","title":{"rendered":"Ohrstecker &#8220;Ballylea&#8221;-Gelb"},"content":{"rendered":"","protected":false},"excerpt":{"rendered":"<p>Ohrstecker &#8220;Ballylea&#8221; besteht aus von mir in liebevoller Handarbeit bemalten Blumen, Bl\u00e4tter und facettierten Glasperlen.<\/p>\n<p>F\u00fcr die &#8220;Bally&#8221; Serie haben mich die sch\u00f6nen Wandelr\u00f6schen und deren Form inspiriert, die ich auf einer Monaco Reise entdeckt habe.<\/p>\n<p>Der Stecker ist aus vergoldeten medizinischen Edelstahl.<\/p>\n<p>Gr\u00f6sse : 5,2 cm<\/p>\n<p>Farbe : Pastellgelb \/Pastellgr\u00fcn\/ Pastellrosa \/ Pastellt\u00fcrkis \/ Blau \/ Ros\u00e9gold-Draht<\/p>","protected":false},"featured_media":10273,"comment_status":"open","ping_status":"closed","template":"","meta":[],"product_brand":[],"product_cat":[145,156],"product_tag":[],"class_list":{"0":"post-10269","1":"product","2":"type-product","3":"status-publish","4":"has-post-thumbnail","6":"product_cat-ohrschmuck-floral","7":"product_cat-vintage-style","8":"clearfix","10":"first","11":"instock","12":"taxable","13":"shipping-taxable","14":"purchasable","15":"product-type-simple"},"_links":{"self":[{"href":"https:\/\/rado-design.at\/en\/wp-json\/wp\/v2\/product\/10269","targetHints":{"allow":["GET"]}}],"collection":[{"href":"https:\/\/rado-design.at\/en\/wp-json\/wp\/v2\/product"}],"about":[{"href":"https:\/\/rado-design.at\/en\/wp-json\/wp\/v2\/types\/product"}],"replies":[{"embeddable":true,"href":"https:\/\/rado-design.at\/en\/wp-json\/wp\/v2\/comments?post=10269"}],"wp:featuredmedia":[{"embeddable":true,"href":"https:\/\/rado-design.at\/en\/wp-json\/wp\/v2\/media\/10273"}],"wp:attachment":[{"href":"https:\/\/rado-design.at\/en\/wp-json\/wp\/v2\/media?parent=10269"}],"wp:term":[{"taxonomy":"product_brand","embeddable":true,"href":"https:\/\/rado-design.at\/en\/wp-json\/wp\/v2\/product_brand?post=10269"},{"taxonomy":"product_cat","embeddable":true,"href":"https:\/\/rado-design.at\/en\/wp-json\/wp\/v2\/product_cat?post=10269"},{"taxonomy":"product_tag","embeddable":true,"href":"https:\/\/rado-design.at\/en\/wp-json\/wp\/v2\/product_tag?post=10269"}],"curies":[{"name":"wp","href":"https:\/\/api.w.org\/{rel}","templated":true}]}}