{"id":10329,"date":"2025-05-30T15:31:31","date_gmt":"2025-05-30T15:31:31","guid":{"rendered":"https:\/\/rado-design.at\/?post_type=product&#038;p=10329"},"modified":"2025-05-30T15:32:08","modified_gmt":"2025-05-30T15:32:08","slug":"haarnadel-hedi","status":"publish","type":"product","link":"https:\/\/rado-design.at\/en\/product\/haarnadel-hedi\/","title":{"rendered":"Haarnadel &#8220;Hedi&#8221;"},"content":{"rendered":"","protected":false},"excerpt":{"rendered":"<p>Haarnadel &#8220;Hedi&#8221; besteht aus von mir in liebevoller Handarbeit bemalten Blumen und Bl\u00e4tter die ich mit facettierten Glasperlen kombiniert habe. &#8220;Hedi&#8221; ist Ideal f\u00fcr Hochsteckfrisuren, aber auch f\u00fcr Halboffenen Frisuren gut geeignet.<\/p>\n<p>Gesamtl\u00e4nge : 10,4 cm<\/p>\n<p>Breite : ca 5,5 cm<\/p>\n<p>Farbe : Hellblau \/ Gr\u00fcn \/ Draht: Silberfarbig<\/p>","protected":false},"featured_media":10205,"comment_status":"open","ping_status":"closed","template":"","meta":[],"product_brand":[],"product_cat":[141,143,147],"product_tag":[],"class_list":{"0":"post-10329","1":"product","2":"type-product","3":"status-publish","4":"has-post-thumbnail","6":"product_cat-braut-schmuck","7":"product_cat-etwas-in-blau","8":"product_cat-haarschmuck","9":"clearfix","11":"first","12":"instock","13":"taxable","14":"shipping-taxable","15":"purchasable","16":"product-type-simple"},"_links":{"self":[{"href":"https:\/\/rado-design.at\/en\/wp-json\/wp\/v2\/product\/10329","targetHints":{"allow":["GET"]}}],"collection":[{"href":"https:\/\/rado-design.at\/en\/wp-json\/wp\/v2\/product"}],"about":[{"href":"https:\/\/rado-design.at\/en\/wp-json\/wp\/v2\/types\/product"}],"replies":[{"embeddable":true,"href":"https:\/\/rado-design.at\/en\/wp-json\/wp\/v2\/comments?post=10329"}],"wp:featuredmedia":[{"embeddable":true,"href":"https:\/\/rado-design.at\/en\/wp-json\/wp\/v2\/media\/10205"}],"wp:attachment":[{"href":"https:\/\/rado-design.at\/en\/wp-json\/wp\/v2\/media?parent=10329"}],"wp:term":[{"taxonomy":"product_brand","embeddable":true,"href":"https:\/\/rado-design.at\/en\/wp-json\/wp\/v2\/product_brand?post=10329"},{"taxonomy":"product_cat","embeddable":true,"href":"https:\/\/rado-design.at\/en\/wp-json\/wp\/v2\/product_cat?post=10329"},{"taxonomy":"product_tag","embeddable":true,"href":"https:\/\/rado-design.at\/en\/wp-json\/wp\/v2\/product_tag?post=10329"}],"curies":[{"name":"wp","href":"https:\/\/api.w.org\/{rel}","templated":true}]}}