{"id":10330,"date":"2025-05-30T15:36:43","date_gmt":"2025-05-30T15:36:43","guid":{"rendered":"https:\/\/rado-design.at\/?post_type=product&#038;p=10330"},"modified":"2025-06-14T18:28:37","modified_gmt":"2025-06-14T18:28:37","slug":"haarnadel-audrey-blau","status":"publish","type":"product","link":"https:\/\/rado-design.at\/en\/product\/haarnadel-audrey-blau\/","title":{"rendered":"Haarnadel &#8220;Audrey&#8221;-Blau"},"content":{"rendered":"","protected":false},"excerpt":{"rendered":"<p>Haarnadel &#8220;Audrey&#8221; besteht aus von mir in liebevoller Handarbeit bemalten Blumen und Blumenbl\u00fcten, die ich mit facettierten Glasperlen und Glaswachsperlen kombiniert habe. &#8220;Audrey&#8221; ist Ideal f\u00fcr Hochsteckfrisuren, aber auch f\u00fcr Halboffenen Frisuren gut geeignet.<\/p>\n<p>Gesamtl\u00e4nge : 7,5 cm<\/p>\n<p>Breite : ca 3,5 cm<\/p>\n<p>Farbe : Tintenblau \/ Hellblau \/ Draht &amp; Nadel Silberfarbig<\/p>","protected":false},"featured_media":10403,"comment_status":"open","ping_status":"closed","template":"","meta":[],"product_brand":[],"product_cat":[141,143,147,156],"product_tag":[],"class_list":{"0":"post-10330","1":"product","2":"type-product","3":"status-publish","4":"has-post-thumbnail","6":"product_cat-braut-schmuck","7":"product_cat-etwas-in-blau","8":"product_cat-haarschmuck","9":"product_cat-vintage-style","10":"clearfix","12":"first","13":"instock","14":"taxable","15":"shipping-taxable","16":"purchasable","17":"product-type-simple"},"_links":{"self":[{"href":"https:\/\/rado-design.at\/en\/wp-json\/wp\/v2\/product\/10330","targetHints":{"allow":["GET"]}}],"collection":[{"href":"https:\/\/rado-design.at\/en\/wp-json\/wp\/v2\/product"}],"about":[{"href":"https:\/\/rado-design.at\/en\/wp-json\/wp\/v2\/types\/product"}],"replies":[{"embeddable":true,"href":"https:\/\/rado-design.at\/en\/wp-json\/wp\/v2\/comments?post=10330"}],"wp:featuredmedia":[{"embeddable":true,"href":"https:\/\/rado-design.at\/en\/wp-json\/wp\/v2\/media\/10403"}],"wp:attachment":[{"href":"https:\/\/rado-design.at\/en\/wp-json\/wp\/v2\/media?parent=10330"}],"wp:term":[{"taxonomy":"product_brand","embeddable":true,"href":"https:\/\/rado-design.at\/en\/wp-json\/wp\/v2\/product_brand?post=10330"},{"taxonomy":"product_cat","embeddable":true,"href":"https:\/\/rado-design.at\/en\/wp-json\/wp\/v2\/product_cat?post=10330"},{"taxonomy":"product_tag","embeddable":true,"href":"https:\/\/rado-design.at\/en\/wp-json\/wp\/v2\/product_tag?post=10330"}],"curies":[{"name":"wp","href":"https:\/\/api.w.org\/{rel}","templated":true}]}}