{"id":10508,"date":"2025-06-18T13:38:29","date_gmt":"2025-06-18T13:38:29","guid":{"rendered":"https:\/\/rado-design.at\/?post_type=product&#038;p=10508"},"modified":"2025-06-18T13:38:29","modified_gmt":"2025-06-18T13:38:29","slug":"haarkamm-dita","status":"publish","type":"product","link":"https:\/\/rado-design.at\/en\/product\/haarkamm-dita\/","title":{"rendered":"Haarkamm &#8220;Dita&#8221;"},"content":{"rendered":"","protected":false},"excerpt":{"rendered":"<p>Der Haarkamm &#8220;Dita&#8221; besteht aus von mir in liebevoller Handarbeit bemalten Blumen, die ich kranzf\u00f6rmig mit ebenfalls von mir handbemalten Blumenbl\u00fcten gefasst habe. &#8220;Dita&#8221; ist verziert mit Bl\u00e4ttern, Glasstiften und Glasperlen. Aufgrund seiner Gr\u00f6sse l\u00e4sst er sich in jede Frisur leicht einarbeiten. Am besten passt &#8220;Dita&#8221; in Kombination mit dem Ohrstecker &#8220;Dita&#8221; (Siehe letztes Bild).<\/p>\n<p>Farbe : Weiss \/ Ivory \/ Perlmutt<\/p>\n<p>Geasmtgr\u00f6sse : 7cm x 6 cm<\/p>","protected":false},"featured_media":10505,"comment_status":"open","ping_status":"closed","template":"","meta":[],"product_brand":[],"product_cat":[141,147,156],"product_tag":[],"class_list":{"0":"post-10508","1":"product","2":"type-product","3":"status-publish","4":"has-post-thumbnail","6":"product_cat-braut-schmuck","7":"product_cat-haarschmuck","8":"product_cat-vintage-style","9":"clearfix","11":"first","12":"instock","13":"taxable","14":"shipping-taxable","15":"purchasable","16":"product-type-simple"},"_links":{"self":[{"href":"https:\/\/rado-design.at\/en\/wp-json\/wp\/v2\/product\/10508","targetHints":{"allow":["GET"]}}],"collection":[{"href":"https:\/\/rado-design.at\/en\/wp-json\/wp\/v2\/product"}],"about":[{"href":"https:\/\/rado-design.at\/en\/wp-json\/wp\/v2\/types\/product"}],"replies":[{"embeddable":true,"href":"https:\/\/rado-design.at\/en\/wp-json\/wp\/v2\/comments?post=10508"}],"wp:featuredmedia":[{"embeddable":true,"href":"https:\/\/rado-design.at\/en\/wp-json\/wp\/v2\/media\/10505"}],"wp:attachment":[{"href":"https:\/\/rado-design.at\/en\/wp-json\/wp\/v2\/media?parent=10508"}],"wp:term":[{"taxonomy":"product_brand","embeddable":true,"href":"https:\/\/rado-design.at\/en\/wp-json\/wp\/v2\/product_brand?post=10508"},{"taxonomy":"product_cat","embeddable":true,"href":"https:\/\/rado-design.at\/en\/wp-json\/wp\/v2\/product_cat?post=10508"},{"taxonomy":"product_tag","embeddable":true,"href":"https:\/\/rado-design.at\/en\/wp-json\/wp\/v2\/product_tag?post=10508"}],"curies":[{"name":"wp","href":"https:\/\/api.w.org\/{rel}","templated":true}]}}