{"id":10539,"date":"2025-06-18T14:09:57","date_gmt":"2025-06-18T14:09:57","guid":{"rendered":"https:\/\/rado-design.at\/?post_type=product&#038;p=10539"},"modified":"2026-01-20T15:40:14","modified_gmt":"2026-01-20T15:40:14","slug":"haarkranz-ava","status":"publish","type":"product","link":"https:\/\/rado-design.at\/en\/product\/haarkranz-ava\/","title":{"rendered":"Haarkranz &#8220;Ava&#8221;"},"content":{"rendered":"","protected":false},"excerpt":{"rendered":"<p>&#8220;Ava&#8221; ist etwas ganz besonderes f\u00fcr mich. Als grosse Fan der 50er Jahre habe ich mich von dieser \u00c4ra inspirieren lassen. &#8220;Ava&#8221; besteht aus von mir in liebevoller Handarbeit bemalten Bl\u00fcten aus sieben verschiedenen Arten. &#8220;Ava&#8221; schmiegt sich wunderbar an, befestigt wird ganz easy mit Bobbypins. Ein romantisches Haarteil und ein echter Hingucker an deinem grossen Tag.<\/p>\n<p>Farbe: Ivory \/ Weiss \/ Lightgold<\/p>\n<p>L\u00e4nge : 27 cm<\/p>","protected":false},"featured_media":10530,"comment_status":"open","ping_status":"closed","template":"","meta":[],"product_brand":[],"product_cat":[141,147,156],"product_tag":[],"class_list":{"0":"post-10539","1":"product","2":"type-product","3":"status-publish","4":"has-post-thumbnail","6":"product_cat-braut-schmuck","7":"product_cat-haarschmuck","8":"product_cat-vintage-style","9":"clearfix","11":"first","12":"instock","13":"taxable","14":"shipping-taxable","15":"purchasable","16":"product-type-simple"},"_links":{"self":[{"href":"https:\/\/rado-design.at\/en\/wp-json\/wp\/v2\/product\/10539","targetHints":{"allow":["GET"]}}],"collection":[{"href":"https:\/\/rado-design.at\/en\/wp-json\/wp\/v2\/product"}],"about":[{"href":"https:\/\/rado-design.at\/en\/wp-json\/wp\/v2\/types\/product"}],"replies":[{"embeddable":true,"href":"https:\/\/rado-design.at\/en\/wp-json\/wp\/v2\/comments?post=10539"}],"wp:featuredmedia":[{"embeddable":true,"href":"https:\/\/rado-design.at\/en\/wp-json\/wp\/v2\/media\/10530"}],"wp:attachment":[{"href":"https:\/\/rado-design.at\/en\/wp-json\/wp\/v2\/media?parent=10539"}],"wp:term":[{"taxonomy":"product_brand","embeddable":true,"href":"https:\/\/rado-design.at\/en\/wp-json\/wp\/v2\/product_brand?post=10539"},{"taxonomy":"product_cat","embeddable":true,"href":"https:\/\/rado-design.at\/en\/wp-json\/wp\/v2\/product_cat?post=10539"},{"taxonomy":"product_tag","embeddable":true,"href":"https:\/\/rado-design.at\/en\/wp-json\/wp\/v2\/product_tag?post=10539"}],"curies":[{"name":"wp","href":"https:\/\/api.w.org\/{rel}","templated":true}]}}