{"id":10592,"date":"2025-06-18T15:59:44","date_gmt":"2025-06-18T15:59:44","guid":{"rendered":"https:\/\/rado-design.at\/?post_type=product&#038;p=10592"},"modified":"2025-06-18T15:59:44","modified_gmt":"2025-06-18T15:59:44","slug":"haarnadel-ava","status":"publish","type":"product","link":"https:\/\/rado-design.at\/en\/product\/haarnadel-ava\/","title":{"rendered":"Haarnadel &#8220;Ava&#8221;"},"content":{"rendered":"","protected":false},"excerpt":{"rendered":"<p>Haarnadel &#8220;Ava&#8221; besteht aus von mir in liebevoller Handarbeit bemalten Blumen, die ich mit kleinen feinen Miyuki Perlen und Glaswachsperlen kombiniert habe. Haarnadel &#8220;Ava&#8221; ist Ideal f\u00fcr Hochsteckfrisuren, aber auch f\u00fcr f\u00fcr Halboffenen Frisuren gut geeignet.<\/p>\n<p>Gesamtgr\u00f6sse: 11 cm<\/p>\n<p>Farbe: Ivory \/ Weiss \/ Gold<\/p>","protected":false},"featured_media":10552,"comment_status":"open","ping_status":"closed","template":"","meta":[],"product_brand":[],"product_cat":[141,147],"product_tag":[],"class_list":{"0":"post-10592","1":"product","2":"type-product","3":"status-publish","4":"has-post-thumbnail","6":"product_cat-braut-schmuck","7":"product_cat-haarschmuck","8":"clearfix","10":"first","11":"instock","12":"taxable","13":"shipping-taxable","14":"purchasable","15":"product-type-simple"},"_links":{"self":[{"href":"https:\/\/rado-design.at\/en\/wp-json\/wp\/v2\/product\/10592","targetHints":{"allow":["GET"]}}],"collection":[{"href":"https:\/\/rado-design.at\/en\/wp-json\/wp\/v2\/product"}],"about":[{"href":"https:\/\/rado-design.at\/en\/wp-json\/wp\/v2\/types\/product"}],"replies":[{"embeddable":true,"href":"https:\/\/rado-design.at\/en\/wp-json\/wp\/v2\/comments?post=10592"}],"wp:featuredmedia":[{"embeddable":true,"href":"https:\/\/rado-design.at\/en\/wp-json\/wp\/v2\/media\/10552"}],"wp:attachment":[{"href":"https:\/\/rado-design.at\/en\/wp-json\/wp\/v2\/media?parent=10592"}],"wp:term":[{"taxonomy":"product_brand","embeddable":true,"href":"https:\/\/rado-design.at\/en\/wp-json\/wp\/v2\/product_brand?post=10592"},{"taxonomy":"product_cat","embeddable":true,"href":"https:\/\/rado-design.at\/en\/wp-json\/wp\/v2\/product_cat?post=10592"},{"taxonomy":"product_tag","embeddable":true,"href":"https:\/\/rado-design.at\/en\/wp-json\/wp\/v2\/product_tag?post=10592"}],"curies":[{"name":"wp","href":"https:\/\/api.w.org\/{rel}","templated":true}]}}