{"id":10887,"date":"2025-09-10T09:30:33","date_gmt":"2025-09-10T09:30:33","guid":{"rendered":"https:\/\/rado-design.at\/?post_type=product&#038;p=10887"},"modified":"2026-01-23T16:32:58","modified_gmt":"2026-01-23T16:32:58","slug":"haarreif-chloe-mintgruen","status":"publish","type":"product","link":"https:\/\/rado-design.at\/en\/product\/haarreif-chloe-mintgruen\/","title":{"rendered":"Haarreif &#8220;Chloe&#8221;- Mintgr\u00fcn"},"content":{"rendered":"","protected":false},"excerpt":{"rendered":"<p>Haarreif &#8220;Chloe&#8221; besteht aus von mir mit liebevoll handbemalten Blumen und Bl\u00e4tter, die ich mit S\u00fcsswasserperlen und facettierten Glasperlen kombiniert habe. Der &#8220;Chloe&#8221; Haarreif besteht aus gl\u00e4nzendem Seidensatin in Verlauf Form. Der Florale Teil wurde von mir handgen\u00e4ht.<\/p>\n<p>Farben : Mintgr\u00fcn \/ Salbeigr\u00fcn \/ Altgold<\/p>","protected":false},"featured_media":11867,"comment_status":"open","ping_status":"closed","template":"","meta":[],"product_brand":[],"product_cat":[141,147,156],"product_tag":[],"class_list":{"0":"post-10887","1":"product","2":"type-product","3":"status-publish","4":"has-post-thumbnail","6":"product_cat-braut-schmuck","7":"product_cat-haarschmuck","8":"product_cat-vintage-style","9":"clearfix","11":"first","12":"instock","13":"taxable","14":"shipping-taxable","15":"purchasable","16":"product-type-simple"},"_links":{"self":[{"href":"https:\/\/rado-design.at\/en\/wp-json\/wp\/v2\/product\/10887","targetHints":{"allow":["GET"]}}],"collection":[{"href":"https:\/\/rado-design.at\/en\/wp-json\/wp\/v2\/product"}],"about":[{"href":"https:\/\/rado-design.at\/en\/wp-json\/wp\/v2\/types\/product"}],"replies":[{"embeddable":true,"href":"https:\/\/rado-design.at\/en\/wp-json\/wp\/v2\/comments?post=10887"}],"wp:featuredmedia":[{"embeddable":true,"href":"https:\/\/rado-design.at\/en\/wp-json\/wp\/v2\/media\/11867"}],"wp:attachment":[{"href":"https:\/\/rado-design.at\/en\/wp-json\/wp\/v2\/media?parent=10887"}],"wp:term":[{"taxonomy":"product_brand","embeddable":true,"href":"https:\/\/rado-design.at\/en\/wp-json\/wp\/v2\/product_brand?post=10887"},{"taxonomy":"product_cat","embeddable":true,"href":"https:\/\/rado-design.at\/en\/wp-json\/wp\/v2\/product_cat?post=10887"},{"taxonomy":"product_tag","embeddable":true,"href":"https:\/\/rado-design.at\/en\/wp-json\/wp\/v2\/product_tag?post=10887"}],"curies":[{"name":"wp","href":"https:\/\/api.w.org\/{rel}","templated":true}]}}