{"id":11773,"date":"2025-12-09T14:23:52","date_gmt":"2025-12-09T14:23:52","guid":{"rendered":"https:\/\/rado-design.at\/?post_type=product&#038;p=11773"},"modified":"2025-12-09T14:23:52","modified_gmt":"2025-12-09T14:23:52","slug":"haarkamm-rita","status":"publish","type":"product","link":"https:\/\/rado-design.at\/en\/product\/haarkamm-rita\/","title":{"rendered":"Haarkamm &#8220;Rita&#8221;"},"content":{"rendered":"","protected":false},"excerpt":{"rendered":"<p>Haarkamm &#8220;Rita&#8221; besteht aus von mir in liebevoller Handarbeit bemalten Blumen und Bl\u00e4tter, die ich mit Miyuki Perlen und S\u00fcsswasser Perlen kombiniert habe. &#8220;Rita&#8221; kann man vielf\u00e4ltig in jede Frisur nach Belieben mit oder ohne Schleier einarbeiten. \u00a0Ist ein traumhafter Teil f\u00fcr eine perfekte Trachtenfrisur.<\/p>\n<p>Farben : Eisblau \/ Ivory \/ Perlmutt \/ Rose \/ Bronze<\/p>\n<p>Gr\u00f6sse : 11 cm Gesamtl\u00e4nge \/ Kamm : 7 cm \u00a0 \u00a0H\u00f6he Gesamt : 6,5 cm<\/p>","protected":false},"featured_media":10624,"comment_status":"open","ping_status":"closed","template":"","meta":[],"product_brand":[],"product_cat":[141,143,147],"product_tag":[],"class_list":{"0":"post-11773","1":"product","2":"type-product","3":"status-publish","4":"has-post-thumbnail","6":"product_cat-braut-schmuck","7":"product_cat-etwas-in-blau","8":"product_cat-haarschmuck","9":"clearfix","11":"first","12":"instock","13":"taxable","14":"shipping-taxable","15":"purchasable","16":"product-type-simple"},"_links":{"self":[{"href":"https:\/\/rado-design.at\/en\/wp-json\/wp\/v2\/product\/11773","targetHints":{"allow":["GET"]}}],"collection":[{"href":"https:\/\/rado-design.at\/en\/wp-json\/wp\/v2\/product"}],"about":[{"href":"https:\/\/rado-design.at\/en\/wp-json\/wp\/v2\/types\/product"}],"replies":[{"embeddable":true,"href":"https:\/\/rado-design.at\/en\/wp-json\/wp\/v2\/comments?post=11773"}],"wp:featuredmedia":[{"embeddable":true,"href":"https:\/\/rado-design.at\/en\/wp-json\/wp\/v2\/media\/10624"}],"wp:attachment":[{"href":"https:\/\/rado-design.at\/en\/wp-json\/wp\/v2\/media?parent=11773"}],"wp:term":[{"taxonomy":"product_brand","embeddable":true,"href":"https:\/\/rado-design.at\/en\/wp-json\/wp\/v2\/product_brand?post=11773"},{"taxonomy":"product_cat","embeddable":true,"href":"https:\/\/rado-design.at\/en\/wp-json\/wp\/v2\/product_cat?post=11773"},{"taxonomy":"product_tag","embeddable":true,"href":"https:\/\/rado-design.at\/en\/wp-json\/wp\/v2\/product_tag?post=11773"}],"curies":[{"name":"wp","href":"https:\/\/api.w.org\/{rel}","templated":true}]}}