{"id":11989,"date":"2026-01-20T13:35:35","date_gmt":"2026-01-20T13:35:35","guid":{"rendered":"https:\/\/rado-design.at\/?post_type=product&#038;p=11989"},"modified":"2026-01-20T13:35:35","modified_gmt":"2026-01-20T13:35:35","slug":"haarreif-madonna","status":"publish","type":"product","link":"https:\/\/rado-design.at\/en\/product\/haarreif-madonna\/","title":{"rendered":"Haarreif &#8220;Madonna&#8221;"},"content":{"rendered":"","protected":false},"excerpt":{"rendered":"<p>&#8220;Madonna&#8221; ist mehr als Haarschmuck- sie ist ein Kunstwerk mit ikonischen Ausstrahlung.<\/p>\n<p>Dieses aussergew\u00f6hnliche Einzelst\u00fcck wurde von mir in unz\u00e4hligen Stunden von Hand gefertigt und steht f\u00fcr Hingabe, Detailverliebtheit, Eleganz und zeitlose Sch\u00f6nheit. &#8220;Madonna&#8221; besteht aus von mir in liebevoller Handarbeit bemalten Blumen und Bl\u00e4tter, erg\u00e4nzt durch facettierte Glasperlen, Glaswachsperlen, zarte Glasst\u00e4be. Jedes einzelne Element wurde von mir Hand gebunden., ein Prozess, der Geduld, Pr\u00e4zision und Leidenschaft verlangt.<\/p>\n<p>Die Form von &#8220;Madonna&#8221; ist von klassischen Madonnenabbildungen inspiriert ; ein strahlenf\u00f6rmiger Aufbau in traditionellen Parta -Form aus meiner Heimat, Ungarn.<\/p>\n<p>Die R\u00fcckseite so wie der Haarreif sind mit von mir blattf\u00f6rmig ausgeschnittenen Seidenb\u00e4nder fixiert, diese sorgen nicht nur f\u00fcr einen sicheren Halt, sondern sondern f\u00fcgen sich harmonisch in das florale Gesamtbild ein.<\/p>\n<p>&#8220;Madonna&#8221; ist ein absolutes UNIKAT, es existiert kein zweites.<\/p>\n<p>Ein Haarschmuck f\u00fcr Br\u00e4ute, die das besondere suchen und ein St\u00fcck tragen m\u00f6chten, das Geschichte, Handwerkskunst und Emotion in sich vereint.<\/p>\n<p>Farbe : Matt Weiss \/ Perlmutt Weiss \/ Zart Rosa \/ Bronze \/ Rosegold<\/p>\n<p>H\u00f6he : 8,5 cm<\/p>","protected":false},"featured_media":10525,"comment_status":"open","ping_status":"closed","template":"","meta":[],"product_brand":[],"product_cat":[141,147,156],"product_tag":[],"class_list":{"0":"post-11989","1":"product","2":"type-product","3":"status-publish","4":"has-post-thumbnail","6":"product_cat-braut-schmuck","7":"product_cat-haarschmuck","8":"product_cat-vintage-style","9":"clearfix","11":"first","12":"instock","13":"taxable","14":"shipping-taxable","15":"purchasable","16":"product-type-simple"},"_links":{"self":[{"href":"https:\/\/rado-design.at\/en\/wp-json\/wp\/v2\/product\/11989","targetHints":{"allow":["GET"]}}],"collection":[{"href":"https:\/\/rado-design.at\/en\/wp-json\/wp\/v2\/product"}],"about":[{"href":"https:\/\/rado-design.at\/en\/wp-json\/wp\/v2\/types\/product"}],"replies":[{"embeddable":true,"href":"https:\/\/rado-design.at\/en\/wp-json\/wp\/v2\/comments?post=11989"}],"wp:featuredmedia":[{"embeddable":true,"href":"https:\/\/rado-design.at\/en\/wp-json\/wp\/v2\/media\/10525"}],"wp:attachment":[{"href":"https:\/\/rado-design.at\/en\/wp-json\/wp\/v2\/media?parent=11989"}],"wp:term":[{"taxonomy":"product_brand","embeddable":true,"href":"https:\/\/rado-design.at\/en\/wp-json\/wp\/v2\/product_brand?post=11989"},{"taxonomy":"product_cat","embeddable":true,"href":"https:\/\/rado-design.at\/en\/wp-json\/wp\/v2\/product_cat?post=11989"},{"taxonomy":"product_tag","embeddable":true,"href":"https:\/\/rado-design.at\/en\/wp-json\/wp\/v2\/product_tag?post=11989"}],"curies":[{"name":"wp","href":"https:\/\/api.w.org\/{rel}","templated":true}]}}