{"id":11998,"date":"2026-01-20T14:23:18","date_gmt":"2026-01-20T14:23:18","guid":{"rendered":"https:\/\/rado-design.at\/?post_type=product&#038;p=11998"},"modified":"2026-01-21T09:32:57","modified_gmt":"2026-01-21T09:32:57","slug":"haarreif-klara","status":"publish","type":"product","link":"https:\/\/rado-design.at\/en\/product\/haarreif-klara\/","title":{"rendered":"Haarreif &#8220;Klara&#8221;"},"content":{"rendered":"","protected":false},"excerpt":{"rendered":"<p>&#8220;Klara&#8221; ist ein handgefertigtes Kunstwerk.<\/p>\n<p>Die Blumen und die Bronze f\u00e4rbigen Bl\u00e4tter wurden von mir handbemalt und sorgf\u00e4ltig auf den feinen Seidenhaarreif gen\u00e4ht. Die Bl\u00fcten sind seitlich angeordnet, erg\u00e4nzt hab ich mit facettierten Glasperlen. Dank des federleichten Design liegt der Reif sanft auf dem Kopf und dr\u00fcckt nicht, sodass er den ganzen Tag \u00fcber bequem und angenehm zu tragen ist.<\/p>\n<p>Ideal f\u00fcr Alle die das besondere suchen , nicht nur zur Anl\u00e4ssen sondern auch im Alltag.<\/p>\n<p>Farben : Schlammgr\u00fcn (Haarreif ) \/ Bronze \/ k\u00fchles grau \/ Braun \/ Zartgold \/ Taupe \/ Rosegold ( Draht )<\/p>\n<p>Breite : 5 cm<\/p>\n<p>( Ohrstecker nicht in Lieferung enthalten )<\/p>","protected":false},"featured_media":11934,"comment_status":"open","ping_status":"closed","template":"","meta":[],"product_brand":[],"product_cat":[147,156],"product_tag":[],"class_list":{"0":"post-11998","1":"product","2":"type-product","3":"status-publish","4":"has-post-thumbnail","6":"product_cat-haarschmuck","7":"product_cat-vintage-style","8":"clearfix","10":"first","11":"instock","12":"taxable","13":"shipping-taxable","14":"purchasable","15":"product-type-simple"},"_links":{"self":[{"href":"https:\/\/rado-design.at\/en\/wp-json\/wp\/v2\/product\/11998","targetHints":{"allow":["GET"]}}],"collection":[{"href":"https:\/\/rado-design.at\/en\/wp-json\/wp\/v2\/product"}],"about":[{"href":"https:\/\/rado-design.at\/en\/wp-json\/wp\/v2\/types\/product"}],"replies":[{"embeddable":true,"href":"https:\/\/rado-design.at\/en\/wp-json\/wp\/v2\/comments?post=11998"}],"wp:featuredmedia":[{"embeddable":true,"href":"https:\/\/rado-design.at\/en\/wp-json\/wp\/v2\/media\/11934"}],"wp:attachment":[{"href":"https:\/\/rado-design.at\/en\/wp-json\/wp\/v2\/media?parent=11998"}],"wp:term":[{"taxonomy":"product_brand","embeddable":true,"href":"https:\/\/rado-design.at\/en\/wp-json\/wp\/v2\/product_brand?post=11998"},{"taxonomy":"product_cat","embeddable":true,"href":"https:\/\/rado-design.at\/en\/wp-json\/wp\/v2\/product_cat?post=11998"},{"taxonomy":"product_tag","embeddable":true,"href":"https:\/\/rado-design.at\/en\/wp-json\/wp\/v2\/product_tag?post=11998"}],"curies":[{"name":"wp","href":"https:\/\/api.w.org\/{rel}","templated":true}]}}