{"id":12350,"date":"2026-01-24T15:16:28","date_gmt":"2026-01-24T15:16:28","guid":{"rendered":"https:\/\/rado-design.at\/?post_type=product&#038;p=12350"},"modified":"2026-01-27T14:56:52","modified_gmt":"2026-01-27T14:56:52","slug":"ohrhaenger-mariposa-hellgrau","status":"publish","type":"product","link":"https:\/\/rado-design.at\/en\/product\/ohrhaenger-mariposa-hellgrau\/","title":{"rendered":"Ohrh\u00e4nger &#8220;Mariposa&#8221; Hellgrau"},"content":{"rendered":"","protected":false},"excerpt":{"rendered":"<p>Ohrring Serie &#8220;Mariposa&#8221;<\/p>\n<p>Die Ohrring Serie &#8220;Mariposa&#8221;steht f\u00fcr Leichtigkeit, Romantik, und besondere Details. Jedes Paar wird aus hochwertigen Kunstharz-Elementen, handbemalten Blumen, edlen S\u00fcsswasser Perlen sowie zarten Stoff Schmetterlingen von mir per Hand gefertigt.<\/p>\n<p>Durch die liebevolle Kombination dieser Materialien entsteht ein romantischer Look, der sofort ins Auge f\u00e4llt. Die Ohrringe sind echte Hingucker und setzen ein stillvolles Statement im Alltag-gleichzeitig sind sie auch eine besondere Wahl f\u00fcr Br\u00e4ute die das Au\u00dfergew\u00f6hnliche lieben.<\/p>\n<p>Der Verschluss ist aus vergoldetem Edelstahl.<\/p>\n<p>Farben : Hellgrau \/ Elfenbein \/ Gold \/ Mattes Weiss \u00a0(Stein-Tropfen ) \/ Hellgrau<\/p>\n<p>Gr\u00f6sse : ca 8,5 cm \/ Schmetterling 5 cm breit<\/p>","protected":false},"featured_media":7081,"comment_status":"open","ping_status":"closed","template":"","meta":[],"product_brand":[],"product_cat":[155],"product_tag":[],"class_list":{"0":"post-12350","1":"product","2":"type-product","3":"status-publish","4":"has-post-thumbnail","6":"product_cat-schmetterlinge","7":"clearfix","9":"first","10":"instock","11":"taxable","12":"shipping-taxable","13":"purchasable","14":"product-type-simple"},"_links":{"self":[{"href":"https:\/\/rado-design.at\/en\/wp-json\/wp\/v2\/product\/12350","targetHints":{"allow":["GET"]}}],"collection":[{"href":"https:\/\/rado-design.at\/en\/wp-json\/wp\/v2\/product"}],"about":[{"href":"https:\/\/rado-design.at\/en\/wp-json\/wp\/v2\/types\/product"}],"replies":[{"embeddable":true,"href":"https:\/\/rado-design.at\/en\/wp-json\/wp\/v2\/comments?post=12350"}],"wp:featuredmedia":[{"embeddable":true,"href":"https:\/\/rado-design.at\/en\/wp-json\/wp\/v2\/media\/7081"}],"wp:attachment":[{"href":"https:\/\/rado-design.at\/en\/wp-json\/wp\/v2\/media?parent=12350"}],"wp:term":[{"taxonomy":"product_brand","embeddable":true,"href":"https:\/\/rado-design.at\/en\/wp-json\/wp\/v2\/product_brand?post=12350"},{"taxonomy":"product_cat","embeddable":true,"href":"https:\/\/rado-design.at\/en\/wp-json\/wp\/v2\/product_cat?post=12350"},{"taxonomy":"product_tag","embeddable":true,"href":"https:\/\/rado-design.at\/en\/wp-json\/wp\/v2\/product_tag?post=12350"}],"curies":[{"name":"wp","href":"https:\/\/api.w.org\/{rel}","templated":true}]}}