{"id":12466,"date":"2026-01-30T16:21:43","date_gmt":"2026-01-30T16:21:43","guid":{"rendered":"https:\/\/rado-design.at\/?post_type=product&#038;p=12466"},"modified":"2026-01-30T16:21:43","modified_gmt":"2026-01-30T16:21:43","slug":"ohrhaenger-mariposa-weiss","status":"publish","type":"product","link":"https:\/\/rado-design.at\/en\/product\/ohrhaenger-mariposa-weiss\/","title":{"rendered":"Ohrh\u00e4nger &#8220;Mariposa&#8221; Weiss"},"content":{"rendered":"","protected":false},"excerpt":{"rendered":"<p>Ohrring Serie &#8220;Mariposa&#8221;<\/p>\n<p>Die Ohrring Serie &#8220;Mariposa&#8221; steht f\u00fcr Leichtigkeit, Romantik, und besondere Details. Jedes Paar wird aus hochwertigen Elementen, wie Kunstharz, Cabochon, handbemalten Blumen, edlen S\u00fcsswasser Perlen sowie zarten Stoff Schmetterlingen von mir per Hand gefertigt.<\/p>\n<p>Durch die liebevolle Kombination dieser Materialien entsteht ein romantischer Look, der sofort ins Auge f\u00e4llt. Die Ohrringe sind echte Hingucker und setzen ein stillvolles Statement im Alltag &#8211; gleichzeitig sind sie auch eine besondere Wahl f\u00fcr Br\u00e4ute die das Au\u00dfergew\u00f6hnliche lieben.<\/p>\n<p>Der Verschluss ist aus vergoldetem medizineschen Edelstahl ( nickelfrei ).<\/p>\n<p>f\u00e4rben : Elfenbein \/ Weiss \/ Perlmutt \/ Gold<\/p>","protected":false},"featured_media":12416,"comment_status":"open","ping_status":"closed","template":"","meta":[],"product_brand":[],"product_cat":[141,155],"product_tag":[],"class_list":{"0":"post-12466","1":"product","2":"type-product","3":"status-publish","4":"has-post-thumbnail","6":"product_cat-braut-schmuck","7":"product_cat-schmetterlinge","8":"clearfix","10":"first","11":"instock","12":"taxable","13":"shipping-taxable","14":"purchasable","15":"product-type-simple"},"_links":{"self":[{"href":"https:\/\/rado-design.at\/en\/wp-json\/wp\/v2\/product\/12466","targetHints":{"allow":["GET"]}}],"collection":[{"href":"https:\/\/rado-design.at\/en\/wp-json\/wp\/v2\/product"}],"about":[{"href":"https:\/\/rado-design.at\/en\/wp-json\/wp\/v2\/types\/product"}],"replies":[{"embeddable":true,"href":"https:\/\/rado-design.at\/en\/wp-json\/wp\/v2\/comments?post=12466"}],"wp:featuredmedia":[{"embeddable":true,"href":"https:\/\/rado-design.at\/en\/wp-json\/wp\/v2\/media\/12416"}],"wp:attachment":[{"href":"https:\/\/rado-design.at\/en\/wp-json\/wp\/v2\/media?parent=12466"}],"wp:term":[{"taxonomy":"product_brand","embeddable":true,"href":"https:\/\/rado-design.at\/en\/wp-json\/wp\/v2\/product_brand?post=12466"},{"taxonomy":"product_cat","embeddable":true,"href":"https:\/\/rado-design.at\/en\/wp-json\/wp\/v2\/product_cat?post=12466"},{"taxonomy":"product_tag","embeddable":true,"href":"https:\/\/rado-design.at\/en\/wp-json\/wp\/v2\/product_tag?post=12466"}],"curies":[{"name":"wp","href":"https:\/\/api.w.org\/{rel}","templated":true}]}}