{"id":12633,"date":"2026-02-07T11:29:31","date_gmt":"2026-02-07T11:29:31","guid":{"rendered":"https:\/\/rado-design.at\/?post_type=product&#038;p=12633"},"modified":"2026-02-07T11:29:31","modified_gmt":"2026-02-07T11:29:31","slug":"ohrhaenger-fleur-klee-drops-weiss","status":"publish","type":"product","link":"https:\/\/rado-design.at\/en\/product\/ohrhaenger-fleur-klee-drops-weiss\/","title":{"rendered":"Ohrh\u00e4nger &#8220;Fleur-Klee&#8221; Drops Weiss"},"content":{"rendered":"","protected":false},"excerpt":{"rendered":"<p>Die Ohrh\u00e4nger &#8220;Fleur-Klee&#8221; besteht aus facettierten Glasperlen und feinen japanischen Miyuki-Perlen, veredelt mit Tropfen-Anh\u00e4nger aus Kunstharz. Ihren Namen hat &#8220;Fleur-Klee&#8221; aufgrund ihrer Blumen &amp; Klee-f\u00f6rmigen Form erhalten. &#8220;Fleur-Klee&#8221; wurde von mir mit viel Liebe zum Detail handgekn\u00fcpft. Der Verschluss ist aus nickelfreiem vergoldetem medizinischem Edelstahl.<\/p>\n<p>Farben : Perlmutt \u00a0\/ Weiss \/ Ivory \/ Transparent \/ Gold<\/p>\n<p>Gr\u00f6sse : 6 cm Gesamtl\u00e4nge \/ 2,5 cm Breite<\/p>","protected":false},"featured_media":12631,"comment_status":"open","ping_status":"closed","template":"","meta":[],"product_brand":[],"product_cat":[141,157],"product_tag":[],"class_list":{"0":"post-12633","1":"product","2":"type-product","3":"status-publish","4":"has-post-thumbnail","6":"product_cat-braut-schmuck","7":"product_cat-ohrhaenger-handgeknuepft","8":"clearfix","10":"first","11":"instock","12":"taxable","13":"shipping-taxable","14":"purchasable","15":"product-type-simple"},"_links":{"self":[{"href":"https:\/\/rado-design.at\/en\/wp-json\/wp\/v2\/product\/12633","targetHints":{"allow":["GET"]}}],"collection":[{"href":"https:\/\/rado-design.at\/en\/wp-json\/wp\/v2\/product"}],"about":[{"href":"https:\/\/rado-design.at\/en\/wp-json\/wp\/v2\/types\/product"}],"replies":[{"embeddable":true,"href":"https:\/\/rado-design.at\/en\/wp-json\/wp\/v2\/comments?post=12633"}],"wp:featuredmedia":[{"embeddable":true,"href":"https:\/\/rado-design.at\/en\/wp-json\/wp\/v2\/media\/12631"}],"wp:attachment":[{"href":"https:\/\/rado-design.at\/en\/wp-json\/wp\/v2\/media?parent=12633"}],"wp:term":[{"taxonomy":"product_brand","embeddable":true,"href":"https:\/\/rado-design.at\/en\/wp-json\/wp\/v2\/product_brand?post=12633"},{"taxonomy":"product_cat","embeddable":true,"href":"https:\/\/rado-design.at\/en\/wp-json\/wp\/v2\/product_cat?post=12633"},{"taxonomy":"product_tag","embeddable":true,"href":"https:\/\/rado-design.at\/en\/wp-json\/wp\/v2\/product_tag?post=12633"}],"curies":[{"name":"wp","href":"https:\/\/api.w.org\/{rel}","templated":true}]}}