{"id":2870,"date":"2022-03-08T16:40:28","date_gmt":"2022-03-08T16:40:28","guid":{"rendered":"https:\/\/rado-design.at\/?post_type=product&#038;p=2870"},"modified":"2022-11-18T17:42:01","modified_gmt":"2022-11-18T17:42:01","slug":"haarkamm-nady","status":"publish","type":"product","link":"https:\/\/rado-design.at\/en\/product\/haarkamm-nady\/","title":{"rendered":"Haarkamm &#8220;Nady&#8221;"},"content":{"rendered":"","protected":false},"excerpt":{"rendered":"<p>Haarkamm &#8220;Nady&#8221; besteht aus von mir in liebevoller Handarbeit bemalten Blumen, Bl\u00e4tter und aus facettierten Glasperlen. Die femininen Haarteile, wie &#8220;Nady&#8221; k\u00f6nnen vielf\u00e4ltig in jede Frisur nach Belieben mit oder ohne Schleier, seitlich oder in Kombination mit dem passenden Haarkranz eingearbeitet werden.<\/p>","protected":false},"featured_media":2784,"comment_status":"open","ping_status":"closed","template":"","meta":[],"product_brand":[],"product_cat":[147],"product_tag":[],"class_list":{"0":"post-2870","1":"product","2":"type-product","3":"status-publish","4":"has-post-thumbnail","6":"product_cat-haarschmuck","7":"clearfix","9":"first","10":"instock","11":"taxable","12":"shipping-taxable","13":"purchasable","14":"product-type-simple"},"_links":{"self":[{"href":"https:\/\/rado-design.at\/en\/wp-json\/wp\/v2\/product\/2870","targetHints":{"allow":["GET"]}}],"collection":[{"href":"https:\/\/rado-design.at\/en\/wp-json\/wp\/v2\/product"}],"about":[{"href":"https:\/\/rado-design.at\/en\/wp-json\/wp\/v2\/types\/product"}],"replies":[{"embeddable":true,"href":"https:\/\/rado-design.at\/en\/wp-json\/wp\/v2\/comments?post=2870"}],"wp:featuredmedia":[{"embeddable":true,"href":"https:\/\/rado-design.at\/en\/wp-json\/wp\/v2\/media\/2784"}],"wp:attachment":[{"href":"https:\/\/rado-design.at\/en\/wp-json\/wp\/v2\/media?parent=2870"}],"wp:term":[{"taxonomy":"product_brand","embeddable":true,"href":"https:\/\/rado-design.at\/en\/wp-json\/wp\/v2\/product_brand?post=2870"},{"taxonomy":"product_cat","embeddable":true,"href":"https:\/\/rado-design.at\/en\/wp-json\/wp\/v2\/product_cat?post=2870"},{"taxonomy":"product_tag","embeddable":true,"href":"https:\/\/rado-design.at\/en\/wp-json\/wp\/v2\/product_tag?post=2870"}],"curies":[{"name":"wp","href":"https:\/\/api.w.org\/{rel}","templated":true}]}}