{"id":4545,"date":"2022-10-13T15:13:32","date_gmt":"2022-10-13T15:13:32","guid":{"rendered":"https:\/\/rado-design.at\/?post_type=product&#038;p=4545"},"modified":"2023-11-11T09:56:43","modified_gmt":"2023-11-11T09:56:43","slug":"haarteil-lena","status":"publish","type":"product","link":"https:\/\/rado-design.at\/en\/product\/haarteil-lena\/","title":{"rendered":"Haarteil &#8220;Lena&#8221;"},"content":{"rendered":"","protected":false},"excerpt":{"rendered":"<p>Haarteil &#8220;Lena&#8221; besteht aus von mir mit viel Liebe handbemalten Blumen und Bl\u00e4tter, die ich mit Glasperlen kombiniert habe. Das besondere an &#8220;Lena&#8221; ist die Vielfalt an Tragem\u00f6glichkeiten. Gesamtl\u00e4nge ca. 30 cm.<\/p>","protected":false},"featured_media":4408,"comment_status":"open","ping_status":"closed","template":"","meta":[],"product_brand":[],"product_cat":[141,147],"product_tag":[],"class_list":{"0":"post-4545","1":"product","2":"type-product","3":"status-publish","4":"has-post-thumbnail","6":"product_cat-braut-schmuck","7":"product_cat-haarschmuck","8":"clearfix","10":"first","11":"instock","12":"taxable","13":"shipping-taxable","14":"purchasable","15":"product-type-simple"},"_links":{"self":[{"href":"https:\/\/rado-design.at\/en\/wp-json\/wp\/v2\/product\/4545","targetHints":{"allow":["GET"]}}],"collection":[{"href":"https:\/\/rado-design.at\/en\/wp-json\/wp\/v2\/product"}],"about":[{"href":"https:\/\/rado-design.at\/en\/wp-json\/wp\/v2\/types\/product"}],"replies":[{"embeddable":true,"href":"https:\/\/rado-design.at\/en\/wp-json\/wp\/v2\/comments?post=4545"}],"wp:featuredmedia":[{"embeddable":true,"href":"https:\/\/rado-design.at\/en\/wp-json\/wp\/v2\/media\/4408"}],"wp:attachment":[{"href":"https:\/\/rado-design.at\/en\/wp-json\/wp\/v2\/media?parent=4545"}],"wp:term":[{"taxonomy":"product_brand","embeddable":true,"href":"https:\/\/rado-design.at\/en\/wp-json\/wp\/v2\/product_brand?post=4545"},{"taxonomy":"product_cat","embeddable":true,"href":"https:\/\/rado-design.at\/en\/wp-json\/wp\/v2\/product_cat?post=4545"},{"taxonomy":"product_tag","embeddable":true,"href":"https:\/\/rado-design.at\/en\/wp-json\/wp\/v2\/product_tag?post=4545"}],"curies":[{"name":"wp","href":"https:\/\/api.w.org\/{rel}","templated":true}]}}