{"id":6573,"date":"2023-07-14T10:49:30","date_gmt":"2023-07-14T10:49:30","guid":{"rendered":"https:\/\/rado-design.at\/?post_type=product&#038;p=6573"},"modified":"2024-03-05T13:40:42","modified_gmt":"2024-03-05T13:40:42","slug":"haarreif-chloe","status":"publish","type":"product","link":"https:\/\/rado-design.at\/en\/product\/haarreif-chloe\/","title":{"rendered":"Haarreif &#8220;Chloe&#8221;"},"content":{"rendered":"","protected":false},"excerpt":{"rendered":"<p>Haarreif &#8220;Chloe&#8221; besteht aus von mir mit liebevoll handbemalten Blumen und Bl\u00e4tter, die ich mit facettierten Glasperlen kombiniert habe. Der &#8220;Chloe&#8221; Haarreif besteht aus gl\u00e4nzendem Seidensatin in Verlauf Form. Der Florale Teil wurde von mir handgen\u00e4ht. &#8220;Chloe&#8221; passt wunderbar mit den meisten zeitgem\u00e4\u00dfen Braut Outfits.<\/p>\n<p>Farbe : Blush \/ Bronze\/ Ros\u00e9gold<\/p>","protected":false},"featured_media":6514,"comment_status":"open","ping_status":"closed","template":"","meta":[],"product_brand":[],"product_cat":[141,147],"product_tag":[],"class_list":{"0":"post-6573","1":"product","2":"type-product","3":"status-publish","4":"has-post-thumbnail","6":"product_cat-braut-schmuck","7":"product_cat-haarschmuck","8":"clearfix","10":"first","11":"instock","12":"taxable","13":"shipping-taxable","14":"purchasable","15":"product-type-simple"},"_links":{"self":[{"href":"https:\/\/rado-design.at\/en\/wp-json\/wp\/v2\/product\/6573","targetHints":{"allow":["GET"]}}],"collection":[{"href":"https:\/\/rado-design.at\/en\/wp-json\/wp\/v2\/product"}],"about":[{"href":"https:\/\/rado-design.at\/en\/wp-json\/wp\/v2\/types\/product"}],"replies":[{"embeddable":true,"href":"https:\/\/rado-design.at\/en\/wp-json\/wp\/v2\/comments?post=6573"}],"wp:featuredmedia":[{"embeddable":true,"href":"https:\/\/rado-design.at\/en\/wp-json\/wp\/v2\/media\/6514"}],"wp:attachment":[{"href":"https:\/\/rado-design.at\/en\/wp-json\/wp\/v2\/media?parent=6573"}],"wp:term":[{"taxonomy":"product_brand","embeddable":true,"href":"https:\/\/rado-design.at\/en\/wp-json\/wp\/v2\/product_brand?post=6573"},{"taxonomy":"product_cat","embeddable":true,"href":"https:\/\/rado-design.at\/en\/wp-json\/wp\/v2\/product_cat?post=6573"},{"taxonomy":"product_tag","embeddable":true,"href":"https:\/\/rado-design.at\/en\/wp-json\/wp\/v2\/product_tag?post=6573"}],"curies":[{"name":"wp","href":"https:\/\/api.w.org\/{rel}","templated":true}]}}